{"id":163640,"date":"2025-12-19T12:55:52","date_gmt":"2025-12-19T09:55:52","guid":{"rendered":"https:\/\/baldumarket.lt\/product\/linate-typ-71-stolik-bialy-dab-truflowy\/"},"modified":"2026-04-06T19:20:14","modified_gmt":"2026-04-06T16:20:14","slug":"linate-typ-71-stolik-bialy-dab-truflowy","status":"publish","type":"product","link":"https:\/\/baldumarket.lt\/lt\/product\/linate-typ-71-stolik-bialy-dab-truflowy\/","title":{"rendered":"Linate TIPA 71 \u2013 Baltas\/Triufeli\u0173 \u0105\u017euolo stalas"},"content":{"rendered":"<p>Atraskite \u201eLinate TYPE 71\u201c stal\u0105 \u2013 modernaus dizaino ir auk\u0161to funkcionalumo kvintesencij\u0105. Sukurtas galvojant apie ma\u017eas erdves, jis papuo\u0161 bet kuri\u0105 svetain\u0119 ir kartu suteiks prakti\u0161k\u0105 viet\u0105 j\u016bs\u0173 m\u0117gstamiausiems daiktams laikyti. Su\u017einokite, kaip \u0161is eleganti\u0161kas baldas gali pagerinti j\u016bs\u0173 interjero i\u0161vaizd\u0105 ir poj\u016bt\u012f. Pagamintas i\u0161 tvirtos laminato plok\u0161t\u0117s ir MDF derinio, \u201eLinate TYPE 71\u201c stalas yra ne tik patvarus, bet ir esteti\u0161kai patrauklus. Eleganti\u0161kas 75 cm plotis ir 38,9 cm auk\u0161tis sukuria idealias proporcijas, puikiai papildan\u010dias moderni\u0173 nam\u0173 funkcionalum\u0105. 75,2 cm gylis suteikia steb\u0117tinai daug vietos j\u016bs\u0173 skan\u0117stams ar puodeliui aromatingos kavos, tuo pa\u010diu netrikdydamas erdv\u0117s harmonijos. \u0160ilta ir sodri triufeli\u0173 spalva puikiai dera su balta, suteikdama stalui nesenstant\u012f \u012fvaizd\u012f. \u0160ios spalvos sukuria universal\u0173 duet\u0105, kuris lengvai prisitaikys prie \u012fvairi\u0173 interjero dizain\u0173. Baltos ir nat\u016bralios spalv\u0173 palet\u0117 yra saugus pasirinkimas visiems, kurie vertina nuoseklum\u0105 ir elegancij\u0105.<\/p>","protected":false},"excerpt":{"rendered":"<p>Plotis (cm): 75<br \/>\n\u016agis (cm): 38,9<br \/>\nGylis (cm): 75,2<\/p>","protected":false},"featured_media":163641,"comment_status":"open","ping_status":"open","template":"","meta":[],"product_brand":[],"product_cat":[9486,866,4107],"product_tag":[],"class_list":{"0":"post-163640","1":"product","2":"type-product","3":"status-publish","4":"has-post-thumbnail","6":"product_cat-furniture-system-linate-wojcik-meble","7":"product_cat-coffee-tables","8":"product_cat-meble-wojcik","10":"first","11":"instock","12":"purchasable","13":"product-type-simple"},"_links":{"self":[{"href":"https:\/\/baldumarket.lt\/lt\/wp-json\/wp\/v2\/product\/163640","targetHints":{"allow":["GET"]}}],"collection":[{"href":"https:\/\/baldumarket.lt\/lt\/wp-json\/wp\/v2\/product"}],"about":[{"href":"https:\/\/baldumarket.lt\/lt\/wp-json\/wp\/v2\/types\/product"}],"replies":[{"embeddable":true,"href":"https:\/\/baldumarket.lt\/lt\/wp-json\/wp\/v2\/comments?post=163640"}],"wp:featuredmedia":[{"embeddable":true,"href":"https:\/\/baldumarket.lt\/lt\/wp-json\/wp\/v2\/media\/163641"}],"wp:attachment":[{"href":"https:\/\/baldumarket.lt\/lt\/wp-json\/wp\/v2\/media?parent=163640"}],"wp:term":[{"taxonomy":"product_brand","embeddable":true,"href":"https:\/\/baldumarket.lt\/lt\/wp-json\/wp\/v2\/product_brand?post=163640"},{"taxonomy":"product_cat","embeddable":true,"href":"https:\/\/baldumarket.lt\/lt\/wp-json\/wp\/v2\/product_cat?post=163640"},{"taxonomy":"product_tag","embeddable":true,"href":"https:\/\/baldumarket.lt\/lt\/wp-json\/wp\/v2\/product_tag?post=163640"}],"curies":[{"name":"wp","href":"https:\/\/api.w.org\/{rel}","templated":true}]}}