{"id":163634,"date":"2025-12-19T12:55:39","date_gmt":"2025-12-19T09:55:39","guid":{"rendered":"https:\/\/baldumarket.lt\/product\/linate-typ-60-polka-wiszaca-biala-dab-truflowy\/"},"modified":"2026-04-06T19:20:14","modified_gmt":"2026-04-06T16:20:14","slug":"linate-typ-60-polka-wiszaca-biala-dab-truflowy","status":"publish","type":"product","link":"https:\/\/baldumarket.lt\/lt\/product\/linate-typ-60-polka-wiszaca-biala-dab-truflowy\/","title":{"rendered":"Linate TYPE 60 \u2013 Pakabinama lentyna, balta\/trufeli\u0173 spalvos \u0105\u017euolas"},"content":{"rendered":"<p>Atskleiskite elegancij\u0105 ir modernius sprendimus su \u201eLinate TYPE 60\u201c sienine lentyna, kuri kei\u010dia daikt\u0173 laikymo tradicijas! Dviej\u0173 spalv\u0173 \u2013 baltos ir nat\u016bralaus triufeli\u0173 atspalvio \u2013 apdaila suteiks j\u016bs\u0173 namams \u0161ilumos ir harmonijos atmosfer\u0105. \u0160is lentynos modelis \u2013 tai tobulas funkcionalumo ir dizainerio patrauklumo derinys. 150 cm plo\u010dio \u201eLinate\u201c lentyna suteikia daug vietos m\u0117gstamiems daiktams, pavyzd\u017eiui, nuotrauk\u0173 r\u0117meliams, knygoms ar kelioni\u0173 suvenyrams, eksponuoti. Pagaminta i\u0161 auk\u0161tos kokyb\u0117s laminuotos plok\u0161t\u0117s ir MDF, ji garantuoja ilgalaik\u012f stabilum\u0105 ir atsparum\u0105 kasdieniam naudojimui. Ma\u017eo, 19,5 cm auk\u0161\u010dio ir 19,9 cm gylio \u201eLinate\u201c lentyna lengvai telpa bet kuriame kampe, sukurdama prakti\u0161k\u0105 ir stiling\u0105 erdv\u0119. Galimyb\u0117 pakabinti bet kokiame auk\u0161tyje leid\u017eia lengvai j\u0105 pritaikyti prie lub\u0173 auk\u0161\u010dio ar kit\u0173 bald\u0173. Be to, lentyna turi tvirtinimo sistem\u0105, leid\u017eian\u010di\u0105 saugiai pritvirtinti prie betonin\u0117s sienos.<\/p>","protected":false},"excerpt":{"rendered":"<p>Plotis (cm): 150<br \/>\n\u016agis (cm): 19,5<br \/>\nGylis (cm): 19,9<\/p>","protected":false},"featured_media":163635,"comment_status":"open","ping_status":"open","template":"","meta":[],"product_brand":[],"product_cat":[9486,1174,4107],"product_tag":[],"class_list":{"0":"post-163634","1":"product","2":"type-product","3":"status-publish","4":"has-post-thumbnail","6":"product_cat-furniture-system-linate-wojcik-meble","7":"product_cat-hanging-shelves","8":"product_cat-meble-wojcik","10":"first","11":"instock","12":"purchasable","13":"product-type-simple"},"_links":{"self":[{"href":"https:\/\/baldumarket.lt\/lt\/wp-json\/wp\/v2\/product\/163634","targetHints":{"allow":["GET"]}}],"collection":[{"href":"https:\/\/baldumarket.lt\/lt\/wp-json\/wp\/v2\/product"}],"about":[{"href":"https:\/\/baldumarket.lt\/lt\/wp-json\/wp\/v2\/types\/product"}],"replies":[{"embeddable":true,"href":"https:\/\/baldumarket.lt\/lt\/wp-json\/wp\/v2\/comments?post=163634"}],"wp:featuredmedia":[{"embeddable":true,"href":"https:\/\/baldumarket.lt\/lt\/wp-json\/wp\/v2\/media\/163635"}],"wp:attachment":[{"href":"https:\/\/baldumarket.lt\/lt\/wp-json\/wp\/v2\/media?parent=163634"}],"wp:term":[{"taxonomy":"product_brand","embeddable":true,"href":"https:\/\/baldumarket.lt\/lt\/wp-json\/wp\/v2\/product_brand?post=163634"},{"taxonomy":"product_cat","embeddable":true,"href":"https:\/\/baldumarket.lt\/lt\/wp-json\/wp\/v2\/product_cat?post=163634"},{"taxonomy":"product_tag","embeddable":true,"href":"https:\/\/baldumarket.lt\/lt\/wp-json\/wp\/v2\/product_tag?post=163634"}],"curies":[{"name":"wp","href":"https:\/\/api.w.org\/{rel}","templated":true}]}}