{"id":163628,"date":"2025-12-19T12:55:26","date_gmt":"2025-12-19T09:55:26","guid":{"rendered":"https:\/\/baldumarket.lt\/product\/linate-typ-01-witryna-lewa-3-drzwiowa-biala-dab-truflowy\/"},"modified":"2026-04-06T19:20:04","modified_gmt":"2026-04-06T16:20:04","slug":"linate-typ-01-witryna-lewa-3-drzwiowa-biala-dab-truflowy","status":"publish","type":"product","link":"https:\/\/baldumarket.lt\/lt\/product\/linate-typ-01-witryna-lewa-3-drzwiowa-biala-dab-truflowy\/","title":{"rendered":"Linate TYPE 01 \u2013 Kairin\u0117 3 dur\u0173 vitrina, balta\/triufeli\u0173 spalvos \u0105\u017euolas"},"content":{"rendered":"<p>Atraskite nesenstant\u012f \u201eLinate TYPE 01\u201c dizain\u0105, kuriame klasikin\u0117 elegancija dera su moderniais funkcionalumo ir estetikos sprendimais. \u0160i \u012fsp\u016bdinga trij\u0173 dur\u0173 vitrina yra ne tik i\u0161skirtinai prakti\u0161ka, bet ir puikiai papildys j\u016bs\u0173 interjero dizain\u0105, suteikdama jam rafinuot\u0105 charakter\u012f.<\/p>\n<p>Matmenys: plotis: 63,9 cm, auk\u0161tis: 194,5 cm, gylis: 41,9 cm, garantuoja tobul\u0105 erdv\u0117s i\u0161naudojim\u0105, nesvarbu, ar ji b\u016bt\u0173 eleganti\u0161koje svetain\u0117je, ar erdviame valgomajame. Kontrastinga baltos ir nat\u016bralaus triufelio spalv\u0173 gama suteikia kambariui harmoning\u0105 atmosfer\u0105, sujungian\u010di\u0105 vizualin\u012f gro\u017e\u012f ir \u0161ilum\u0105.<\/p>\n<p>Med\u017eiag\u0173, toki\u0173 kaip patvari laminuota plok\u0161t\u0117 ir eleganti\u0161ka MDF, derinys u\u017etikrina, kad \u0161is baldas ne tik pasi\u017eymi puikiu stabilumu, bet ir pasi\u017eymi harmoningu tekst\u016br\u0173 bei patvari\u0173 apdail\u0173 deriniu. Korpusas, pagamintas i\u0161 laminuotos med\u017eio dro\u017eli\u0173 plok\u0161t\u0117s, ir priekis, pagamintas i\u0161 MDF, u\u017etikrina tvirt\u0105 konstrukcij\u0105, atspari\u0105 kasdieniam naudojimui.<\/p>","protected":false},"excerpt":{"rendered":"<p>Plotis (cm): 63,9<br \/>\n\u016agis (cm): 194,5<br \/>\nGylis (cm): 41,9<\/p>","protected":false},"featured_media":163629,"comment_status":"open","ping_status":"open","template":"","meta":[],"product_brand":[],"product_cat":[9486,4107,2006],"product_tag":[],"class_list":{"0":"post-163628","1":"product","2":"type-product","3":"status-publish","4":"has-post-thumbnail","6":"product_cat-furniture-system-linate-wojcik-meble","7":"product_cat-meble-wojcik","8":"product_cat-vitrines","10":"first","11":"instock","12":"purchasable","13":"product-type-simple"},"_links":{"self":[{"href":"https:\/\/baldumarket.lt\/lt\/wp-json\/wp\/v2\/product\/163628","targetHints":{"allow":["GET"]}}],"collection":[{"href":"https:\/\/baldumarket.lt\/lt\/wp-json\/wp\/v2\/product"}],"about":[{"href":"https:\/\/baldumarket.lt\/lt\/wp-json\/wp\/v2\/types\/product"}],"replies":[{"embeddable":true,"href":"https:\/\/baldumarket.lt\/lt\/wp-json\/wp\/v2\/comments?post=163628"}],"wp:featuredmedia":[{"embeddable":true,"href":"https:\/\/baldumarket.lt\/lt\/wp-json\/wp\/v2\/media\/163629"}],"wp:attachment":[{"href":"https:\/\/baldumarket.lt\/lt\/wp-json\/wp\/v2\/media?parent=163628"}],"wp:term":[{"taxonomy":"product_brand","embeddable":true,"href":"https:\/\/baldumarket.lt\/lt\/wp-json\/wp\/v2\/product_brand?post=163628"},{"taxonomy":"product_cat","embeddable":true,"href":"https:\/\/baldumarket.lt\/lt\/wp-json\/wp\/v2\/product_cat?post=163628"},{"taxonomy":"product_tag","embeddable":true,"href":"https:\/\/baldumarket.lt\/lt\/wp-json\/wp\/v2\/product_tag?post=163628"}],"curies":[{"name":"wp","href":"https:\/\/api.w.org\/{rel}","templated":true}]}}