{"id":163622,"date":"2025-12-19T12:55:12","date_gmt":"2025-12-19T09:55:12","guid":{"rendered":"https:\/\/baldumarket.lt\/product\/laser-lasz02-szuflada-do-lozka-szara-czarna\/"},"modified":"2026-02-08T17:18:49","modified_gmt":"2026-02-08T14:18:49","slug":"laser-lasz02-szuflada-do-lozka-szara-czarna","status":"publish","type":"product","link":"https:\/\/baldumarket.lt\/lt\/product\/laser-lasz02-szuflada-do-lozka-szara-czarna\/","title":{"rendered":"LASER LASZ02 \u2013 pilkas\/juodas lovos stal\u010dius"},"content":{"rendered":"<p>Atraskite komfort\u0105 ir funkcionalum\u0105 viename \u2013 pristatome LASZ02 komod\u0105 \u2013 tobul\u0105 j\u016bs\u0173 interjero papildym\u0105 i\u0161 \u201eLaser\u201c kolekcijos, kuri d\u017eiugins jus prakti\u0161kumu ir minimalistiniu dizainu. \u0160i komoda puikiai der\u0117s prie modernaus j\u016bs\u0173 buto stiliaus, bus nepakei\u010diama tvarkos palaikymo priemon\u0117 ir kartu bus eleganti\u0161kas dekoratyvinis elementas. 200,5 cm plo\u010dio, 25,5 cm auk\u0161\u010dio ir 83,4 cm gylio LASZ02 komoda yra puikus pasirinkimas tiems, kurie vertina gerai apgalvotus miegamojo erdv\u0117s valdymo sprendimus. Pilki ir juodi komodos atspalviai, pasiekti naudojant auk\u0161tos kokyb\u0117s laminuot\u0105 plok\u0161t\u0119, suteiks kambariui elegancijos ir kartais reikalingo kontrasto. Patvari\u0105 ir tvirt\u0105 konstrukcij\u0105 u\u017etikrina i\u0161 laminuotos med\u017eio dro\u017eli\u0173 plok\u0161t\u0117s pagamintas korpusas ir priekin\u0117 dalis, tod\u0117l baldas tarnaus jums ilgus metus. Dekoratyvin\u0117 funkcija derinama su prakti\u0161kumu \u2013 komodoje lengvai sutalpinsite vaik\u0173 \u017eaislus, patalyn\u0119 ar drabu\u017eius, suteikdama papildomos vietos daiktams laikyti neu\u017eimant vertingos vietos.<\/p>","protected":false},"excerpt":{"rendered":"<p>Plotis (cm): 200,5<br \/>\n\u016agis (cm): 25,5<br \/>\nGylis (cm): 83,4<\/p>","protected":false},"featured_media":163623,"comment_status":"open","ping_status":"open","template":"","meta":[],"product_brand":[],"product_cat":[9460,9251,4107],"product_tag":[],"class_list":{"0":"post-163622","1":"product","2":"type-product","3":"status-publish","4":"has-post-thumbnail","6":"product_cat-furniture-system-laser-wojcik-meble","7":"product_cat-musor","8":"product_cat-meble-wojcik","10":"first","11":"instock","12":"purchasable","13":"product-type-simple"},"_links":{"self":[{"href":"https:\/\/baldumarket.lt\/lt\/wp-json\/wp\/v2\/product\/163622","targetHints":{"allow":["GET"]}}],"collection":[{"href":"https:\/\/baldumarket.lt\/lt\/wp-json\/wp\/v2\/product"}],"about":[{"href":"https:\/\/baldumarket.lt\/lt\/wp-json\/wp\/v2\/types\/product"}],"replies":[{"embeddable":true,"href":"https:\/\/baldumarket.lt\/lt\/wp-json\/wp\/v2\/comments?post=163622"}],"wp:featuredmedia":[{"embeddable":true,"href":"https:\/\/baldumarket.lt\/lt\/wp-json\/wp\/v2\/media\/163623"}],"wp:attachment":[{"href":"https:\/\/baldumarket.lt\/lt\/wp-json\/wp\/v2\/media?parent=163622"}],"wp:term":[{"taxonomy":"product_brand","embeddable":true,"href":"https:\/\/baldumarket.lt\/lt\/wp-json\/wp\/v2\/product_brand?post=163622"},{"taxonomy":"product_cat","embeddable":true,"href":"https:\/\/baldumarket.lt\/lt\/wp-json\/wp\/v2\/product_cat?post=163622"},{"taxonomy":"product_tag","embeddable":true,"href":"https:\/\/baldumarket.lt\/lt\/wp-json\/wp\/v2\/product_tag?post=163622"}],"curies":[{"name":"wp","href":"https:\/\/api.w.org\/{rel}","templated":true}]}}