{"id":163616,"date":"2025-12-19T12:54:59","date_gmt":"2025-12-19T09:54:59","guid":{"rendered":"https:\/\/baldumarket.lt\/product\/laser-lasb01b-biurko-1d2s-szare-czarne-biale-niebieskie\/"},"modified":"2026-02-08T17:18:49","modified_gmt":"2026-02-08T14:18:49","slug":"laser-lasb01b-biurko-1d2s-szare-czarne-biale-niebieskie","status":"publish","type":"product","link":"https:\/\/baldumarket.lt\/lt\/product\/laser-lasb01b-biurko-1d2s-szare-czarne-biale-niebieskie\/","title":{"rendered":"LASER LASB01B \u2013 1D2S ra\u0161omasis stalas pilkas\/juodas\/baltas\/m\u0117lynas"},"content":{"rendered":"<p>\u201eLaser LASB01B 1D2S\u201c ra\u0161omasis stalas \u2013 stiliaus ir funkcionalumo harmonija, pritaikyta j\u016bs\u0173 poreikiams! J\u016bs\u0173 nam\u0173 darbo vieta nusipelno baldo, kuris b\u016bt\u0173 ne tik prakti\u0161kas kasdieniam naudojimui, bet ir unikalus elementas, papuo\u0161iantis interjer\u0105. Paprastos formos ir modernaus dizaino \u201eLaser LASB01B 1D2S\u201c ra\u0161omasis stalas atitinka \u0161iuos reikalavimus. Unikalus dizainas, derinantis elegancij\u0105 ir prakti\u0161kum\u0105, daro \u0161\u012f stal\u0105 puikiu pasirinkimu tiek skandinavi\u0161ko stiliaus, tiek avangardinio stiliaus interjerui. Patvarios laminuotos plok\u0161t\u0117s u\u017etikrinamas stabilumas u\u017etikrina ilgalaik\u012f naudojim\u0105. Stalo matmenys \u2013 plotis 124,4 cm, auk\u0161tis 76 cm ir gylis 60,1 cm \u2013 yra idealios proporcijos, leid\u017eian\u010dios patogiai dirbti neu\u017eimant daug vietos.<\/p>","protected":false},"excerpt":{"rendered":"<p>Plotis (cm): 124,4<br \/>\n\u016agis (cm): 76<br \/>\nGylis (cm): 60,1<\/p>","protected":false},"featured_media":163617,"comment_status":"open","ping_status":"open","template":"","meta":[],"product_brand":[],"product_cat":[9460,1312,4107],"product_tag":[],"class_list":{"0":"post-163616","1":"product","2":"type-product","3":"status-publish","4":"has-post-thumbnail","6":"product_cat-furniture-system-laser-wojcik-meble","7":"product_cat-desks","8":"product_cat-meble-wojcik","10":"first","11":"instock","12":"purchasable","13":"product-type-simple"},"_links":{"self":[{"href":"https:\/\/baldumarket.lt\/lt\/wp-json\/wp\/v2\/product\/163616","targetHints":{"allow":["GET"]}}],"collection":[{"href":"https:\/\/baldumarket.lt\/lt\/wp-json\/wp\/v2\/product"}],"about":[{"href":"https:\/\/baldumarket.lt\/lt\/wp-json\/wp\/v2\/types\/product"}],"replies":[{"embeddable":true,"href":"https:\/\/baldumarket.lt\/lt\/wp-json\/wp\/v2\/comments?post=163616"}],"wp:featuredmedia":[{"embeddable":true,"href":"https:\/\/baldumarket.lt\/lt\/wp-json\/wp\/v2\/media\/163617"}],"wp:attachment":[{"href":"https:\/\/baldumarket.lt\/lt\/wp-json\/wp\/v2\/media?parent=163616"}],"wp:term":[{"taxonomy":"product_brand","embeddable":true,"href":"https:\/\/baldumarket.lt\/lt\/wp-json\/wp\/v2\/product_brand?post=163616"},{"taxonomy":"product_cat","embeddable":true,"href":"https:\/\/baldumarket.lt\/lt\/wp-json\/wp\/v2\/product_cat?post=163616"},{"taxonomy":"product_tag","embeddable":true,"href":"https:\/\/baldumarket.lt\/lt\/wp-json\/wp\/v2\/product_tag?post=163616"}],"curies":[{"name":"wp","href":"https:\/\/api.w.org\/{rel}","templated":true}]}}