{"id":163610,"date":"2025-12-19T12:54:45","date_gmt":"2025-12-19T09:54:45","guid":{"rendered":"https:\/\/baldumarket.lt\/product\/laser-lasz01c-lozko-szare-biale-czerwone\/"},"modified":"2026-04-06T18:44:36","modified_gmt":"2026-04-06T15:44:36","slug":"laser-lasz01c-lozko-szare-biale-czerwone","status":"publish","type":"product","link":"https:\/\/baldumarket.lt\/lt\/product\/laser-lasz01c-lozko-szare-biale-czerwone\/","title":{"rendered":"LASER LASZ01C \u2013 pilkas\/baltas\/raudonas lovas"},"content":{"rendered":"<p>Pristatome \u201eLaser LASZ01C\u201c \u2013 lov\u0105, kuri \u017eavi savo universalumu ir moderniu dizainu. Tai b\u016btinas pirkinys kiekvienam miegamajam, ie\u0161kan\u010diam funkcionalumo ir elegancijos derinio. Sukurta atsi\u017evelgiant \u012f \u0161iuolaikini\u0173 bald\u0173 tendencijas, ji yra keturi\u0173 klasikini\u0173 spalv\u0173: pilkos, juodos, baltos ir ry\u0161kiai raudonos. Jos matmenys \u2013 96 cm plo\u010dio, 80,5 cm auk\u0161\u010dio ir 206,1 cm gylio \u2013 tinka 90 x 200 cm \u010diu\u017einiui, idealiai tinkan\u010diam patogiam miegui. Pagaminta i\u0161 patvarios ir tvirtos laminuotos plok\u0161t\u0117s, ji u\u017etikrina ilgaam\u017ei\u0161kum\u0105 ir lengv\u0105 valym\u0105. Modern\u0173 LASZ01C lovos stili\u0173 pabr\u0117\u017eia laminuotos med\u017eio dro\u017eli\u0173 plok\u0161t\u0117s naudojimas tiek galv\u016bgalyje, tiek \u0161onuose, u\u017etikrinant vienod\u0105 ir eleganti\u0161k\u0105 i\u0161vaizd\u0105. Svarbus dekoratyvinis elementas \u2013 galimyb\u0117 prid\u0117ti juostel\u0119 vienu i\u0161 dviej\u0173 atspalvi\u0173: energingos \u010dili raudonos arba subtiliai raminan\u010dios dulk\u0117tos m\u0117lynos, kurios d\u0117ka kiekvienas gali pritaikyti lovos i\u0161vaizd\u0105 pagal savo individualius poreikius.<\/p>","protected":false},"excerpt":{"rendered":"<p>Plotis (cm): 96<br \/>\n\u016agis (cm): 80,5<br \/>\nGylis (cm): 206,1<\/p>","protected":false},"featured_media":163611,"comment_status":"open","ping_status":"open","template":"","meta":[],"product_brand":[],"product_cat":[9460,505,4107],"product_tag":[],"class_list":{"0":"post-163610","1":"product","2":"type-product","3":"status-publish","4":"has-post-thumbnail","6":"product_cat-furniture-system-laser-wojcik-meble","7":"product_cat-bedroom-beds","8":"product_cat-meble-wojcik","10":"first","11":"instock","12":"purchasable","13":"product-type-simple"},"_links":{"self":[{"href":"https:\/\/baldumarket.lt\/lt\/wp-json\/wp\/v2\/product\/163610","targetHints":{"allow":["GET"]}}],"collection":[{"href":"https:\/\/baldumarket.lt\/lt\/wp-json\/wp\/v2\/product"}],"about":[{"href":"https:\/\/baldumarket.lt\/lt\/wp-json\/wp\/v2\/types\/product"}],"replies":[{"embeddable":true,"href":"https:\/\/baldumarket.lt\/lt\/wp-json\/wp\/v2\/comments?post=163610"}],"wp:featuredmedia":[{"embeddable":true,"href":"https:\/\/baldumarket.lt\/lt\/wp-json\/wp\/v2\/media\/163611"}],"wp:attachment":[{"href":"https:\/\/baldumarket.lt\/lt\/wp-json\/wp\/v2\/media?parent=163610"}],"wp:term":[{"taxonomy":"product_brand","embeddable":true,"href":"https:\/\/baldumarket.lt\/lt\/wp-json\/wp\/v2\/product_brand?post=163610"},{"taxonomy":"product_cat","embeddable":true,"href":"https:\/\/baldumarket.lt\/lt\/wp-json\/wp\/v2\/product_cat?post=163610"},{"taxonomy":"product_tag","embeddable":true,"href":"https:\/\/baldumarket.lt\/lt\/wp-json\/wp\/v2\/product_tag?post=163610"}],"curies":[{"name":"wp","href":"https:\/\/api.w.org\/{rel}","templated":true}]}}