{"id":163604,"date":"2025-12-19T12:54:31","date_gmt":"2025-12-19T09:54:31","guid":{"rendered":"https:\/\/baldumarket.lt\/product\/laser-lasp01-polka-wiszaca-szara\/"},"modified":"2026-04-06T18:44:36","modified_gmt":"2026-04-06T15:44:36","slug":"laser-lasp01-polka-wiszaca-szara","status":"publish","type":"product","link":"https:\/\/baldumarket.lt\/lt\/product\/laser-lasp01-polka-wiszaca-szara\/","title":{"rendered":"LASER LASP01 \u2013 pilka pakabinama lentyna"},"content":{"rendered":"<p>Atraskite nepaprast\u0105 \u201eLaser LASP01\u201c lentyn\u0105 \u2013 bald\u0105, kuriame dera funkcionalumas ir modernus dizainas, puikiai tinkantis \u0161iuolaikiniam interjerui. \u0160i pilka lentyna si\u016blo ne tik erdv\u0119 daiktams susid\u0117ti, bet ir reik\u0161ming\u0105 dekoratyvin\u012f element\u0105, kuris j\u016bs\u0173 namams suteiks gaivumo ir modernumo. Pagaminta i\u0161 auk\u0161tos kokyb\u0117s laminuotos plok\u0161t\u0117s, \u201eLaser LASP01\u201c yra patvari ir lengvai pri\u017ei\u016brima, u\u017etikrinanti ilgaam\u017ei\u0161kum\u0105 ir puiki\u0105 i\u0161vaizd\u0105 ilgus metus. Lentynos pilkas atspalvis yra universali ir nesenstanti spalva, puikiai tinkanti bet kuriame kambaryje \u2013 nuo vaik\u0173 kambario iki stilingo biuro. 124,4 cm plo\u010dio, 44,2 cm auk\u0161\u010dio ir 23 cm gylio lentyna buvo kruop\u0161\u010diai sukurta taip, kad joje tilpt\u0173 visi j\u016bs\u0173 b\u016btiniausi daiktai \u2013 knygos, dokumentai, dekoracijos ar \u017eaislai. \u201eLaser LASP01\u201c lentyna si\u016blo prakti\u0161k\u0105 sprendim\u0105 tiems, kurie vertina funkcionalumo ir estetikos derin\u012f.<\/p>","protected":false},"excerpt":{"rendered":"<p>Plotis (cm): 124,4<br \/>\n\u016agis (cm): 44,2<br \/>\nGylis (cm): 23<\/p>","protected":false},"featured_media":163605,"comment_status":"open","ping_status":"open","template":"","meta":[],"product_brand":[],"product_cat":[9460,1174,4107],"product_tag":[],"class_list":{"0":"post-163604","1":"product","2":"type-product","3":"status-publish","4":"has-post-thumbnail","6":"product_cat-furniture-system-laser-wojcik-meble","7":"product_cat-hanging-shelves","8":"product_cat-meble-wojcik","10":"first","11":"instock","12":"purchasable","13":"product-type-simple"},"_links":{"self":[{"href":"https:\/\/baldumarket.lt\/lt\/wp-json\/wp\/v2\/product\/163604","targetHints":{"allow":["GET"]}}],"collection":[{"href":"https:\/\/baldumarket.lt\/lt\/wp-json\/wp\/v2\/product"}],"about":[{"href":"https:\/\/baldumarket.lt\/lt\/wp-json\/wp\/v2\/types\/product"}],"replies":[{"embeddable":true,"href":"https:\/\/baldumarket.lt\/lt\/wp-json\/wp\/v2\/comments?post=163604"}],"wp:featuredmedia":[{"embeddable":true,"href":"https:\/\/baldumarket.lt\/lt\/wp-json\/wp\/v2\/media\/163605"}],"wp:attachment":[{"href":"https:\/\/baldumarket.lt\/lt\/wp-json\/wp\/v2\/media?parent=163604"}],"wp:term":[{"taxonomy":"product_brand","embeddable":true,"href":"https:\/\/baldumarket.lt\/lt\/wp-json\/wp\/v2\/product_brand?post=163604"},{"taxonomy":"product_cat","embeddable":true,"href":"https:\/\/baldumarket.lt\/lt\/wp-json\/wp\/v2\/product_cat?post=163604"},{"taxonomy":"product_tag","embeddable":true,"href":"https:\/\/baldumarket.lt\/lt\/wp-json\/wp\/v2\/product_tag?post=163604"}],"curies":[{"name":"wp","href":"https:\/\/api.w.org\/{rel}","templated":true}]}}