{"id":163598,"date":"2025-12-19T12:54:17","date_gmt":"2025-12-19T09:54:17","guid":{"rendered":"https:\/\/baldumarket.lt\/product\/laser-lasr02b-regal-3-drzwiowy-szary-czarny-bialy-niebieski\/"},"modified":"2026-02-08T17:36:14","modified_gmt":"2026-02-08T14:36:14","slug":"laser-lasr02b-regal-3-drzwiowy-szary-czarny-bialy-niebieski","status":"publish","type":"product","link":"https:\/\/baldumarket.lt\/lt\/product\/laser-lasr02b-regal-3-drzwiowy-szary-czarny-bialy-niebieski\/","title":{"rendered":"LASER LASR02B \u2013 3 dur\u0173 knyg\u0173 lentyna pilka\/juoda\/balta\/m\u0117lyna"},"content":{"rendered":"<p>Pristatome \u201eLaser LASR02B\u201c \u2013 i\u0161skirtinai funkcionali\u0105 ir universali\u0105 3 dur\u0173 knyg\u0173 lentyn\u0105, pasi\u017eymin\u010di\u0105 esteti\u0161kai patraukliu pilkos, juodos, baltos ir m\u0117lynos spalv\u0173 deriniu. \u0160is modernus ir prakti\u0161kas baldas puikiai tiks bet kuriame kambaryje, patenkindamas \u012fvairius tiek suaugusi\u0173j\u0173, tiek vaik\u0173 poreikius. 83,7 cm plo\u010dio, 126,6 cm auk\u0161\u010dio ir 40 cm gylio knyg\u0173 lentyna pagaminta i\u0161 auk\u0161tos kokyb\u0117s laminuotos plok\u0161t\u0117s, u\u017etikrinan\u010dios patvarum\u0105 ir lengv\u0105 valym\u0105. Galima rinktis i\u0161 keturi\u0173 subtili\u0173 spalv\u0173: eleganti\u0161kos pilkos, tamsiai juodos, sniego baltumo arba ramios m\u0117lynos, tod\u0117l ji puikiai papildys bet kok\u012f interjero stili\u0173. Modernus dizainas, kur\u012f pabr\u0117\u017eia laminuotos med\u017eio dro\u017eli\u0173 plok\u0161t\u0117s naudojimas tiek korpuse, tiek fasaduose, suteikia baldams modernumo ir leid\u017eia lengvai \u012fsilieti \u012f bet koki\u0105 nam\u0173 ar biuro aplink\u0105. Tvirti pasl\u0117pti vyriai u\u017etikrina patvarum\u0105 ir patog\u0173 naudojim\u0105, o patvarios plastikin\u0117s kojel\u0117s \u2013 knyg\u0173 lentynos stabilum\u0105.<\/p>","protected":false},"excerpt":{"rendered":"<p>Plotis (cm): 83,7<br \/>\n\u016agis (cm): 126,6<br \/>\nGylis (cm): 40<\/p>","protected":false},"featured_media":163599,"comment_status":"open","ping_status":"open","template":"","meta":[],"product_brand":[],"product_cat":[9460,4107,1987],"product_tag":[],"class_list":{"0":"post-163598","1":"product","2":"type-product","3":"status-publish","4":"has-post-thumbnail","6":"product_cat-furniture-system-laser-wojcik-meble","7":"product_cat-meble-wojcik","8":"product_cat-shelving-units","10":"first","11":"instock","12":"purchasable","13":"product-type-simple"},"_links":{"self":[{"href":"https:\/\/baldumarket.lt\/lt\/wp-json\/wp\/v2\/product\/163598","targetHints":{"allow":["GET"]}}],"collection":[{"href":"https:\/\/baldumarket.lt\/lt\/wp-json\/wp\/v2\/product"}],"about":[{"href":"https:\/\/baldumarket.lt\/lt\/wp-json\/wp\/v2\/types\/product"}],"replies":[{"embeddable":true,"href":"https:\/\/baldumarket.lt\/lt\/wp-json\/wp\/v2\/comments?post=163598"}],"wp:featuredmedia":[{"embeddable":true,"href":"https:\/\/baldumarket.lt\/lt\/wp-json\/wp\/v2\/media\/163599"}],"wp:attachment":[{"href":"https:\/\/baldumarket.lt\/lt\/wp-json\/wp\/v2\/media?parent=163598"}],"wp:term":[{"taxonomy":"product_brand","embeddable":true,"href":"https:\/\/baldumarket.lt\/lt\/wp-json\/wp\/v2\/product_brand?post=163598"},{"taxonomy":"product_cat","embeddable":true,"href":"https:\/\/baldumarket.lt\/lt\/wp-json\/wp\/v2\/product_cat?post=163598"},{"taxonomy":"product_tag","embeddable":true,"href":"https:\/\/baldumarket.lt\/lt\/wp-json\/wp\/v2\/product_tag?post=163598"}],"curies":[{"name":"wp","href":"https:\/\/api.w.org\/{rel}","templated":true}]}}