{"id":163592,"date":"2025-12-19T12:54:03","date_gmt":"2025-12-19T09:54:03","guid":{"rendered":"https:\/\/baldumarket.lt\/product\/laser-lass01b-szafa-3d2s-szary-czarny-bialy-niebieski\/"},"modified":"2026-04-06T19:20:04","modified_gmt":"2026-04-06T16:20:04","slug":"laser-lass01b-szafa-3d2s-szary-czarny-bialy-niebieski","status":"publish","type":"product","link":"https:\/\/baldumarket.lt\/lt\/product\/laser-lass01b-szafa-3d2s-szary-czarny-bialy-niebieski\/","title":{"rendered":"LASER LASS01B \u2013 3D2S spinta pilka\/juoda\/balta\/m\u0117lyna"},"content":{"rendered":"<p>Sveiki atvyk\u0119 \u012f modernaus dizaino, funkcionalumo ir spalving\u0173 akcent\u0173 pasaul\u012f! Pristatome \u201eLaser LASS01B\u201c \u2013 spint\u0105, pritaikyt\u0105 modernaus interjero poreikiams. Unikalus dizainas, apjungiantis spintos ir patalyn\u0117s spintos savybes, ne tik suteikia maksimali\u0105 erdv\u0119 daiktams susid\u0117ti, bet ir suteikia j\u016bs\u0173 namams stiling\u0105 akcent\u0105. Paprastos, bet eleganti\u0161kos \u0161io baldo linijos puikiai papildo modernaus stiliaus kanon\u0105. 83,7 cm plo\u010dio, 197 cm auk\u0161\u010dio ir 54 cm gylio \u0161i spinta idealiai tinka net ir ma\u017eesn\u0117ms patalpoms, maksimaliai i\u0161naudojant turim\u0105 erdv\u0119. Pagamintas i\u0161 auk\u0161\u010diausios kokyb\u0117s laminuotos plok\u0161t\u0117s, kuri yra atspari dilimui ir lengvai valoma, \u0161is baldas tarnaus ilgus metus. Spintos korpusas ir priekin\u0117 dalis, pagaminti i\u0161 laminuotos med\u017eio dro\u017eli\u0173 plok\u0161t\u0117s, ne tik u\u017etikrina patvarum\u0105, bet ir yra patog\u016bs naudoti kasdien.<\/p>","protected":false},"excerpt":{"rendered":"<p>Plotis (cm): 83,7<br \/>\n\u016agis (cm): 197<br \/>\nGylis (cm): 54<\/p>","protected":false},"featured_media":163593,"comment_status":"open","ping_status":"open","template":"","meta":[],"product_brand":[],"product_cat":[9460,4107,1177],"product_tag":[],"class_list":{"0":"post-163592","1":"product","2":"type-product","3":"status-publish","4":"has-post-thumbnail","6":"product_cat-furniture-system-laser-wojcik-meble","7":"product_cat-meble-wojcik","8":"product_cat-wardrobes","10":"first","11":"instock","12":"purchasable","13":"product-type-simple"},"_links":{"self":[{"href":"https:\/\/baldumarket.lt\/lt\/wp-json\/wp\/v2\/product\/163592","targetHints":{"allow":["GET"]}}],"collection":[{"href":"https:\/\/baldumarket.lt\/lt\/wp-json\/wp\/v2\/product"}],"about":[{"href":"https:\/\/baldumarket.lt\/lt\/wp-json\/wp\/v2\/types\/product"}],"replies":[{"embeddable":true,"href":"https:\/\/baldumarket.lt\/lt\/wp-json\/wp\/v2\/comments?post=163592"}],"wp:featuredmedia":[{"embeddable":true,"href":"https:\/\/baldumarket.lt\/lt\/wp-json\/wp\/v2\/media\/163593"}],"wp:attachment":[{"href":"https:\/\/baldumarket.lt\/lt\/wp-json\/wp\/v2\/media?parent=163592"}],"wp:term":[{"taxonomy":"product_brand","embeddable":true,"href":"https:\/\/baldumarket.lt\/lt\/wp-json\/wp\/v2\/product_brand?post=163592"},{"taxonomy":"product_cat","embeddable":true,"href":"https:\/\/baldumarket.lt\/lt\/wp-json\/wp\/v2\/product_cat?post=163592"},{"taxonomy":"product_tag","embeddable":true,"href":"https:\/\/baldumarket.lt\/lt\/wp-json\/wp\/v2\/product_tag?post=163592"}],"curies":[{"name":"wp","href":"https:\/\/api.w.org\/{rel}","templated":true}]}}