{"id":163586,"date":"2025-12-19T12:53:49","date_gmt":"2025-12-19T09:53:49","guid":{"rendered":"https:\/\/baldumarket.lt\/product\/imperial-typ-21-szafa-narozna-2-drzwiowa-orzech\/"},"modified":"2026-04-06T19:20:04","modified_gmt":"2026-04-06T16:20:04","slug":"imperial-typ-21-szafa-narozna-2-drzwiowa-orzech","status":"publish","type":"product","link":"https:\/\/baldumarket.lt\/lt\/product\/imperial-typ-21-szafa-narozna-2-drzwiowa-orzech\/","title":{"rendered":"Imperial TYPE 21 \u2013 Dviej\u0173 dur\u0173 kampin\u0117 spinta, rie\u0161uto spalvos"},"content":{"rendered":"<p>Atraskite unikal\u0173 elegancijos ir funkcionalumo matmen\u012f su \u201eImperial TYPE 21\u201c kampine spinta. Sukurta atsi\u017evelgiant \u012f optimal\u0173 erdv\u0117s i\u0161naudojim\u0105, \u0161i dviej\u0173 dur\u0173 rie\u0161utmed\u017eio spinta yra puikus sprendimas tiems, kurie vertina klasikin\u012f gro\u017e\u012f kartu su moderniu komfortu. Jos matmenys \u2013 93 cm plo\u010dio, 195 cm auk\u0161\u010dio ir 93 cm gylio \u2013 \u012frodo, kad ji puikiai tiks net ma\u017eesn\u0117se, sud\u0117tingesn\u0117se erdv\u0117se. \u201eImperial\u201c spintos patvarum\u0105 garantuoja laminuotos med\u017eio dro\u017eli\u0173 plok\u0161t\u0117s korpusas ir priekin\u0117 dalis, pagaminti i\u0161 tos pa\u010dios tvirtos med\u017eiagos. \u0160i\u0173 komponent\u0173 kokyb\u0117 u\u017etikrina atsparum\u0105 kasdieniam naudojimui, \u012fbr\u0117\u017eimams, pa\u017eeidimams, taip pat dr\u0117gmei ir auk\u0161tai temperat\u016brai. Gra\u017ei nat\u016brali rie\u0161utmed\u017eio apdaila suteikia interjerui \u0161ilt\u0105 ir jauk\u0173 charakter\u012f, kartu prid\u0117dama prabangos. Spintoje yra ak\u012f traukianti detal\u0117 \u2013 dekoratyviniai MDF lipdiniai. \u0160ie lipdiniai d\u0117l savo subtili\u0173, apvali\u0173 form\u0173 suteikia baldui subtilios elegancijos. Prakti\u0161kos, sidabrin\u0117s plastikin\u0117s rankenos ne tik gra\u017eiai papildo tamsi\u0105 spintos spalv\u0105, bet ir yra patogios naudoti, tod\u0117l kasdien lengviau pasiekti laikomus daiktus.<\/p>","protected":false},"excerpt":{"rendered":"<p>Plotis (cm): 93<br \/>\n\u016agis (cm): 195<br \/>\nGylis (cm): 93<\/p>","protected":false},"featured_media":163587,"comment_status":"open","ping_status":"open","template":"","meta":[],"product_brand":[],"product_cat":[9484,4107,1177],"product_tag":[],"class_list":{"0":"post-163586","1":"product","2":"type-product","3":"status-publish","4":"has-post-thumbnail","6":"product_cat-furniture-system-imperial-wojcik-meble","7":"product_cat-meble-wojcik","8":"product_cat-wardrobes","10":"first","11":"instock","12":"purchasable","13":"product-type-simple"},"_links":{"self":[{"href":"https:\/\/baldumarket.lt\/lt\/wp-json\/wp\/v2\/product\/163586","targetHints":{"allow":["GET"]}}],"collection":[{"href":"https:\/\/baldumarket.lt\/lt\/wp-json\/wp\/v2\/product"}],"about":[{"href":"https:\/\/baldumarket.lt\/lt\/wp-json\/wp\/v2\/types\/product"}],"replies":[{"embeddable":true,"href":"https:\/\/baldumarket.lt\/lt\/wp-json\/wp\/v2\/comments?post=163586"}],"wp:featuredmedia":[{"embeddable":true,"href":"https:\/\/baldumarket.lt\/lt\/wp-json\/wp\/v2\/media\/163587"}],"wp:attachment":[{"href":"https:\/\/baldumarket.lt\/lt\/wp-json\/wp\/v2\/media?parent=163586"}],"wp:term":[{"taxonomy":"product_brand","embeddable":true,"href":"https:\/\/baldumarket.lt\/lt\/wp-json\/wp\/v2\/product_brand?post=163586"},{"taxonomy":"product_cat","embeddable":true,"href":"https:\/\/baldumarket.lt\/lt\/wp-json\/wp\/v2\/product_cat?post=163586"},{"taxonomy":"product_tag","embeddable":true,"href":"https:\/\/baldumarket.lt\/lt\/wp-json\/wp\/v2\/product_tag?post=163586"}],"curies":[{"name":"wp","href":"https:\/\/api.w.org\/{rel}","templated":true}]}}