{"id":163580,"date":"2025-12-19T12:53:36","date_gmt":"2025-12-19T09:53:36","guid":{"rendered":"https:\/\/baldumarket.lt\/product\/imperial-typ-61-polka-wiszaca-orzech\/"},"modified":"2026-04-06T19:20:04","modified_gmt":"2026-04-06T16:20:04","slug":"imperial-typ-61-polka-wiszaca-orzech","status":"publish","type":"product","link":"https:\/\/baldumarket.lt\/lt\/product\/imperial-typ-61-polka-wiszaca-orzech\/","title":{"rendered":"Imperial TYPE 61 \u2013 Pakabinama lentyna i\u0161 rie\u0161utmed\u017eio"},"content":{"rendered":"<p>Atraskite vis\u0105 \u201eImperial TYPE 61\u201c sienin\u0117s lentynos elegancij\u0105 ir funkcionalum\u0105, sukurt\u0105 rafinuotiems interjerams, vertinantiems klasikin\u0119 estetik\u0105 ir prakti\u0161kus sprendimus. D\u0117l \u012fsp\u016bdingo 140 cm plo\u010dio, 36 cm auk\u0161\u010dio ir 29,5 cm gylio \u0161ioje lentynoje lengvai tilps j\u016bs\u0173 m\u0117gstamiausios knygos, kompaktiniai diskai ir dekoratyviniai daiktai, o rie\u0161utmed\u017eio spalva suteiks j\u016bs\u0173 interjerui \u0161ilumos. Pagaminta i\u0161 patvarios ir ilgaam\u017e\u0117s laminuotos plok\u0161t\u0117s ir MDF, \u201eImperial\u201c lentyna garantuoja atsparum\u0105 kasdieniam naudojimui. \u0160ios med\u017eiagos yra labai atsparios \u012fbr\u0117\u017eimams, pa\u017eeidimams, dr\u0117gmei ir auk\u0161tai temperat\u016brai, tod\u0117l lentyna tarnaus jums nepriekai\u0161tingos b\u016bkl\u0117s ilgus metus. Nat\u016brali spalva ir kruop\u0161\u010diai pagamintos detal\u0117s pabr\u0117\u0161 bet kurio kambario presti\u017ein\u0119 i\u0161vaizd\u0105. Klasikinis \u0161io baldo stilius yra nesenstan\u010dio elegancijos sinonimas, ir \u201eImperial\u201c lentyna tikrai atitiks \u0161i\u0105 tendencij\u0105. Laminuotos med\u017eio dro\u017eli\u0173 plok\u0161t\u0117s korpusas derina patvarum\u0105 ir estetik\u0105, o \u0161velniai suapvalintos dekoratyvin\u0117s juostel\u0117s, pagamintos i\u0161 MDF, suteikia subtilumo ir i\u0161rai\u0161king\u0173 linij\u0173.<\/p>","protected":false},"excerpt":{"rendered":"<p>Plotis (cm): 140<br \/>\n\u016agis (cm): 36<br \/>\nGylis (cm): 29,5<\/p>","protected":false},"featured_media":163581,"comment_status":"open","ping_status":"open","template":"","meta":[],"product_brand":[],"product_cat":[9484,1174,4107],"product_tag":[],"class_list":{"0":"post-163580","1":"product","2":"type-product","3":"status-publish","4":"has-post-thumbnail","6":"product_cat-furniture-system-imperial-wojcik-meble","7":"product_cat-hanging-shelves","8":"product_cat-meble-wojcik","10":"first","11":"instock","12":"purchasable","13":"product-type-simple"},"_links":{"self":[{"href":"https:\/\/baldumarket.lt\/lt\/wp-json\/wp\/v2\/product\/163580","targetHints":{"allow":["GET"]}}],"collection":[{"href":"https:\/\/baldumarket.lt\/lt\/wp-json\/wp\/v2\/product"}],"about":[{"href":"https:\/\/baldumarket.lt\/lt\/wp-json\/wp\/v2\/types\/product"}],"replies":[{"embeddable":true,"href":"https:\/\/baldumarket.lt\/lt\/wp-json\/wp\/v2\/comments?post=163580"}],"wp:featuredmedia":[{"embeddable":true,"href":"https:\/\/baldumarket.lt\/lt\/wp-json\/wp\/v2\/media\/163581"}],"wp:attachment":[{"href":"https:\/\/baldumarket.lt\/lt\/wp-json\/wp\/v2\/media?parent=163580"}],"wp:term":[{"taxonomy":"product_brand","embeddable":true,"href":"https:\/\/baldumarket.lt\/lt\/wp-json\/wp\/v2\/product_brand?post=163580"},{"taxonomy":"product_cat","embeddable":true,"href":"https:\/\/baldumarket.lt\/lt\/wp-json\/wp\/v2\/product_cat?post=163580"},{"taxonomy":"product_tag","embeddable":true,"href":"https:\/\/baldumarket.lt\/lt\/wp-json\/wp\/v2\/product_tag?post=163580"}],"curies":[{"name":"wp","href":"https:\/\/api.w.org\/{rel}","templated":true}]}}