{"id":163574,"date":"2025-12-19T12:53:22","date_gmt":"2025-12-19T09:53:22","guid":{"rendered":"https:\/\/baldumarket.lt\/product\/imperial-typ-11-regal-2s-orzech\/"},"modified":"2026-04-06T19:20:04","modified_gmt":"2026-04-06T16:20:04","slug":"imperial-typ-11-regal-2s-orzech","status":"publish","type":"product","link":"https:\/\/baldumarket.lt\/lt\/product\/imperial-typ-11-regal-2s-orzech\/","title":{"rendered":"Imperial TYPE 11 \u2013 2S rie\u0161utmed\u017eio lentyna"},"content":{"rendered":"<p>Atraskite tobul\u0105 elegancijos ir funkcionalumo harmonij\u0105 su \u201eImperial TYPE 11 \u2013 2S Walnut\u201c knyg\u0173 lentyna. \u0160i unikali lentyna taps ne tik prakti\u0161ku, bet ir rafinuotu j\u016bs\u0173 nam\u0173 interjero papildymu. Tur\u0117dama daug vietos daiktams laikyti, suteikite savo knygoms, dekoracijoms ir dokumentams eleganti\u0161k\u0105 viet\u0105, kur jie visada bus po ranka. \u201eImperial TYPE 11\u201c pasi\u017eymi klasikiniu stiliumi, kuris puikiai tiks \u012fvairiose aplinkose \u2013 nuo moderni\u0173 erdvi\u0173 iki tradici\u0161kesni\u0173 ir eleganti\u0161kesni\u0173 svetaini\u0173. Tvirta konstrukcija, kurios plotis \u2013 50 cm, auk\u0161tis \u2013 195 cm, o gylis \u2013 37,8 cm, garantuoja ne tik eleganti\u0161k\u0105 dizain\u0105, bet ir ilgaam\u017ei\u0161kum\u0105. Rie\u0161utmed\u017eio spalva \u2013 tai nesenstantis pasirinkimas tiems, kurie vertina nat\u016brali\u0173 atspalvi\u0173 \u0161ilum\u0105 savo nam\u0173 jaukumoje. Knyg\u0173 lentynos korpusas ir priekis pagaminti i\u0161 patvarios laminuotos med\u017eio dro\u017eli\u0173 plok\u0161t\u0117s, kuri yra atspari \u012fprastiems pa\u017eeidimams, tokiems kaip \u012fbr\u0117\u017eimai, dr\u0117gm\u0117 ir auk\u0161ta temperat\u016bra. Tai u\u017etikrina, kad \u201eImperial TYPE 11\u201c ilgai atrodys \u012fsp\u016bdingai, net ir intensyviai naudojant.<\/p>","protected":false},"excerpt":{"rendered":"<p>Plotis (cm): 50<br \/>\n\u016agis (cm): 195<br \/>\nGylis (cm): 37,8<\/p>","protected":false},"featured_media":163575,"comment_status":"open","ping_status":"open","template":"","meta":[],"product_brand":[],"product_cat":[9484,4107,1987],"product_tag":[],"class_list":{"0":"post-163574","1":"product","2":"type-product","3":"status-publish","4":"has-post-thumbnail","6":"product_cat-furniture-system-imperial-wojcik-meble","7":"product_cat-meble-wojcik","8":"product_cat-shelving-units","10":"first","11":"instock","12":"purchasable","13":"product-type-simple"},"_links":{"self":[{"href":"https:\/\/baldumarket.lt\/lt\/wp-json\/wp\/v2\/product\/163574","targetHints":{"allow":["GET"]}}],"collection":[{"href":"https:\/\/baldumarket.lt\/lt\/wp-json\/wp\/v2\/product"}],"about":[{"href":"https:\/\/baldumarket.lt\/lt\/wp-json\/wp\/v2\/types\/product"}],"replies":[{"embeddable":true,"href":"https:\/\/baldumarket.lt\/lt\/wp-json\/wp\/v2\/comments?post=163574"}],"wp:featuredmedia":[{"embeddable":true,"href":"https:\/\/baldumarket.lt\/lt\/wp-json\/wp\/v2\/media\/163575"}],"wp:attachment":[{"href":"https:\/\/baldumarket.lt\/lt\/wp-json\/wp\/v2\/media?parent=163574"}],"wp:term":[{"taxonomy":"product_brand","embeddable":true,"href":"https:\/\/baldumarket.lt\/lt\/wp-json\/wp\/v2\/product_brand?post=163574"},{"taxonomy":"product_cat","embeddable":true,"href":"https:\/\/baldumarket.lt\/lt\/wp-json\/wp\/v2\/product_cat?post=163574"},{"taxonomy":"product_tag","embeddable":true,"href":"https:\/\/baldumarket.lt\/lt\/wp-json\/wp\/v2\/product_tag?post=163574"}],"curies":[{"name":"wp","href":"https:\/\/api.w.org\/{rel}","templated":true}]}}