{"id":163568,"date":"2025-12-19T12:53:08","date_gmt":"2025-12-19T09:53:08","guid":{"rendered":"https:\/\/baldumarket.lt\/product\/imperial-typ-71-stolik-orzech\/"},"modified":"2026-04-06T19:20:04","modified_gmt":"2026-04-06T16:20:04","slug":"imperial-typ-71-stolik-orzech","status":"publish","type":"product","link":"https:\/\/baldumarket.lt\/lt\/product\/imperial-typ-71-stolik-orzech\/","title":{"rendered":"Imperial TIPA 71 \u2013 Rie\u0161utmed\u017eio stalas"},"content":{"rendered":"<p>Atraskite klasikin\u0117s elegancijos tobulum\u0105 su \u201eImperial TYPE 71\u201c stalu \u2013 rafinuoto dizaino ir prakti\u0161kumo kvintesencija. Kaip stalas ir kavos staliukas, jis puikiai tinka tiek jaukiems studijos tipo apartamentams, tiek erdvioms svetain\u0117ms, suteikdamas charakterio ir funkcionalumo. D\u017eiaugiam\u0117s gal\u0117dami pristatyti \u0161\u012f 110 cm plo\u010dio, 43 cm auk\u0161\u010dio ir 67 cm gylio stal\u0105. Jo rie\u0161uto spalva \u017eavi nat\u016bralia spalva ir \u0161iltu atspalviu, suteikdama bet kokiam interjerui rafinuotumo ir jaukumo. Pagamintas i\u0161 auk\u0161\u010diausios kokyb\u0117s laminuotos plok\u0161t\u0117s, jis u\u017etikrina ne tik estetin\u012f patrauklum\u0105, bet ir ilgaam\u017ei\u0161kum\u0105. \u201eImperial TYPE 71\u201c stalas yra baldas, atitinkantis \u0161iuolaikinius jo naudotoj\u0173 poreikius. Jo laminuotos med\u017eio dro\u017eli\u0173 plok\u0161t\u0117s stalvir\u0161is kartu su ta pa\u010dia technologija pagamintais r\u0117mo elementais ir kojel\u0117mis garantuoja ilgaam\u017ei\u0161kum\u0105 ir atsparum\u0105 kasdieniams veiksniams, tokiems kaip \u012fbr\u0117\u017eimai, dr\u0117gm\u0117 ir auk\u0161ta temperat\u016bra.<\/p>","protected":false},"excerpt":{"rendered":"<p>Plotis (cm): 110<br \/>\n\u016agis (cm): 43<br \/>\nGylis (cm): 67<\/p>","protected":false},"featured_media":163569,"comment_status":"open","ping_status":"open","template":"","meta":[],"product_brand":[],"product_cat":[9484,866,4107],"product_tag":[],"class_list":{"0":"post-163568","1":"product","2":"type-product","3":"status-publish","4":"has-post-thumbnail","6":"product_cat-furniture-system-imperial-wojcik-meble","7":"product_cat-coffee-tables","8":"product_cat-meble-wojcik","10":"first","11":"instock","12":"purchasable","13":"product-type-simple"},"_links":{"self":[{"href":"https:\/\/baldumarket.lt\/lt\/wp-json\/wp\/v2\/product\/163568","targetHints":{"allow":["GET"]}}],"collection":[{"href":"https:\/\/baldumarket.lt\/lt\/wp-json\/wp\/v2\/product"}],"about":[{"href":"https:\/\/baldumarket.lt\/lt\/wp-json\/wp\/v2\/types\/product"}],"replies":[{"embeddable":true,"href":"https:\/\/baldumarket.lt\/lt\/wp-json\/wp\/v2\/comments?post=163568"}],"wp:featuredmedia":[{"embeddable":true,"href":"https:\/\/baldumarket.lt\/lt\/wp-json\/wp\/v2\/media\/163569"}],"wp:attachment":[{"href":"https:\/\/baldumarket.lt\/lt\/wp-json\/wp\/v2\/media?parent=163568"}],"wp:term":[{"taxonomy":"product_brand","embeddable":true,"href":"https:\/\/baldumarket.lt\/lt\/wp-json\/wp\/v2\/product_brand?post=163568"},{"taxonomy":"product_cat","embeddable":true,"href":"https:\/\/baldumarket.lt\/lt\/wp-json\/wp\/v2\/product_cat?post=163568"},{"taxonomy":"product_tag","embeddable":true,"href":"https:\/\/baldumarket.lt\/lt\/wp-json\/wp\/v2\/product_tag?post=163568"}],"curies":[{"name":"wp","href":"https:\/\/api.w.org\/{rel}","templated":true}]}}