{"id":163564,"date":"2025-12-19T12:53:00","date_gmt":"2025-12-19T09:53:00","guid":{"rendered":"https:\/\/baldumarket.lt\/product\/hola-holg09-szafa-biala-dab-wotan\/"},"modified":"2026-04-06T19:20:04","modified_gmt":"2026-04-06T16:20:04","slug":"hola-holg09-szafa-biala-dab-wotan","status":"publish","type":"product","link":"https:\/\/baldumarket.lt\/lt\/product\/hola-holg09-szafa-biala-dab-wotan\/","title":{"rendered":"Hola HOLG09 Drabu\u017ein\u0117, balta\/Wotan \u0105\u017euolas"},"content":{"rendered":"<p>J\u016bs\u0173 prie\u0161kambaris nusipelno ypatingos aplinkos \u2013 atraskite \u201eHola HOLG09\u201c spint\u0105 baltos\/Wotan \u0105\u017euolo spalvos \u2013 bald\u0105, kuriame dera elegancija, modernumas ir neprilygstamas funkcionalumas. \u0160i vien\u0173 dur\u0173 spinta, paprastumo ir minimalizmo kvintesencija, puikiai tiks tiek ma\u017eose, tiek didesn\u0117se erdv\u0117se, suteikdama gaivumo ir harmonijos.<\/p>\n<p>Pagaminta i\u0161 auk\u0161\u010diausios kokyb\u0117s med\u017eiag\u0173, toki\u0173 kaip laminuota plok\u0161t\u0117 ir MDF, \u201eHola HOLG09\u201c spinta u\u017etikrina didel\u012f patvarum\u0105 ir ilgaam\u017ei\u0161kum\u0105. Alpi\u0173 baltumo korpusas ir priekin\u0117 dalis, derinanti balt\u0105 blizges\u012f su subtiliu nat\u016bralaus Wotano \u0105\u017euolo atspalviu, sukuria klasikin\u0119 elegancij\u0105, kuri skland\u017eiai \u012fsilies \u012f bet kok\u012f interjero dizain\u0105.<\/p>\n<p>Spintel\u0117 sukurta taupant viet\u0105, o kompakti\u0161ki matmenys: 50 cm plo\u010dio, 198,5 cm auk\u0161\u010dio ir 33,5 cm gylio, leid\u017eia jai tilpti net ir ma\u017euose koridoriuose ar koridoriuose. Nuostabu tai, kad nepaisant riboto dyd\u017eio, spintos vidus suprojektuotas taip, kad b\u016bt\u0173 u\u017etikrintas maksimalus funkcionalumas. I\u0161traukiama pakaba leid\u017eia patogiai laikyti vir\u0161utinius drabu\u017eius, o papildomos lentynos skirtos kitiems drabu\u017ei\u0173 spintos daiktams ir aksesuarams.<\/p>\n<p>Puikus bruo\u017eas \u2013 didelis, veidrodinis dur\u0173 priekio pavir\u0161ius, kuris ne tik labai prakti\u0161kas, bet ir vizualiai padidina kambar\u012f, tod\u0117l jis tampa \u0161viesesnis ir erdvesnis. Plastikin\u0117s rankenos, pasl\u0117pti vyriai ir i\u0161 tos pa\u010dios med\u017eiagos pagamintos kojel\u0117s pabr\u0117\u017eia modern\u0173 bald\u0173 charakter\u012f, kartu u\u017etikrindamos j\u0173 stabilum\u0105 ir tvirt\u0105 surinkim\u0105.<\/p>\n<p>Metalin\u0117s pakabos leid\u017eia patogiai pakabinti drabu\u017eius, teikiant pirmenyb\u0119 funkcionalumui ir kasdieniam komfortui. \u0160i ypa\u010d esteti\u0161ka spinta si\u016blo ne tik prakti\u0161k\u0105 daikt\u0173 laikymo viet\u0105, bet ir visavert\u012f dekoratyvin\u012f element\u0105, kuris i\u0161siskirs bet kuriame moderniame prie\u0161kambaryje. Atraskite \u201eHola HOLG09 White\/Wotan Oak\u201c spint\u0105 \u2013 bald\u0105, kuris s\u0117kmingai sujungia paprastumo gro\u017e\u012f ir prakti\u0161kum\u0105 j\u016bs\u0173 namuose, suteikdamas erdv\u0117s, tvarkos ir stiliaus viename. Pasir\u016bpinkite savo interjeru ir m\u0117gaukit\u0117s kasdieniu komfortu su spinta, kuri sutvarko erdv\u0119 ir d\u017eiugina unikaliu dizainu.<\/p>","protected":false},"excerpt":{"rendered":"<p>Plotis (cm): 50<br \/>\n\u016agis (cm): 198,5<br \/>\nGylis (cm): 33,5<\/p>","protected":false},"featured_media":163565,"comment_status":"open","ping_status":"open","template":"","meta":[],"product_brand":[],"product_cat":[9483,4107,1177],"product_tag":[],"class_list":{"0":"post-163564","1":"product","2":"type-product","3":"status-publish","4":"has-post-thumbnail","6":"product_cat-furniture-system-hola-wojcik-meble","7":"product_cat-meble-wojcik","8":"product_cat-wardrobes","10":"first","11":"instock","12":"purchasable","13":"product-type-simple"},"_links":{"self":[{"href":"https:\/\/baldumarket.lt\/lt\/wp-json\/wp\/v2\/product\/163564","targetHints":{"allow":["GET"]}}],"collection":[{"href":"https:\/\/baldumarket.lt\/lt\/wp-json\/wp\/v2\/product"}],"about":[{"href":"https:\/\/baldumarket.lt\/lt\/wp-json\/wp\/v2\/types\/product"}],"replies":[{"embeddable":true,"href":"https:\/\/baldumarket.lt\/lt\/wp-json\/wp\/v2\/comments?post=163564"}],"wp:featuredmedia":[{"embeddable":true,"href":"https:\/\/baldumarket.lt\/lt\/wp-json\/wp\/v2\/media\/163565"}],"wp:attachment":[{"href":"https:\/\/baldumarket.lt\/lt\/wp-json\/wp\/v2\/media?parent=163564"}],"wp:term":[{"taxonomy":"product_brand","embeddable":true,"href":"https:\/\/baldumarket.lt\/lt\/wp-json\/wp\/v2\/product_brand?post=163564"},{"taxonomy":"product_cat","embeddable":true,"href":"https:\/\/baldumarket.lt\/lt\/wp-json\/wp\/v2\/product_cat?post=163564"},{"taxonomy":"product_tag","embeddable":true,"href":"https:\/\/baldumarket.lt\/lt\/wp-json\/wp\/v2\/product_tag?post=163564"}],"curies":[{"name":"wp","href":"https:\/\/api.w.org\/{rel}","templated":true}]}}