{"id":163560,"date":"2025-12-19T12:52:52","date_gmt":"2025-12-19T09:52:52","guid":{"rendered":"https:\/\/baldumarket.lt\/product\/hola-holg05-komoda-lawka-biala-dab-wotan\/"},"modified":"2026-04-06T19:20:04","modified_gmt":"2026-04-06T16:20:04","slug":"hola-holg05-komoda-lawka-biala-dab-wotan","status":"publish","type":"product","link":"https:\/\/baldumarket.lt\/lt\/product\/hola-holg05-komoda-lawka-biala-dab-wotan\/","title":{"rendered":"Hola HOLG05 \u2013 Komoda-suoliukas, balta\/Wotan \u0105\u017euolas"},"content":{"rendered":"<p>Pristatome \u201eHola HOLG05 \u2013 baltos\/Wotan \u0105\u017euolo spalvos komod\u0105\/suoliukus\u201c \u2013 bald\u0105, kuris pakeis j\u016bs\u0173 prie\u0161kambario charakter\u012f. D\u0117l idealiai pritaikyt\u0173 matmen\u0173 (90 cm plo\u010dio, 40 cm auk\u0161\u010dio, 33,5 cm gylio) jis puikiai tiks tiek ma\u017euose, tiek dideliuose interjeruose. M\u016bs\u0173 komoda\/suoliukai, pasi\u017eymintys funkcionalumu ir estetiniu patrauklumu, yra daugiau nei tiesiog baldas \u2013 tai rafinuota detal\u0117, kuri pagerins j\u016bs\u0173 kasdienyb\u0119.<\/p>\n<p>Pagaminta i\u0161 laminuotos plok\u0161t\u0117s ir MDF, \u0161i komoda\/suoliukai yra modernumo ir patvarumo sinonimas. Laminuotos med\u017eio dro\u017eli\u0173 plok\u0161t\u0117s korpusas ir med\u017eio dro\u017eli\u0173 bei MDF fasadas garantuoja, kad baldas tarnaus ilgus metus, i\u0161laikydamas tobul\u0105 form\u0105. Ry\u0161kus baltos spalvos ir \u0161ilto Wotan \u0105\u017euolo atspalvio kontrastas suteikia dizainui subtilios elegancijos, papildan\u010dios tiek modernias, tiek skandinavi\u0161kas erdves.<\/p>\n<p>Kurdami komod\u0105\/suoliuk\u0105, mes sutelk\u0117me d\u0117mes\u012f ne tik \u012f estetik\u0105, bet ir \u012f prakti\u0161kum\u0105. \u0160i dvidur\u0117 komoda su erdviomis lentynomis yra puiki vieta laikyti batus. Jos organizacinis vaidmuo sukuria tvarking\u0105 erdv\u0119 prie\u0161kambaryje, kur batai visada yra po ranka, paruo\u0161ti greitam i\u0161\u0117jimui. Be to, klasikin\u0117 balta blizgi fasad\u0173 apdaila suteikia interjerui \u0161viesos ir jaukumo.<\/p>\n<p>Plastikin\u0117s rankenos, pasl\u0117pti vyriai ir plastikin\u0117s kojel\u0117s u\u017etikrina paprast\u0105 naudojim\u0105 ir stabilum\u0105. Kartu su lengvai valoma med\u017eiaga tai daro m\u016bs\u0173 komod\u0105\/suol\u0105 ne tik prakti\u0161k\u0105, bet ir i\u0161skirtinai patog\u0173.<\/p>\n<p>I\u0161sirinkite \u201eHola HOLG05\u201c komod\u0105\/suoliuk\u0105 ir atraskite, kokie stilingi ir funkcional\u016bs gali b\u016bti prie\u0161kambario baldai. Tegul kiekvienas \u012f\u0117jimas \u012f j\u016bs\u0173 namus b\u016bna patogus ir eleganti\u0161kas, o kiekvienas \u017evilgsnis \u012f \u0161\u012f bald\u0105 sukels pasitenkinimo jausm\u0105 puikiu pasirinkimu.<\/p>","protected":false},"excerpt":{"rendered":"<p>Plotis (cm): 90<br \/>\n\u016agis (cm): 40<br \/>\nGylis (cm): 33,5<\/p>","protected":false},"featured_media":163561,"comment_status":"open","ping_status":"open","template":"","meta":[],"product_brand":[],"product_cat":[9483,4107,1997],"product_tag":[],"class_list":{"0":"post-163560","1":"product","2":"type-product","3":"status-publish","4":"has-post-thumbnail","6":"product_cat-furniture-system-hola-wojcik-meble","7":"product_cat-meble-wojcik","8":"product_cat-shoe-cabinets","10":"first","11":"instock","12":"purchasable","13":"product-type-simple"},"_links":{"self":[{"href":"https:\/\/baldumarket.lt\/lt\/wp-json\/wp\/v2\/product\/163560","targetHints":{"allow":["GET"]}}],"collection":[{"href":"https:\/\/baldumarket.lt\/lt\/wp-json\/wp\/v2\/product"}],"about":[{"href":"https:\/\/baldumarket.lt\/lt\/wp-json\/wp\/v2\/types\/product"}],"replies":[{"embeddable":true,"href":"https:\/\/baldumarket.lt\/lt\/wp-json\/wp\/v2\/comments?post=163560"}],"wp:featuredmedia":[{"embeddable":true,"href":"https:\/\/baldumarket.lt\/lt\/wp-json\/wp\/v2\/media\/163561"}],"wp:attachment":[{"href":"https:\/\/baldumarket.lt\/lt\/wp-json\/wp\/v2\/media?parent=163560"}],"wp:term":[{"taxonomy":"product_brand","embeddable":true,"href":"https:\/\/baldumarket.lt\/lt\/wp-json\/wp\/v2\/product_brand?post=163560"},{"taxonomy":"product_cat","embeddable":true,"href":"https:\/\/baldumarket.lt\/lt\/wp-json\/wp\/v2\/product_cat?post=163560"},{"taxonomy":"product_tag","embeddable":true,"href":"https:\/\/baldumarket.lt\/lt\/wp-json\/wp\/v2\/product_tag?post=163560"}],"curies":[{"name":"wp","href":"https:\/\/api.w.org\/{rel}","templated":true}]}}