{"id":163556,"date":"2025-12-19T12:52:44","date_gmt":"2025-12-19T09:52:44","guid":{"rendered":"https:\/\/baldumarket.lt\/product\/hola-holg02-polka-wiszaca-bialy-dab-wotan\/"},"modified":"2026-04-06T19:19:51","modified_gmt":"2026-04-06T16:19:51","slug":"hola-holg02-polka-wiszaca-bialy-dab-wotan","status":"publish","type":"product","link":"https:\/\/baldumarket.lt\/lt\/product\/hola-holg02-polka-wiszaca-bialy-dab-wotan\/","title":{"rendered":"Hola HOLG02 \u2013 Pakabinama lentyna, balta\/Wotan \u0105\u017euolas"},"content":{"rendered":"<p>Norite savo namus paversti tvarkos ir harmonijos oaze, kur modernus stilius dera su funkcionalumu? \u201eHola HOLG02\u201c baltos\/Wotano \u0105\u017euolo spalvos plok\u0161t\u0117 \u2013 tai baldas, kuris atitiks \u0161iuos l\u016bkes\u010dius ir bus patikimas s\u0105jungininkas organizuojant j\u016bs\u0173 erdv\u0119. Tarp minimalistini\u0173 lentyn\u0173 \u0161is modelis i\u0161siskiria unikaliu elegancijos ir prakti\u0161kumo deriniu.<br \/>\nPagaminta i\u0161 auk\u0161tos kokyb\u0117s laminuotos plok\u0161t\u0117s, \u201eHola HOLG02\u201c plok\u0161t\u0117 patraukia ak\u012f harmoningu Alpi\u0173 baltumo ir \u0161iltos Wotano \u0105\u017euolo tekst\u016bros deriniu, suteikian\u010diu interjerui unikal\u0173, modern\u0173 charakter\u012f. Ji pasi\u017eymi ne tik estetika, bet ir ilgaam\u017ei\u0161kumu d\u0117l laminuotos med\u017eio dro\u017eli\u0173 plok\u0161t\u0117s, kuri yra atspari kasdieniam naudojimui ir lengvai pri\u017ei\u016brima.<br \/>\nEsteti\u0161k\u0105 ir funkcional\u0173 lentynos dizain\u0105 papildo patogus pakabos b\u0117gelis, pagamintas i\u0161 plastiko ir metalo derinio, tod\u0117l jis idealiai tinka paltams laikyti. Minimalistinis, ta\u010diau tvirtas penki\u0173 kabliuk\u0173 dizainas u\u017etikrina, kad j\u016bs\u0173 m\u0117gstamiausios striuk\u0117s ir rankin\u0117s visada b\u016bt\u0173 po ranka ir tvarkingai i\u0161d\u0117stytos.<br \/>\nBe vietos pakaboms, \u201eHola HOLG02\u201c panel\u0117je yra lentyn\u0117l\u0117 kepur\u0117ms ar kitiems aksesuarams, padengta nat\u016bralia med\u017eio spalva. Tai suteikia papildomo funkcionalumo ir leid\u017eia tvarkingai susid\u0117ti smulkius daiktus bei dekoracijas. Panel\u0117s matmenys (plotis: 90 cm, auk\u0161tis: 40,5 cm, gylis: 30 cm) idealiai tinka eleganti\u0161kai pastatyti prie\u0161kambaryje, biure ar net svetain\u0117je.<br \/>\nModernus stilius, i\u0161reik\u0161tas paprastumu, ir nesenstantis balt\u0173 bei \u0161ilt\u0173 med\u017eio atspalvi\u0173 derinys suteikia \u201eHola HOLG02\u201c plok\u0161tei universalumo, pritaikant j\u0105 \u012fvairiems interjerams \u2013 tiek moderniems, tiek skandinavi\u0161ko stiliaus. \u0160is baldas neabejotinai papuo\u0161 j\u016bs\u0173 interjero dizain\u0105, suteikdamas jam mading\u0105, ta\u010diau kartu \u0161ilt\u0105 ir jauk\u0173 akcent\u0105. Rinkit\u0117s \u201eHola HOLG02\u201c plok\u0161t\u0119, kad gal\u0117tum\u0117te m\u0117gautis modernaus dizaino ir kasdienio funkcionalumo deriniu. Pasirinkite bald\u0105, kuris daugel\u012f met\u0173 \u017eav\u0117s jus estetika ir patogumu naudoti. \u0160is baldas yra ne tik gra\u017eus, bet ir prakti\u0161kas \u2013 puikiai tinka bet kokiam interjerui, ie\u0161kan\u010diam nepriekai\u0161tingos i\u0161vaizdos ir tvarkos.<\/p>","protected":false},"excerpt":{"rendered":"<p>Plotis (cm): 90<br \/>\n\u016agis (cm): 40,5<br \/>\nGylis (cm): 30<\/p>","protected":false},"featured_media":163557,"comment_status":"open","ping_status":"open","template":"","meta":[],"product_brand":[],"product_cat":[9483,1931,4107],"product_tag":[],"class_list":{"0":"post-163556","1":"product","2":"type-product","3":"status-publish","4":"has-post-thumbnail","6":"product_cat-furniture-system-hola-wojcik-meble","7":"product_cat-hangers","8":"product_cat-meble-wojcik","10":"first","11":"instock","12":"purchasable","13":"product-type-simple"},"_links":{"self":[{"href":"https:\/\/baldumarket.lt\/lt\/wp-json\/wp\/v2\/product\/163556","targetHints":{"allow":["GET"]}}],"collection":[{"href":"https:\/\/baldumarket.lt\/lt\/wp-json\/wp\/v2\/product"}],"about":[{"href":"https:\/\/baldumarket.lt\/lt\/wp-json\/wp\/v2\/types\/product"}],"replies":[{"embeddable":true,"href":"https:\/\/baldumarket.lt\/lt\/wp-json\/wp\/v2\/comments?post=163556"}],"wp:featuredmedia":[{"embeddable":true,"href":"https:\/\/baldumarket.lt\/lt\/wp-json\/wp\/v2\/media\/163557"}],"wp:attachment":[{"href":"https:\/\/baldumarket.lt\/lt\/wp-json\/wp\/v2\/media?parent=163556"}],"wp:term":[{"taxonomy":"product_brand","embeddable":true,"href":"https:\/\/baldumarket.lt\/lt\/wp-json\/wp\/v2\/product_brand?post=163556"},{"taxonomy":"product_cat","embeddable":true,"href":"https:\/\/baldumarket.lt\/lt\/wp-json\/wp\/v2\/product_cat?post=163556"},{"taxonomy":"product_tag","embeddable":true,"href":"https:\/\/baldumarket.lt\/lt\/wp-json\/wp\/v2\/product_tag?post=163556"}],"curies":[{"name":"wp","href":"https:\/\/api.w.org\/{rel}","templated":true}]}}