{"id":163552,"date":"2025-12-19T12:52:36","date_gmt":"2025-12-19T09:52:36","guid":{"rendered":"https:\/\/baldumarket.lt\/product\/hola-holg04-polka-wieszak-dab-wotan\/"},"modified":"2026-04-06T19:19:51","modified_gmt":"2026-04-06T16:19:51","slug":"hola-holg04-polka-wieszak-dab-wotan","status":"publish","type":"product","link":"https:\/\/baldumarket.lt\/lt\/product\/hola-holg04-polka-wieszak-dab-wotan\/","title":{"rendered":"Hola HOLG04 \u2013 Wotan \u0105\u017euolin\u0117 lentyn\u0173 pakaba"},"content":{"rendered":"<p>\u201eHola HOLG04\u201c \u2013 \u0105\u017euolin\u0117 lentyna \u201eWotan\u201c \u2013 tai unikalus dekoratyvinis akcentas, atliekantis tiek praktinius, tiek estetinius tikslus, puikiai papildantis modernaus interjero reikalavimus. \u0160i sienin\u0117 lentyna yra \u201eHola\u201c prie\u0161kambario lentyn\u0173 kolekcijos dalis ir buvo sukurta vartotojams, kurie vertina patvarum\u0105, funkcionalum\u0105 ir dizain\u0105.<\/p>\n<p>Lentynos plotis \u2013 90 cm, auk\u0161tis \u2013 19,5 cm, o gylis \u2013 1,6 cm, tod\u0117l joje galima laikyti \u012fvairius daiktus \u2013 nuo rakt\u0173 iki nuotrauk\u0173 r\u0117meli\u0173 ir net smulki\u0173 dekoracij\u0173. \u201eWotan Oak\u201c spalva, viena geid\u017eiamiausi\u0173 medienos spalv\u0173, suteikia nat\u016bralumo \u012fsp\u016bd\u012f ir dera su \u012fvairiomis sien\u0173 bei bald\u0173 spalvomis.<\/p>\n<p>Naudojama med\u017eiaga \u2013 tvirta laminuota plok\u0161t\u0117 su nat\u016bralios medienos imitacija, tod\u0117l lentyna yra itin atspari kasdieniam naudojimui ir lengvai valoma. \u0160is sprendimas taip pat u\u017etikrina lengv\u0105 ir skland\u0173 integravim\u0105 su kitais \u201eHola\u201c kolekcijos daiktais ir kitais kambario baldais. \u0160ios lentynos modernum\u0105 pabr\u0117\u017eia minimalistin\u0117 apdaila ir paprasta forma, kuri\u0105 su funkcionalumu derina plastikiniai pakabos. Keturi prakti\u0161ki kabliukai leid\u017eia pakabinti vir\u0161utinius drabu\u017eius, krep\u0161ius ir smulkius aksesuarus, neapkraunant lentynos konstrukcijos.<\/p>\n<p>Esteti\u0161kai patrauklus laminuotos med\u017eio dro\u017eli\u0173 plok\u0161t\u0117s korpusas su atsparia pa\u017eeidimams apdaila u\u017etikrina ilgaam\u017ei\u0161kum\u0105, be to, yra lengvas ir lengvai surenkamas. HOLG04 lentyna taip pat puikiai tinka pagyvinti erdv\u0119 ir sukurti tvarkos poj\u016bt\u012f.<\/p>\n<p>Universali spalv\u0173 gama ir stilius puikiai tinka \u012fvairiems interjerams \u2013 nuo skandinavi\u0161ko iki bohemi\u0161ko, eklekti\u0161ko ar minimalistinio. Ne tik koridoriuje, bet ir paauglio kambaryje, biure ar prie\u0161kambaryje \u0161i lentyna taps ne\u012fkainojamu dizaino elementu, kuris tikrai patenkins net i\u0161rankiausi\u0173 dizaino entuziast\u0173 skon\u012f. Subalansuotas funkcionalumo ir estetikos derinys yra pagrindiniai \u201eHola HOLG04 \u2013 Wotan\u201c \u0105\u017euolin\u0117s lentynos bruo\u017eai, tod\u0117l ji tampa b\u016btinu bet kokio modernaus interjero papildymu. \u0160i lentyna suteiks charakterio ir tvarkos bet kuriam kambariui, padarys j\u012f jaukesn\u012f ir asmeni\u0161kesn\u012f.<\/p>","protected":false},"excerpt":{"rendered":"<p>Plotis (cm): 90<br \/>\n\u016agis (cm): 19,5<br \/>\nGylis (cm): 1,6<\/p>","protected":false},"featured_media":163553,"comment_status":"open","ping_status":"open","template":"","meta":[],"product_brand":[],"product_cat":[9483,1931,4107],"product_tag":[],"class_list":{"0":"post-163552","1":"product","2":"type-product","3":"status-publish","4":"has-post-thumbnail","6":"product_cat-furniture-system-hola-wojcik-meble","7":"product_cat-hangers","8":"product_cat-meble-wojcik","10":"first","11":"instock","12":"purchasable","13":"product-type-simple"},"_links":{"self":[{"href":"https:\/\/baldumarket.lt\/lt\/wp-json\/wp\/v2\/product\/163552","targetHints":{"allow":["GET"]}}],"collection":[{"href":"https:\/\/baldumarket.lt\/lt\/wp-json\/wp\/v2\/product"}],"about":[{"href":"https:\/\/baldumarket.lt\/lt\/wp-json\/wp\/v2\/types\/product"}],"replies":[{"embeddable":true,"href":"https:\/\/baldumarket.lt\/lt\/wp-json\/wp\/v2\/comments?post=163552"}],"wp:featuredmedia":[{"embeddable":true,"href":"https:\/\/baldumarket.lt\/lt\/wp-json\/wp\/v2\/media\/163553"}],"wp:attachment":[{"href":"https:\/\/baldumarket.lt\/lt\/wp-json\/wp\/v2\/media?parent=163552"}],"wp:term":[{"taxonomy":"product_brand","embeddable":true,"href":"https:\/\/baldumarket.lt\/lt\/wp-json\/wp\/v2\/product_brand?post=163552"},{"taxonomy":"product_cat","embeddable":true,"href":"https:\/\/baldumarket.lt\/lt\/wp-json\/wp\/v2\/product_cat?post=163552"},{"taxonomy":"product_tag","embeddable":true,"href":"https:\/\/baldumarket.lt\/lt\/wp-json\/wp\/v2\/product_tag?post=163552"}],"curies":[{"name":"wp","href":"https:\/\/api.w.org\/{rel}","templated":true}]}}