{"id":163548,"date":"2025-12-19T12:52:28","date_gmt":"2025-12-19T09:52:28","guid":{"rendered":"https:\/\/baldumarket.lt\/product\/hola-holg01-lustro-dab-wotan\/"},"modified":"2026-04-06T19:19:51","modified_gmt":"2026-04-06T16:19:51","slug":"hola-holg01-lustro-dab-wotan","status":"publish","type":"product","link":"https:\/\/baldumarket.lt\/lt\/product\/hola-holg01-lustro-dab-wotan\/","title":{"rendered":"Hola HOLG01 \u2013 Wotano \u0105\u017euolo veidrodis"},"content":{"rendered":"<p>Pasinerkite \u012f modernumo ir funkcionalumo pasaul\u012f pasirinkdami \u201cHola HOLG01\u201d veidrod\u012f \u2013 tobul\u0105 bet kokio modernaus interjero papildym\u0105. Tai atsakymas \u012f estetikos, minimalizmo ir prakti\u0161kumo paie\u0161kas viename. Su\u017einokite, kaip \u0161is unikalus dekoratyvinis elementas gali transformuoti ir pagerinti \u0161iuolaikines erdves.<br \/>\n\u012esivaizduokite \u201cHola HOLG01\u201d veidrod\u012f kaip savo prie\u0161kambario, svetain\u0117s ar miegamojo pagrindin\u012f element\u0105. Jo i\u0161skirtinis 90 cm plotis ir 77 cm auk\u0161tis, o vos 1,9 cm gylis, sukuria \u012fsp\u016bding\u0105 i\u0161vaizd\u0105 neu\u017ego\u017edamas kambario. Jis eleganti\u0161kai ir rafinuotai atspindi erdv\u0119, suteikdamas charakterio ir sustiprindamas gylio poj\u016bt\u012f.<br \/>\n\u0160iltas ir organi\u0161kas \u201eWotan Oak\u201c \u0105\u017euolo atspalvis dera su \u012fvairiomis spalv\u0173 palet\u0117mis, sukurdamas puik\u0173 fon\u0105 tiek ry\u0161kioms, tiek subtilioms sien\u0173 spalvoms. Veidrod\u017eio patvarum\u0105 ir kokyb\u0119 garantuoja naudojama med\u017eiaga \u2013 laminuota med\u017eio dro\u017eli\u0173 plok\u0161t\u0117, kuri yra atspari \u012fbr\u0117\u017eimams ir lengvai valoma, o tai labai svarbu vartotojams, vertinantiems ir estetik\u0105, ir prakti\u0161kum\u0105.<\/p>\n<p>Modernus stilius, pasi\u017eymintis sta\u010diakampe forma ir nereikaling\u0173 ornament\u0173 tr\u016bkumu, skirtas tiems, kurie savo interjere siekia harmonijos ir tvarkos. Veidrod\u017eio nugar\u0117l\u0117je panaudota laminuota med\u017eio dro\u017eli\u0173 plok\u0161t\u0117, u\u017etikrinanti visos konstrukcijos vientisum\u0105 ir stabilum\u0105. Klasikin\u0117 balta plok\u0161t\u0117s spalva aplink veidrod\u017eio kra\u0161tus suteikia jam lengvo, modernaus charakterio, deran\u010dio prie \u012fvairi\u0173 interjero stili\u0173.<\/p>\n<p>\u201cHola HOLG01\u201d veidrodis si\u016blo daugyb\u0119 galimybi\u0173 tiek minimalistams, tiek i\u0161rai\u0161kingesni\u0173 dekoracij\u0173 m\u0117g\u0117jams. Integruokite j\u012f \u012f skandinavi\u0161k\u0105 stili\u0173, derindami su \u0161viesiais, mediniais elementais, arba naudokite pal\u0117p\u0117je, papildydami j\u012f plyt\u0173 siena ir metaliniais akcentais. \u0160is veidrodis taip pat puikiai papildys modernius tapetus, sukurdamas unikalius med\u017eiag\u0173 ir tekst\u016br\u0173 derinius j\u016bs\u0173 gyvenamojoje erdv\u0117je.<br \/>\nTaip pat verta pamin\u0117ti, kad \u201cHola HOLG01\u201d veidrodis papildo kitus \u201eHola\u201c kolekcijos baldus, sukurdamas darni\u0105 ir eleganti\u0161k\u0105 visum\u0105. Tai ne tik veidrodis, bet ir i\u0161ties daugiafunkcis interjero dizaino elementas, tinkantis tiek moderniam, tiek klasikiniam interjerui.<br \/>\nPalepinkite save \u201cHola HOLG01\u201d veidrod\u017eio prabanga ir m\u0117gaukit\u0117s nauju kokyb\u0117s lygiu, tvarkydami savo nam\u0173 \u0161ventov\u0119, kur kiekviena detal\u0117 vaidina svarb\u0173 vaidmen\u012f.<\/p>","protected":false},"excerpt":{"rendered":"<p>Plotis (cm): 90<br \/>\n\u016agis (cm): 77<br \/>\nGylis (cm): 1,9<\/p>","protected":false},"featured_media":163549,"comment_status":"open","ping_status":"open","template":"","meta":[],"product_brand":[],"product_cat":[9483,4107,1108],"product_tag":[],"class_list":{"0":"post-163548","1":"product","2":"type-product","3":"status-publish","4":"has-post-thumbnail","6":"product_cat-furniture-system-hola-wojcik-meble","7":"product_cat-meble-wojcik","8":"product_cat-mirrors","10":"first","11":"instock","12":"purchasable","13":"product-type-simple"},"_links":{"self":[{"href":"https:\/\/baldumarket.lt\/lt\/wp-json\/wp\/v2\/product\/163548","targetHints":{"allow":["GET"]}}],"collection":[{"href":"https:\/\/baldumarket.lt\/lt\/wp-json\/wp\/v2\/product"}],"about":[{"href":"https:\/\/baldumarket.lt\/lt\/wp-json\/wp\/v2\/types\/product"}],"replies":[{"embeddable":true,"href":"https:\/\/baldumarket.lt\/lt\/wp-json\/wp\/v2\/comments?post=163548"}],"wp:featuredmedia":[{"embeddable":true,"href":"https:\/\/baldumarket.lt\/lt\/wp-json\/wp\/v2\/media\/163549"}],"wp:attachment":[{"href":"https:\/\/baldumarket.lt\/lt\/wp-json\/wp\/v2\/media?parent=163548"}],"wp:term":[{"taxonomy":"product_brand","embeddable":true,"href":"https:\/\/baldumarket.lt\/lt\/wp-json\/wp\/v2\/product_brand?post=163548"},{"taxonomy":"product_cat","embeddable":true,"href":"https:\/\/baldumarket.lt\/lt\/wp-json\/wp\/v2\/product_cat?post=163548"},{"taxonomy":"product_tag","embeddable":true,"href":"https:\/\/baldumarket.lt\/lt\/wp-json\/wp\/v2\/product_tag?post=163548"}],"curies":[{"name":"wp","href":"https:\/\/api.w.org\/{rel}","templated":true}]}}