{"id":163542,"date":"2025-12-19T12:52:14","date_gmt":"2025-12-19T09:52:14","guid":{"rendered":"https:\/\/baldumarket.lt\/product\/fribo-fris03-szafa-3-drzwiowa-biala\/"},"modified":"2026-04-06T19:19:51","modified_gmt":"2026-04-06T16:19:51","slug":"fribo-fris03-szafa-3-drzwiowa-biala","status":"publish","type":"product","link":"https:\/\/baldumarket.lt\/lt\/product\/fribo-fris03-szafa-3-drzwiowa-biala\/","title":{"rendered":"Fribo FRIS03 \u2013 3 dur\u0173 spinta, balta"},"content":{"rendered":"<p>Ie\u0161kote spintos, kurioje der\u0117t\u0173 elegancija ir funkcionalumas? \u201eFribo FRIS03\u201c \u2013 tai trij\u0173 dur\u0173 spinta, stebinanti savo erdvumu, ta\u010diau i\u0161laikanti subtili\u0105 form\u0105. Pristatau jums bald\u0105, kuris yra modernaus dizaino ir prakti\u0161kumo sinonimas. Su\u017einokite apie \u0161ios unikalios spintos savybes, kuri puikiai papildys j\u016bs\u0173 miegam\u0105j\u012f, persirengimo kambar\u012f ar jaunimo kambar\u012f. 155,3 cm plo\u010dio, \u012fsp\u016bdingo 220 cm auk\u0161\u010dio ir 58 cm gylio \u201eFribo FRIS03\u201c spinta idealiai tinka erdviems interjerams. Pagaminta i\u0161 auk\u0161tos kokyb\u0117s laminuotos plok\u0161t\u0117s, universalios baltos spalvos, ji puikiai dera prie modernaus, minimalistinio ir skandinavi\u0161ko interjero dizaino. Sukurta ilgam tarnavimo laikui, atspari mechaniniams pa\u017eeidimams ir \u012fbr\u0117\u017eimams, o tvirti vyriai leid\u017eia j\u0105 naudoti intensyviai. D\u0117l ranken\u0117li\u0173 neturin\u010dios sistemos spintos fasadai atrodo i\u0161skirtinai eleganti\u0161ki ir ilgai i\u0161laikys nepriekai\u0161ting\u0105 i\u0161vaizd\u0105. Korpusas ir fasadas pagaminti i\u0161 patvarios laminuotos med\u017eio dro\u017eli\u0173 plok\u0161t\u0117s, kuri\u0105 lengva valyti ir pri\u017ei\u016br\u0117ti. Dizain\u0105 papildo patvarios plastikin\u0117s kojel\u0117s, kurios pakelia spintel\u0119 vir\u0161 grind\u0173 ir palengvina valym\u0105 aplink j\u0105.<\/p>","protected":false},"excerpt":{"rendered":"<p>Plotis (cm): 155,3<br \/>\n\u016agis (cm): 220<br \/>\nGylis (cm): 58<\/p>","protected":false},"featured_media":163543,"comment_status":"open","ping_status":"open","template":"","meta":[],"product_brand":[],"product_cat":[9481,4107,1177],"product_tag":[],"class_list":{"0":"post-163542","1":"product","2":"type-product","3":"status-publish","4":"has-post-thumbnail","6":"product_cat-furniture-system-fribo-wojcik-meble","7":"product_cat-meble-wojcik","8":"product_cat-wardrobes","10":"first","11":"instock","12":"purchasable","13":"product-type-simple"},"_links":{"self":[{"href":"https:\/\/baldumarket.lt\/lt\/wp-json\/wp\/v2\/product\/163542","targetHints":{"allow":["GET"]}}],"collection":[{"href":"https:\/\/baldumarket.lt\/lt\/wp-json\/wp\/v2\/product"}],"about":[{"href":"https:\/\/baldumarket.lt\/lt\/wp-json\/wp\/v2\/types\/product"}],"replies":[{"embeddable":true,"href":"https:\/\/baldumarket.lt\/lt\/wp-json\/wp\/v2\/comments?post=163542"}],"wp:featuredmedia":[{"embeddable":true,"href":"https:\/\/baldumarket.lt\/lt\/wp-json\/wp\/v2\/media\/163543"}],"wp:attachment":[{"href":"https:\/\/baldumarket.lt\/lt\/wp-json\/wp\/v2\/media?parent=163542"}],"wp:term":[{"taxonomy":"product_brand","embeddable":true,"href":"https:\/\/baldumarket.lt\/lt\/wp-json\/wp\/v2\/product_brand?post=163542"},{"taxonomy":"product_cat","embeddable":true,"href":"https:\/\/baldumarket.lt\/lt\/wp-json\/wp\/v2\/product_cat?post=163542"},{"taxonomy":"product_tag","embeddable":true,"href":"https:\/\/baldumarket.lt\/lt\/wp-json\/wp\/v2\/product_tag?post=163542"}],"curies":[{"name":"wp","href":"https:\/\/api.w.org\/{rel}","templated":true}]}}