{"id":163536,"date":"2025-12-19T12:52:01","date_gmt":"2025-12-19T09:52:01","guid":{"rendered":"https:\/\/baldumarket.lt\/product\/fribo-friz07-szuflada-do-lozka-z-zaslepka-do-friz03-friz04-biala\/"},"modified":"2026-04-06T19:19:51","modified_gmt":"2026-04-06T16:19:51","slug":"fribo-friz07-szuflada-do-lozka-z-zaslepka-do-friz03-friz04-biala","status":"publish","type":"product","link":"https:\/\/baldumarket.lt\/lt\/product\/fribo-friz07-szuflada-do-lozka-z-zaslepka-do-friz03-friz04-biala\/","title":{"rendered":"Fribo FRIZ07 \u2013 Lovos stal\u010dius su dang\u010diu, skirtas FRIZ03\/FRIZ04, baltas"},"content":{"rendered":"<p>Atraskite, kaip puikiai suderinti funkcionalum\u0105 ir eleganti\u0161k\u0105 dizain\u0105 savo miegamajame su vienu paprastu priedu \u2013 \u201eFribo FRIZ07\u201c stal\u010diumi! \u0160is 200,3 cm plo\u010dio, 17,8 cm auk\u0161\u010dio ir 80,5 cm gylio stal\u010dius, sukurtas FRIZ03 ir FRIZ04 lovoms, yra ne tik prakti\u0161kas, bet ir stilingas j\u016bs\u0173 miegojimo erdv\u0117s papildymas. Sukurtas maksimaliai i\u0161naudoti erdv\u0119 po lova, klasikin\u0117s baltos spalvos \u201eFribo\u201c stal\u010dius puikiai der\u0117s prie bet kurio modernaus miegamojo. Tikslus auk\u0161tos kokyb\u0117s laminuotos plok\u0161t\u0117s gamybos procesas u\u017etikrina patvarum\u0105 kasdieniam naudojimui ir lengv\u0105 valym\u0105, kartu apsaugodamas nuo dr\u0117gm\u0117s, \u012fskilim\u0173 ir pa\u017eeidim\u0173. Svarbus dizaino elementas \u2013 sistema be ranken\u0117li\u0173, kuri ne tik \u017eavi minimalistine estetika, bet ir garantuoja patog\u0173 naudojim\u0105 be nereikaling\u0173 i\u0161siki\u0161usi\u0173 element\u0173. Priekin\u0117 dalis ir stal\u010diaus korpusas, pagaminti i\u0161 laminuotos med\u017eio dro\u017eli\u0173 plok\u0161t\u0117s, pabr\u0117\u017eia modern\u0173 baldo charakter\u012f, kartu i\u0161laikant jo darn\u0105 su likusia \u201eFribo\u201c kolekcijos dalimis.<\/p>","protected":false},"excerpt":{"rendered":"<p>Plotis (cm): 200,3<br \/>\n\u016agis (cm): 17,8<br \/>\nGylis (cm): 80,5<\/p>","protected":false},"featured_media":163537,"comment_status":"open","ping_status":"open","template":"","meta":[],"product_brand":[],"product_cat":[9481,1043,4107],"product_tag":[],"class_list":{"0":"post-163536","1":"product","2":"type-product","3":"status-publish","4":"has-post-thumbnail","6":"product_cat-furniture-system-fribo-wojcik-meble","7":"product_cat-extras","8":"product_cat-meble-wojcik","10":"first","11":"instock","12":"purchasable","13":"product-type-simple"},"_links":{"self":[{"href":"https:\/\/baldumarket.lt\/lt\/wp-json\/wp\/v2\/product\/163536","targetHints":{"allow":["GET"]}}],"collection":[{"href":"https:\/\/baldumarket.lt\/lt\/wp-json\/wp\/v2\/product"}],"about":[{"href":"https:\/\/baldumarket.lt\/lt\/wp-json\/wp\/v2\/types\/product"}],"replies":[{"embeddable":true,"href":"https:\/\/baldumarket.lt\/lt\/wp-json\/wp\/v2\/comments?post=163536"}],"wp:featuredmedia":[{"embeddable":true,"href":"https:\/\/baldumarket.lt\/lt\/wp-json\/wp\/v2\/media\/163537"}],"wp:attachment":[{"href":"https:\/\/baldumarket.lt\/lt\/wp-json\/wp\/v2\/media?parent=163536"}],"wp:term":[{"taxonomy":"product_brand","embeddable":true,"href":"https:\/\/baldumarket.lt\/lt\/wp-json\/wp\/v2\/product_brand?post=163536"},{"taxonomy":"product_cat","embeddable":true,"href":"https:\/\/baldumarket.lt\/lt\/wp-json\/wp\/v2\/product_cat?post=163536"},{"taxonomy":"product_tag","embeddable":true,"href":"https:\/\/baldumarket.lt\/lt\/wp-json\/wp\/v2\/product_tag?post=163536"}],"curies":[{"name":"wp","href":"https:\/\/api.w.org\/{rel}","templated":true}]}}