{"id":163530,"date":"2025-12-19T12:51:49","date_gmt":"2025-12-19T09:51:49","guid":{"rendered":"https:\/\/baldumarket.lt\/product\/fribo-friz05-lozko-ze-stelazem-140-biale\/"},"modified":"2026-04-06T19:19:51","modified_gmt":"2026-04-06T16:19:51","slug":"fribo-friz05-lozko-ze-stelazem-140-biale","status":"publish","type":"product","link":"https:\/\/baldumarket.lt\/lt\/product\/fribo-friz05-lozko-ze-stelazem-140-biale\/","title":{"rendered":"Fribo FRIZ05 \u2013 Lova su r\u0117mu 140 balta"},"content":{"rendered":"<p>Svajojate apie miegam\u0105j\u012f, \u012frengt\u0105 moderniai, kur kiekvienas baldas yra ne tik prakti\u0161kas, bet ir suteikia gaivumo bei stiliaus dvelksm\u0105? Leiskite man pristatyti jums \u201eFribo FRIZ05\u201c \u2013 lov\u0105 su r\u0117mu, 140 cm, balt\u0105, kuri puikiai atitiks j\u016bs\u0173 i\u0161rankiausius l\u016bkes\u010dius. \u0160is baldas skirtas tiems, kurie vertina auk\u0161t\u0105 kokyb\u0119 ir nesenstant\u012f dizain\u0105. 146,6 cm plo\u010dio, 206,2 cm ilgio ir 85,3 cm auk\u0161\u010dio \u201eFribo FRIZ05\u201c lova puikiai tinka erdv\u0117ms, kur brangus kiekvienas centimetras. D\u0117l dyd\u017eio, skirto 140 cm plo\u010dio \u010diu\u017einiui, ji u\u017etikrina optimal\u0173 komfort\u0105 dviem \u017emon\u0117ms neu\u017eimdama daug erdv\u0117s. Bald\u0173 spalv\u0173 palet\u0117 yra \u012fvairi, ta\u010diau b\u016btent balta spalva pasirod\u0117 esanti elegancijos sinonimu. Subtiliai balta \u201eFribo\u201c lovos spalva pasiekta naudojant laminuot\u0105 plok\u0161t\u0119. \u0160i med\u017eiaga, \u017einoma d\u0117l savo patvarumo, yra atspari kasdieniam naudojimui ir mechaniniams pa\u017eeidimams.<\/p>","protected":false},"excerpt":{"rendered":"<p>Plotis (cm): 146,6<br \/>\n\u016agis (cm): 85,3<br \/>\nGylis (cm): 206,2<\/p>","protected":false},"featured_media":163531,"comment_status":"open","ping_status":"open","template":"","meta":[],"product_brand":[],"product_cat":[9481,505,4107],"product_tag":[],"class_list":{"0":"post-163530","1":"product","2":"type-product","3":"status-publish","4":"has-post-thumbnail","6":"product_cat-furniture-system-fribo-wojcik-meble","7":"product_cat-bedroom-beds","8":"product_cat-meble-wojcik","10":"first","11":"instock","12":"purchasable","13":"product-type-simple"},"_links":{"self":[{"href":"https:\/\/baldumarket.lt\/lt\/wp-json\/wp\/v2\/product\/163530","targetHints":{"allow":["GET"]}}],"collection":[{"href":"https:\/\/baldumarket.lt\/lt\/wp-json\/wp\/v2\/product"}],"about":[{"href":"https:\/\/baldumarket.lt\/lt\/wp-json\/wp\/v2\/types\/product"}],"replies":[{"embeddable":true,"href":"https:\/\/baldumarket.lt\/lt\/wp-json\/wp\/v2\/comments?post=163530"}],"wp:featuredmedia":[{"embeddable":true,"href":"https:\/\/baldumarket.lt\/lt\/wp-json\/wp\/v2\/media\/163531"}],"wp:attachment":[{"href":"https:\/\/baldumarket.lt\/lt\/wp-json\/wp\/v2\/media?parent=163530"}],"wp:term":[{"taxonomy":"product_brand","embeddable":true,"href":"https:\/\/baldumarket.lt\/lt\/wp-json\/wp\/v2\/product_brand?post=163530"},{"taxonomy":"product_cat","embeddable":true,"href":"https:\/\/baldumarket.lt\/lt\/wp-json\/wp\/v2\/product_cat?post=163530"},{"taxonomy":"product_tag","embeddable":true,"href":"https:\/\/baldumarket.lt\/lt\/wp-json\/wp\/v2\/product_tag?post=163530"}],"curies":[{"name":"wp","href":"https:\/\/api.w.org\/{rel}","templated":true}]}}