{"id":163524,"date":"2025-12-19T12:51:36","date_gmt":"2025-12-19T09:51:36","guid":{"rendered":"https:\/\/baldumarket.lt\/product\/fribo-friz02-lozko-120-biale\/"},"modified":"2026-04-06T19:19:51","modified_gmt":"2026-04-06T16:19:51","slug":"fribo-friz02-lozko-120-biale","status":"publish","type":"product","link":"https:\/\/baldumarket.lt\/lt\/product\/fribo-friz02-lozko-120-biale\/","title":{"rendered":"Fribo FRIZ02 \u2013 Lova 120 balta"},"content":{"rendered":"<p>\u012ene\u0161kite \u012f savo erdv\u0119 ramyb\u0119 ir harmonij\u0105 su \u201eFribo FRIZ02\u201c \u2013 120 cm balta lova, kuri yra modernaus dizaino ir funkcionalumo kvintesencija. Ie\u0161kote tobulos lovos paauglio kambariui ar vieno \u017emogaus miegamajam? J\u016bs at\u0117jote \u012f reikiam\u0105 viet\u0105! \u201eFribo FRIZ02\u201c yra minimalistinio komforto sinonimas. D\u0117l matmen\u0173, kurie papildo bet kurio kambario vizualin\u0119 erdv\u0119, \u201eFRIZ02\u201c lova suteikia daug erdv\u0117s patogiam nakties miegui. Jos 120 cm plotis si\u016blo tobul\u0105 erdv\u0117s ir komforto pusiausvyr\u0105. Sukurta galvojant apie modern\u0173 interjer\u0105, ji taip pat puikiai dera minimalistiniame ir prabangiame dizaine. Nesenstanti balta laminato plok\u0161t\u0117 yra lengvai valoma ir u\u017etikrina, kad lova daugel\u012f met\u0173 atrodys gra\u017eiai. Laminatas taip pat yra atsparus kasdieniam naudojimui, tod\u0117l j\u016bs\u0173 lova daugel\u012f met\u0173 i\u0161laikys savo nepriekai\u0161ting\u0105 i\u0161vaizd\u0105.<\/p>","protected":false},"excerpt":{"rendered":"<p>Plotis (cm): 126,6<br \/>\n\u016agis (cm): 85<br \/>\nGylis (cm): 206,2<\/p>","protected":false},"featured_media":163525,"comment_status":"open","ping_status":"open","template":"","meta":[],"product_brand":[],"product_cat":[9481,505,4107],"product_tag":[],"class_list":{"0":"post-163524","1":"product","2":"type-product","3":"status-publish","4":"has-post-thumbnail","6":"product_cat-furniture-system-fribo-wojcik-meble","7":"product_cat-bedroom-beds","8":"product_cat-meble-wojcik","10":"first","11":"instock","12":"purchasable","13":"product-type-simple"},"_links":{"self":[{"href":"https:\/\/baldumarket.lt\/lt\/wp-json\/wp\/v2\/product\/163524","targetHints":{"allow":["GET"]}}],"collection":[{"href":"https:\/\/baldumarket.lt\/lt\/wp-json\/wp\/v2\/product"}],"about":[{"href":"https:\/\/baldumarket.lt\/lt\/wp-json\/wp\/v2\/types\/product"}],"replies":[{"embeddable":true,"href":"https:\/\/baldumarket.lt\/lt\/wp-json\/wp\/v2\/comments?post=163524"}],"wp:featuredmedia":[{"embeddable":true,"href":"https:\/\/baldumarket.lt\/lt\/wp-json\/wp\/v2\/media\/163525"}],"wp:attachment":[{"href":"https:\/\/baldumarket.lt\/lt\/wp-json\/wp\/v2\/media?parent=163524"}],"wp:term":[{"taxonomy":"product_brand","embeddable":true,"href":"https:\/\/baldumarket.lt\/lt\/wp-json\/wp\/v2\/product_brand?post=163524"},{"taxonomy":"product_cat","embeddable":true,"href":"https:\/\/baldumarket.lt\/lt\/wp-json\/wp\/v2\/product_cat?post=163524"},{"taxonomy":"product_tag","embeddable":true,"href":"https:\/\/baldumarket.lt\/lt\/wp-json\/wp\/v2\/product_tag?post=163524"}],"curies":[{"name":"wp","href":"https:\/\/api.w.org\/{rel}","templated":true}]}}