{"id":163512,"date":"2025-12-19T12:51:10","date_gmt":"2025-12-19T09:51:10","guid":{"rendered":"https:\/\/baldumarket.lt\/product\/fribo-friz04-lozko-160-biale\/"},"modified":"2026-04-06T19:19:42","modified_gmt":"2026-04-06T16:19:42","slug":"fribo-friz04-lozko-160-biale","status":"publish","type":"product","link":"https:\/\/baldumarket.lt\/lt\/product\/fribo-friz04-lozko-160-biale\/","title":{"rendered":"Fribo FRIZ04 \u2013 Lova 160 balta"},"content":{"rendered":"<p>Atraskite ramaus atsipalaidavimo ir neprilygstamos elegancijos pasaul\u012f su \u201eFribo FRIZ04\u201c dvigule lova. Sukurta tiems, kurie vertina paprastum\u0105 ir funkcionalum\u0105, neaukodami nesenstan\u010dios estetikos, ji puikiai tinka moderniems miegamiesiems, kuriuose daugiausia d\u0117mesio skiriama minimalizmui su subtilios klas\u0117s prieskoniu. \u0160i lova pasi\u017eymi ne tik tvirta konstrukcija, bet ir i\u0161skirtiniu dekoratyviniu elementu, kuris pakeis j\u016bs\u0173 interjero i\u0161vaizd\u0105. \u201eFribo FRIZ04\u201c lova pagaminta i\u0161 laminuotos plok\u0161t\u0117s \u2013 med\u017eiagos, atsparios trin\u010diai ir \u012fvairiems pa\u017eeidimams, u\u017etikrinan\u010dios ilgaam\u017ei\u0161kum\u0105 ir be r\u016bpes\u010di\u0173 naudojim\u0105 ilgus metus. Balta lovos spalva suteikia erdvei lengvumo ir gaivos poj\u016bt\u012f, o d\u0117l universalumo ji puikiai tinka bet kokiai spalv\u0173 schemai. Modernus dizainas yra linktel\u0117jimas tiems, kurie dr\u0105siai seka tendencijas. Geometrin\u0117s formos dera su auk\u0161tu galv\u016bgaliu, kuris garantuoja patogi\u0105 atram\u0105, o paprasta forma, be nereikaling\u0173 puo\u0161men\u0173, suteikia eleganti\u0161k\u0105 minimalistin\u012f akcent\u0105. 166,6 cm plotis, 85 cm auk\u0161tis ir 206,2 cm ilgis \u2013 tai matmenys, u\u017etikrinantys patog\u0173 mieg\u0105 dviem \u017emon\u0117ms, taip pat vietos j\u016bs\u0173 m\u0117gstamai patalynei ir mink\u0161toms pagalv\u0117ms.<\/p>","protected":false},"excerpt":{"rendered":"<p>Plotis (cm): 166,6<br \/>\n\u016agis (cm): 85<br \/>\nGylis (cm): 206,2<\/p>","protected":false},"featured_media":163513,"comment_status":"open","ping_status":"open","template":"","meta":[],"product_brand":[],"product_cat":[9481,505,4107],"product_tag":[],"class_list":{"0":"post-163512","1":"product","2":"type-product","3":"status-publish","4":"has-post-thumbnail","6":"product_cat-furniture-system-fribo-wojcik-meble","7":"product_cat-bedroom-beds","8":"product_cat-meble-wojcik","10":"first","11":"instock","12":"purchasable","13":"product-type-simple"},"_links":{"self":[{"href":"https:\/\/baldumarket.lt\/lt\/wp-json\/wp\/v2\/product\/163512","targetHints":{"allow":["GET"]}}],"collection":[{"href":"https:\/\/baldumarket.lt\/lt\/wp-json\/wp\/v2\/product"}],"about":[{"href":"https:\/\/baldumarket.lt\/lt\/wp-json\/wp\/v2\/types\/product"}],"replies":[{"embeddable":true,"href":"https:\/\/baldumarket.lt\/lt\/wp-json\/wp\/v2\/comments?post=163512"}],"wp:featuredmedia":[{"embeddable":true,"href":"https:\/\/baldumarket.lt\/lt\/wp-json\/wp\/v2\/media\/163513"}],"wp:attachment":[{"href":"https:\/\/baldumarket.lt\/lt\/wp-json\/wp\/v2\/media?parent=163512"}],"wp:term":[{"taxonomy":"product_brand","embeddable":true,"href":"https:\/\/baldumarket.lt\/lt\/wp-json\/wp\/v2\/product_brand?post=163512"},{"taxonomy":"product_cat","embeddable":true,"href":"https:\/\/baldumarket.lt\/lt\/wp-json\/wp\/v2\/product_cat?post=163512"},{"taxonomy":"product_tag","embeddable":true,"href":"https:\/\/baldumarket.lt\/lt\/wp-json\/wp\/v2\/product_tag?post=163512"}],"curies":[{"name":"wp","href":"https:\/\/api.w.org\/{rel}","templated":true}]}}