{"id":163506,"date":"2025-12-19T12:50:58","date_gmt":"2025-12-19T09:50:58","guid":{"rendered":"https:\/\/baldumarket.lt\/product\/fribo-friz01-lozko-90-biale\/"},"modified":"2026-04-06T19:19:42","modified_gmt":"2026-04-06T16:19:42","slug":"fribo-friz01-lozko-90-biale","status":"publish","type":"product","link":"https:\/\/baldumarket.lt\/lt\/product\/fribo-friz01-lozko-90-biale\/","title":{"rendered":"Fribo FRIZ01 \u2013 Lova 90 balta"},"content":{"rendered":"<p>Atraskite tobul\u0105 funkcionalumo ir estetikos pusiausvyr\u0105 su \u201eFribo FRIZ01\u201c lova \u2013 pagrindiniu bet kurio stilingo ir modernaus interjero elementu. Nesenstanti balta spalv\u0173 gama \u201eFribo FRIZ01\u201c akimirksniu \u012fne\u0161 harmonijos ir ramyb\u0117s \u012f bet kuri\u0105 miegamojo erdv\u0119. Grak\u0161ti ir minimalistin\u0117 viengul\u0117 lova puikiai tiks tiek vaik\u0173 ar paaugli\u0173 kambaryje, tiek bet kuriame stilingame miegamajame ar kitoje apgyvendinimo vietoje. Gerai apgalvoti jos matmenys (plotis: 96,6 cm, auk\u0161tis: 85 cm, gylis: 206,2 cm) u\u017etikrina patog\u0173 poils\u012f neu\u017eimant per daug vietos. Lengva, lengvai pri\u017ei\u016brima ir patvari laminato plok\u0161t\u0117 pabr\u0117\u017eia \u0161vari\u0105 estetik\u0105 ir u\u017etikrina didel\u012f patvarum\u0105 kasdieniam naudojimui.<\/p>","protected":false},"excerpt":{"rendered":"<p>Plotis (cm): 96,6<br \/>\n\u016agis (cm): 85<br \/>\nGylis (cm): 206,2<\/p>","protected":false},"featured_media":163507,"comment_status":"open","ping_status":"open","template":"","meta":[],"product_brand":[],"product_cat":[9481,505,4107],"product_tag":[],"class_list":{"0":"post-163506","1":"product","2":"type-product","3":"status-publish","4":"has-post-thumbnail","6":"product_cat-furniture-system-fribo-wojcik-meble","7":"product_cat-bedroom-beds","8":"product_cat-meble-wojcik","10":"first","11":"instock","12":"purchasable","13":"product-type-simple"},"_links":{"self":[{"href":"https:\/\/baldumarket.lt\/lt\/wp-json\/wp\/v2\/product\/163506","targetHints":{"allow":["GET"]}}],"collection":[{"href":"https:\/\/baldumarket.lt\/lt\/wp-json\/wp\/v2\/product"}],"about":[{"href":"https:\/\/baldumarket.lt\/lt\/wp-json\/wp\/v2\/types\/product"}],"replies":[{"embeddable":true,"href":"https:\/\/baldumarket.lt\/lt\/wp-json\/wp\/v2\/comments?post=163506"}],"wp:featuredmedia":[{"embeddable":true,"href":"https:\/\/baldumarket.lt\/lt\/wp-json\/wp\/v2\/media\/163507"}],"wp:attachment":[{"href":"https:\/\/baldumarket.lt\/lt\/wp-json\/wp\/v2\/media?parent=163506"}],"wp:term":[{"taxonomy":"product_brand","embeddable":true,"href":"https:\/\/baldumarket.lt\/lt\/wp-json\/wp\/v2\/product_brand?post=163506"},{"taxonomy":"product_cat","embeddable":true,"href":"https:\/\/baldumarket.lt\/lt\/wp-json\/wp\/v2\/product_cat?post=163506"},{"taxonomy":"product_tag","embeddable":true,"href":"https:\/\/baldumarket.lt\/lt\/wp-json\/wp\/v2\/product_tag?post=163506"}],"curies":[{"name":"wp","href":"https:\/\/api.w.org\/{rel}","templated":true}]}}