{"id":163500,"date":"2025-12-19T12:50:46","date_gmt":"2025-12-19T09:50:46","guid":{"rendered":"https:\/\/baldumarket.lt\/product\/fribo-frib03-biurko-2s-biale\/"},"modified":"2026-04-06T19:19:42","modified_gmt":"2026-04-06T16:19:42","slug":"fribo-frib03-biurko-2s-biale","status":"publish","type":"product","link":"https:\/\/baldumarket.lt\/lt\/product\/fribo-frib03-biurko-2s-biale\/","title":{"rendered":"Fribo FRIB03 \u2013 2S stalas, baltas"},"content":{"rendered":"<p>Sukurtas patogiai ir funkcionaliai darbo vietai, baltos spalvos \u201eFribo FRIB03\u201c stalas yra puikus pasirinkimas bet kokiam moderniam interjerui. Minimalistinis dizainas ir klasikin\u0117 spalv\u0173 gama puikiai papildo \u012fvairius dekoro stilius ir yra pagrindinis akcentas nam\u0173 biure ar studento kambaryje. \u0160is stalas derina elegancij\u0105 ir prakti\u0161kum\u0105, suteikdamas erdv\u0173 110 cm plo\u010dio, 75 cm auk\u0161\u010dio ir 65 cm gylio darbin\u012f pavir\u0161i\u0173. Pagamintas i\u0161 auk\u0161tos kokyb\u0117s laminuotos plok\u0161t\u0117s, tinkamos kasdieniam naudojimui, FRIB03 stalas yra itin patvarus ir atsparus \u012fbr\u0117\u017eimams bei kitiems mechaniniams pa\u017eeidimams, u\u017etikrinantis ilgaam\u017ei\u0161kum\u0105. Jo apgalvotas dizainas apima sistem\u0105 be ranken\u0117li\u0173, kuri suteikia modernumo ir u\u017etikrina lengv\u0105 valym\u0105. Du erdv\u016bs stal\u010diai su pilno i\u0161traukimo rutuliniais guoliais palengvina prieig\u0105 prie juose laikom\u0173 daikt\u0173, o tai leid\u017eia tvarkingai ir tvarkingai laikyti svarbius darbo ar mokymosi reikmenis.<\/p>","protected":false},"excerpt":{"rendered":"<p>Plotis (cm): 110<br \/>\n\u016agis (cm): 75<br \/>\nGylis (cm): 65<\/p>","protected":false},"featured_media":163501,"comment_status":"open","ping_status":"open","template":"","meta":[],"product_brand":[],"product_cat":[9481,1312,4107],"product_tag":[],"class_list":{"0":"post-163500","1":"product","2":"type-product","3":"status-publish","4":"has-post-thumbnail","6":"product_cat-furniture-system-fribo-wojcik-meble","7":"product_cat-desks","8":"product_cat-meble-wojcik","10":"first","11":"instock","12":"purchasable","13":"product-type-simple"},"_links":{"self":[{"href":"https:\/\/baldumarket.lt\/lt\/wp-json\/wp\/v2\/product\/163500","targetHints":{"allow":["GET"]}}],"collection":[{"href":"https:\/\/baldumarket.lt\/lt\/wp-json\/wp\/v2\/product"}],"about":[{"href":"https:\/\/baldumarket.lt\/lt\/wp-json\/wp\/v2\/types\/product"}],"replies":[{"embeddable":true,"href":"https:\/\/baldumarket.lt\/lt\/wp-json\/wp\/v2\/comments?post=163500"}],"wp:featuredmedia":[{"embeddable":true,"href":"https:\/\/baldumarket.lt\/lt\/wp-json\/wp\/v2\/media\/163501"}],"wp:attachment":[{"href":"https:\/\/baldumarket.lt\/lt\/wp-json\/wp\/v2\/media?parent=163500"}],"wp:term":[{"taxonomy":"product_brand","embeddable":true,"href":"https:\/\/baldumarket.lt\/lt\/wp-json\/wp\/v2\/product_brand?post=163500"},{"taxonomy":"product_cat","embeddable":true,"href":"https:\/\/baldumarket.lt\/lt\/wp-json\/wp\/v2\/product_cat?post=163500"},{"taxonomy":"product_tag","embeddable":true,"href":"https:\/\/baldumarket.lt\/lt\/wp-json\/wp\/v2\/product_tag?post=163500"}],"curies":[{"name":"wp","href":"https:\/\/api.w.org\/{rel}","templated":true}]}}