{"id":163494,"date":"2025-12-19T12:50:33","date_gmt":"2025-12-19T09:50:33","guid":{"rendered":"https:\/\/baldumarket.lt\/product\/fribo-fris03-szafa-3-drzwiowa-dab-ribbeck-zloty\/"},"modified":"2026-04-06T19:19:42","modified_gmt":"2026-04-06T16:19:42","slug":"fribo-fris03-szafa-3-drzwiowa-dab-ribbeck-zloty","status":"publish","type":"product","link":"https:\/\/baldumarket.lt\/lt\/product\/fribo-fris03-szafa-3-drzwiowa-dab-ribbeck-zloty\/","title":{"rendered":"Fribo FRIS03 \u2013 3 dur\u0173 spinta, Ribbeck Golden Oak"},"content":{"rendered":"<p>Atraskite nauj\u0105 stilingos daikt\u0173 laikymo dimensij\u0105 su \u201eFribo FRIS03\u201c spinta \u2013 trij\u0173 dur\u0173 spinta, kurioje dera funkcionalumas ir modernus dizainas. \u201eFribo FRIS03\u201c spinta i\u0161 \u201eGolden Ribbeck Oak\u201c spalvos sukurta taip, kad patenkint\u0173 net ir reikliausi\u0173 vartotoj\u0173, norin\u010di\u0173 suderinti prakti\u0161k\u0105 kasdien\u012f naudojim\u0105 su eleganti\u0161ka i\u0161vaizda, poreikius. 155,3 cm plo\u010dio, 220 cm auk\u0161\u010dio ir 58 cm gylio \u0161i spinta puikiai tinka miegamiesiems, persirengimo kambariams ir erdviems koridoriams, o \u0161ilta \u201eGolden Ribbeck Oak\u201c spalva suteikia jaukumo. Pagaminta i\u0161 auk\u0161tos kokyb\u0117s laminuotos plok\u0161t\u0117s, ji turi patvar\u0173 korpus\u0105 ir fasadus, u\u017etikrinan\u010dius ilgalaik\u012f patvarum\u0105. Moderni\u0173 sistem\u0173 be ranken\u0117li\u0173 naudojimas u\u017etikrina paprast\u0105 naudojim\u0105 ir pabr\u0117\u017eia minimalistin\u0119 baldo form\u0105. Pasl\u0117pti vyriai garantuoja skland\u0173 ir tyl\u0173 dur\u0173 atidarym\u0105, suteikdami papildomo komforto, o patvarios plastikin\u0117s kojel\u0117s apsaugo grindis nuo pa\u017eeidim\u0173.<\/p>","protected":false},"excerpt":{"rendered":"<p>Plotis (cm): 155,3<br \/>\n\u016agis (cm): 220<br \/>\nGylis (cm): 58<\/p>","protected":false},"featured_media":163495,"comment_status":"open","ping_status":"open","template":"","meta":[],"product_brand":[],"product_cat":[9481,4107,1177],"product_tag":[],"class_list":{"0":"post-163494","1":"product","2":"type-product","3":"status-publish","4":"has-post-thumbnail","6":"product_cat-furniture-system-fribo-wojcik-meble","7":"product_cat-meble-wojcik","8":"product_cat-wardrobes","10":"first","11":"instock","12":"purchasable","13":"product-type-simple"},"_links":{"self":[{"href":"https:\/\/baldumarket.lt\/lt\/wp-json\/wp\/v2\/product\/163494","targetHints":{"allow":["GET"]}}],"collection":[{"href":"https:\/\/baldumarket.lt\/lt\/wp-json\/wp\/v2\/product"}],"about":[{"href":"https:\/\/baldumarket.lt\/lt\/wp-json\/wp\/v2\/types\/product"}],"replies":[{"embeddable":true,"href":"https:\/\/baldumarket.lt\/lt\/wp-json\/wp\/v2\/comments?post=163494"}],"wp:featuredmedia":[{"embeddable":true,"href":"https:\/\/baldumarket.lt\/lt\/wp-json\/wp\/v2\/media\/163495"}],"wp:attachment":[{"href":"https:\/\/baldumarket.lt\/lt\/wp-json\/wp\/v2\/media?parent=163494"}],"wp:term":[{"taxonomy":"product_brand","embeddable":true,"href":"https:\/\/baldumarket.lt\/lt\/wp-json\/wp\/v2\/product_brand?post=163494"},{"taxonomy":"product_cat","embeddable":true,"href":"https:\/\/baldumarket.lt\/lt\/wp-json\/wp\/v2\/product_cat?post=163494"},{"taxonomy":"product_tag","embeddable":true,"href":"https:\/\/baldumarket.lt\/lt\/wp-json\/wp\/v2\/product_tag?post=163494"}],"curies":[{"name":"wp","href":"https:\/\/api.w.org\/{rel}","templated":true}]}}