{"id":163488,"date":"2025-12-19T12:50:20","date_gmt":"2025-12-19T09:50:20","guid":{"rendered":"https:\/\/baldumarket.lt\/product\/fribo-friz07-szuflada-z-zaslepka-do-lozka-friz03-friz04-dab-ribbeck-zloty\/"},"modified":"2026-04-06T19:19:42","modified_gmt":"2026-04-06T16:19:42","slug":"fribo-friz07-szuflada-z-zaslepka-do-lozka-friz03-friz04-dab-ribbeck-zloty","status":"publish","type":"product","link":"https:\/\/baldumarket.lt\/lt\/product\/fribo-friz07-szuflada-z-zaslepka-do-lozka-friz03-friz04-dab-ribbeck-zloty\/","title":{"rendered":"Fribo FRIZ07 \u2013 Stal\u010dius su dang\u010diu FRIZ03\/FRIZ04 lovai, Ribbeck \u0105\u017euolo spalvos, auksin\u0117"},"content":{"rendered":"<p>Ie\u0161kote papildomos vietos daiktams susid\u0117ti, kuri puikiai papildyt\u0173 j\u016bs\u0173 minimalistin\u012f, modern\u0173 interjer\u0105? \u201eFribo FRIZ07\u201c \u2013 tai stal\u010dius su dang\u010diu, kuris idealiai dera su \u201eFribo FRIZ03\u201c ir \u201eFRIZ04\u201c lov\u0173 kolekcijomis. Jis pasi\u017eymi \u201eGolden Ribbeck Oak\u201c apdaila \u2013 eleganti\u0161kas, \u0161iltas ir ne\u012ftik\u0117tinai madingas bet kurio miegamojo papildymas. \u012esp\u016bding\u0173 200,3 cm plo\u010dio, 17,8 cm auk\u0161\u010dio ir 80,5 cm gylio matmen\u0173 FRIZ07 stal\u010dius efektyviai maksimaliai i\u0161naudoja erdv\u0119 po lova. Didel\u0117 daikt\u0173 laikymo erdv\u0117 patenkins tuos, kurie nori palaikyti tvark\u0105 ir elegancij\u0105 savo miegamajame be kompromis\u0173. Pagamintas i\u0161 auk\u0161tos kokyb\u0117s laminuotos plok\u0161t\u0117s, jis ne tik garantuoja patvarum\u0105 ir atsparum\u0105 kasdieniam naudojimui, bet ir skland\u017eiai papildo nat\u016bralius dekoratyvinius elementus. Stal\u010diaus korpusas ir priekin\u0117 dalis, dekoruoti ta pa\u010dia med\u017eiaga, sukuria harmoning\u0105 visum\u0105, pabr\u0117\u017eian\u010di\u0105 rafinuot\u0105 moderni\u0173 kambari\u0173 stili\u0173.<\/p>","protected":false},"excerpt":{"rendered":"<p>Plotis (cm): 200,3<br \/>\n\u016agis (cm): 17,8<br \/>\nGylis (cm): 80,5<\/p>","protected":false},"featured_media":163489,"comment_status":"open","ping_status":"open","template":"","meta":[],"product_brand":[],"product_cat":[9481,1043,4107],"product_tag":[],"class_list":{"0":"post-163488","1":"product","2":"type-product","3":"status-publish","4":"has-post-thumbnail","6":"product_cat-furniture-system-fribo-wojcik-meble","7":"product_cat-extras","8":"product_cat-meble-wojcik","10":"first","11":"instock","12":"purchasable","13":"product-type-simple"},"_links":{"self":[{"href":"https:\/\/baldumarket.lt\/lt\/wp-json\/wp\/v2\/product\/163488","targetHints":{"allow":["GET"]}}],"collection":[{"href":"https:\/\/baldumarket.lt\/lt\/wp-json\/wp\/v2\/product"}],"about":[{"href":"https:\/\/baldumarket.lt\/lt\/wp-json\/wp\/v2\/types\/product"}],"replies":[{"embeddable":true,"href":"https:\/\/baldumarket.lt\/lt\/wp-json\/wp\/v2\/comments?post=163488"}],"wp:featuredmedia":[{"embeddable":true,"href":"https:\/\/baldumarket.lt\/lt\/wp-json\/wp\/v2\/media\/163489"}],"wp:attachment":[{"href":"https:\/\/baldumarket.lt\/lt\/wp-json\/wp\/v2\/media?parent=163488"}],"wp:term":[{"taxonomy":"product_brand","embeddable":true,"href":"https:\/\/baldumarket.lt\/lt\/wp-json\/wp\/v2\/product_brand?post=163488"},{"taxonomy":"product_cat","embeddable":true,"href":"https:\/\/baldumarket.lt\/lt\/wp-json\/wp\/v2\/product_cat?post=163488"},{"taxonomy":"product_tag","embeddable":true,"href":"https:\/\/baldumarket.lt\/lt\/wp-json\/wp\/v2\/product_tag?post=163488"}],"curies":[{"name":"wp","href":"https:\/\/api.w.org\/{rel}","templated":true}]}}