{"id":163482,"date":"2025-12-19T12:50:07","date_gmt":"2025-12-19T09:50:07","guid":{"rendered":"https:\/\/baldumarket.lt\/product\/fribo-friz04-lozko-160-dab-ribbeck-zloty\/"},"modified":"2026-04-06T19:19:42","modified_gmt":"2026-04-06T16:19:42","slug":"fribo-friz04-lozko-160-dab-ribbeck-zloty","status":"publish","type":"product","link":"https:\/\/baldumarket.lt\/lt\/product\/fribo-friz04-lozko-160-dab-ribbeck-zloty\/","title":{"rendered":"Fribo FRIZ04 \u2013 Lova 160 Ribbeck \u0105\u017euolo auksin\u0117"},"content":{"rendered":"<p>Atraskite lov\u0105, kuri taps j\u016bs\u0173 miegamojo \u0161irdimi \u2013 pristatome \u201eFribo FRIZ04\u201c. \u0160is baldas, kurio dizainas atspindi naujausias tendencijas, yra ne tik prakti\u0161kas, bet ir suteikia j\u016bs\u0173 interjerui i\u0161skirtin\u0117s elegancijos. Jauki miegamojo atmosfera lengvai taps j\u016bs\u0173 realybe d\u0117l \u0161ilto \u201eRibbeck Golden Oak\u201c atspalvio. \u201eFribo FRIZ04\u201c lova gali pasigirti idealiais bet kokiam miegamajam skirtais matmenimis: plotis 166,6 cm, auk\u0161tis 85 cm ir gylis 206,2 cm, tod\u0117l patogiai ils\u0117sis du \u017emon\u0117s. Standartin\u0117 miegamojo erdv\u0117 yra 160 x 200 cm, u\u017etikrinanti komfort\u0105 ir erdv\u0119 poilsiui. Pagaminta i\u0161 nat\u016bralios spalvos laminuotos plok\u0161t\u0117s, ji u\u017etikrina patvarum\u0105 ir lengv\u0105 valym\u0105. Modernus stilius ir paprastos formos, kurias pabr\u0117\u017eia i\u0161 laminuotos med\u017eio dro\u017eli\u0173 plok\u0161t\u0117s pagaminti galv\u016bgaliai ir \u0161onai, pavers lov\u0105 miegamojo traukos centru, tinkan\u010diu \u012fvairiems i\u0161d\u0117stymams. Praktiniam naudojimui pritaikyta galvos atrama apsaugo sien\u0105 nuo purvo, suteikia patogi\u0105 atram\u0105 ir yra ideali vieta eleganti\u0161koms \u201eButterfly\u201c arba \u201eFlexi\u201c naktin\u0117ms lempoms, kurias galima \u012fsigyti atskirai u\u017e 258 ir 375 PLN.<\/p>","protected":false},"excerpt":{"rendered":"<p>Plotis (cm): 166,6<br \/>\n\u016agis (cm): 85<br \/>\nGylis (cm): 206,2<\/p>","protected":false},"featured_media":163483,"comment_status":"open","ping_status":"open","template":"","meta":[],"product_brand":[],"product_cat":[9481,505,4107],"product_tag":[],"class_list":{"0":"post-163482","1":"product","2":"type-product","3":"status-publish","4":"has-post-thumbnail","6":"product_cat-furniture-system-fribo-wojcik-meble","7":"product_cat-bedroom-beds","8":"product_cat-meble-wojcik","10":"first","11":"instock","12":"purchasable","13":"product-type-simple"},"_links":{"self":[{"href":"https:\/\/baldumarket.lt\/lt\/wp-json\/wp\/v2\/product\/163482","targetHints":{"allow":["GET"]}}],"collection":[{"href":"https:\/\/baldumarket.lt\/lt\/wp-json\/wp\/v2\/product"}],"about":[{"href":"https:\/\/baldumarket.lt\/lt\/wp-json\/wp\/v2\/types\/product"}],"replies":[{"embeddable":true,"href":"https:\/\/baldumarket.lt\/lt\/wp-json\/wp\/v2\/comments?post=163482"}],"wp:featuredmedia":[{"embeddable":true,"href":"https:\/\/baldumarket.lt\/lt\/wp-json\/wp\/v2\/media\/163483"}],"wp:attachment":[{"href":"https:\/\/baldumarket.lt\/lt\/wp-json\/wp\/v2\/media?parent=163482"}],"wp:term":[{"taxonomy":"product_brand","embeddable":true,"href":"https:\/\/baldumarket.lt\/lt\/wp-json\/wp\/v2\/product_brand?post=163482"},{"taxonomy":"product_cat","embeddable":true,"href":"https:\/\/baldumarket.lt\/lt\/wp-json\/wp\/v2\/product_cat?post=163482"},{"taxonomy":"product_tag","embeddable":true,"href":"https:\/\/baldumarket.lt\/lt\/wp-json\/wp\/v2\/product_tag?post=163482"}],"curies":[{"name":"wp","href":"https:\/\/api.w.org\/{rel}","templated":true}]}}