{"id":163476,"date":"2025-12-19T12:49:55","date_gmt":"2025-12-19T09:49:55","guid":{"rendered":"https:\/\/baldumarket.lt\/product\/fribo-friz03-lozko-140-dab-ribbeck-zloty\/"},"modified":"2026-04-06T19:19:42","modified_gmt":"2026-04-06T16:19:42","slug":"fribo-friz03-lozko-140-dab-ribbeck-zloty","status":"publish","type":"product","link":"https:\/\/baldumarket.lt\/lt\/product\/fribo-friz03-lozko-140-dab-ribbeck-zloty\/","title":{"rendered":"Fribo FRIZ03 \u2013 Lova 140 Ribbeck \u0105\u017euolo auksin\u0117"},"content":{"rendered":"<p>Pristatome \u017eaving\u0105 ir funkcionali\u0105 lov\u0105 FRIZ03 i\u0161 \u201eFribo\u201c kolekcijos \u2013 tai stilingo ir patogaus dizaino pavyzdys. Sukurtas tiems, kurie ie\u0161ko tobulo gro\u017eio ir prakti\u0161kumo derinio viename balde, 140 cm plo\u010dio FRIZ03 modelis i\u0161 \u201eRibbeck Gold Oak\u201c spalvos \u2013 tai baldas, kuris pabr\u0117\u0161 unikal\u0173 miegamojo charakter\u012f ir u\u017etikrins patog\u0173 poils\u012f. 146,6 cm plo\u010dio, 85 cm auk\u0161\u010dio ir 206,2 cm gylio matmenys leid\u017eia FRIZ03 lovai puikiai der\u0117ti \u012fvairaus dyd\u017eio kambariuose, sukurdama jauki\u0105 atmosfer\u0105. Pagrindinis jos privalumas \u2013 140 x 200 cm miegojimo plotas, u\u017etikrinantis patog\u0173 mieg\u0105 dviem \u017emon\u0117ms, taip pat puikiai tinka ma\u017eesn\u0117ms erdv\u0117ms. Auk\u0161tos kokyb\u0117s laminuota lenta u\u017etikrina patvarum\u0105 ir atsparum\u0105 \u012fbr\u0117\u017eimams. I\u0161 tos pa\u010dios lentos pagamintas galv\u016bgalis ne tik prakti\u0161kai apsaugo sien\u0105 nuo d\u0117mi\u0173, bet ir suteikia patogi\u0105 atram\u0105 vakare ilsintis ar skaitant. O tiems, kurie m\u0117gsta skaityti nakt\u012f, rekomenduojame papildomai \u012fsigyti \u201eButterfly\u201c arba \u201eFlexi\u201c naktin\u0119 lemp\u0105, kuri puikiai dera prie lovos stiliaus ir sukuria harmoning\u0105 visum\u0105.<\/p>","protected":false},"excerpt":{"rendered":"<p>Plotis (cm): 146,6<br \/>\n\u016agis (cm): 85<br \/>\nGylis (cm): 206,2<\/p>","protected":false},"featured_media":163477,"comment_status":"open","ping_status":"open","template":"","meta":[],"product_brand":[],"product_cat":[9481,505,4107],"product_tag":[],"class_list":{"0":"post-163476","1":"product","2":"type-product","3":"status-publish","4":"has-post-thumbnail","6":"product_cat-furniture-system-fribo-wojcik-meble","7":"product_cat-bedroom-beds","8":"product_cat-meble-wojcik","10":"first","11":"instock","12":"purchasable","13":"product-type-simple"},"_links":{"self":[{"href":"https:\/\/baldumarket.lt\/lt\/wp-json\/wp\/v2\/product\/163476","targetHints":{"allow":["GET"]}}],"collection":[{"href":"https:\/\/baldumarket.lt\/lt\/wp-json\/wp\/v2\/product"}],"about":[{"href":"https:\/\/baldumarket.lt\/lt\/wp-json\/wp\/v2\/types\/product"}],"replies":[{"embeddable":true,"href":"https:\/\/baldumarket.lt\/lt\/wp-json\/wp\/v2\/comments?post=163476"}],"wp:featuredmedia":[{"embeddable":true,"href":"https:\/\/baldumarket.lt\/lt\/wp-json\/wp\/v2\/media\/163477"}],"wp:attachment":[{"href":"https:\/\/baldumarket.lt\/lt\/wp-json\/wp\/v2\/media?parent=163476"}],"wp:term":[{"taxonomy":"product_brand","embeddable":true,"href":"https:\/\/baldumarket.lt\/lt\/wp-json\/wp\/v2\/product_brand?post=163476"},{"taxonomy":"product_cat","embeddable":true,"href":"https:\/\/baldumarket.lt\/lt\/wp-json\/wp\/v2\/product_cat?post=163476"},{"taxonomy":"product_tag","embeddable":true,"href":"https:\/\/baldumarket.lt\/lt\/wp-json\/wp\/v2\/product_tag?post=163476"}],"curies":[{"name":"wp","href":"https:\/\/api.w.org\/{rel}","templated":true}]}}