{"id":163470,"date":"2025-12-19T12:49:43","date_gmt":"2025-12-19T09:49:43","guid":{"rendered":"https:\/\/baldumarket.lt\/product\/fribo-friz02-lozko-120-dab-ribbeck-zloty\/"},"modified":"2026-04-06T19:19:42","modified_gmt":"2026-04-06T16:19:42","slug":"fribo-friz02-lozko-120-dab-ribbeck-zloty","status":"publish","type":"product","link":"https:\/\/baldumarket.lt\/lt\/product\/fribo-friz02-lozko-120-dab-ribbeck-zloty\/","title":{"rendered":"Fribo FRIZ02 \u2013 Lova 120 Ribbeck \u0105\u017euolo auksin\u0117"},"content":{"rendered":"<p>Patirkite modernumo komfort\u0105 ir elegancij\u0105, m\u0117gaudamiesi tikrai karali\u0161ku poilsiu su i\u0161skirtinai stilinga \u201eFribo FRIZ02\u201c lova \u2013 120 cm ilgio \u201eRibbeck\u201c auksinio \u0105\u017euolo spalvos lova. \u0160is baldas ne tik u\u017etikrins sveik\u0105 ir atkuriant\u012f mieg\u0105, bet ir papuo\u0161 j\u016bs\u0173 erdv\u0119 unikaliu, nat\u016braliu akcentu. Lovos matmenys \u2013 126,6 cm plo\u010dio, 206,2 cm ilgio ir 85 cm auk\u0161\u010dio \u2013 suteikia daug erdv\u0117s poilsiui. Kruop\u0161\u010diai sukurta detal\u0117ms, \u0161i lova \u017eavi subtiliu, auksiniu \u201eRibbeck\u201c \u0105\u017euolo atspalviu, suteikdama \u0161ilumos ir klas\u0117s bet kokiam interjerui. Nat\u016brali spalva ir modernus stilius papildo bendr\u0105 estetik\u0105, lengvai pritaikoma \u012fvairiems miegamojo i\u0161d\u0117stymams. Be to, nepriekai\u0161ting\u0105 i\u0161vaizd\u0105 u\u017etikrina auk\u0161\u010diausios kokyb\u0117s med\u017eiagos \u2013 stalvir\u0161iai pagaminti i\u0161 laminuotos med\u017eio dro\u017eli\u0173 plok\u0161t\u0117s, u\u017etikrinan\u010dios patvarum\u0105 ir tvirtum\u0105 ilgus metus. Pabr\u0117\u017eiant baldo ergonomi\u0161kum\u0105, verta pamin\u0117ti prakti\u0161k\u0105 galv\u016bgal\u012f, kuriame galima \u012fmontuoti \u201eButterfly\u201c naktines lempas (papildoma pirkimo galimyb\u0117 u\u017e 156 PLN). Tai ne tik pagerina lovos funkcionalum\u0105, bet ir taupo viet\u0105 bei paver\u010dia skaitym\u0105 prie\u0161 mieg\u0105 tikru malonumu. Dar didesniam pritaikymui galima \u012fsigyti pakabinam\u0105 lovos galv\u016bgal\u012f MWPT02 (229 PLN), kur\u012f galima \u012fsigyti pasirinktinai: silikono pilkos arba d\u0117m\u0117tos grafito spalvos.<\/p>","protected":false},"excerpt":{"rendered":"<p>Plotis (cm): 126,6<br \/>\n\u016agis (cm): 85<br \/>\nGylis (cm): 206,2<\/p>","protected":false},"featured_media":163471,"comment_status":"open","ping_status":"open","template":"","meta":[],"product_brand":[],"product_cat":[9481,505,4107],"product_tag":[],"class_list":{"0":"post-163470","1":"product","2":"type-product","3":"status-publish","4":"has-post-thumbnail","6":"product_cat-furniture-system-fribo-wojcik-meble","7":"product_cat-bedroom-beds","8":"product_cat-meble-wojcik","10":"first","11":"instock","12":"purchasable","13":"product-type-simple"},"_links":{"self":[{"href":"https:\/\/baldumarket.lt\/lt\/wp-json\/wp\/v2\/product\/163470","targetHints":{"allow":["GET"]}}],"collection":[{"href":"https:\/\/baldumarket.lt\/lt\/wp-json\/wp\/v2\/product"}],"about":[{"href":"https:\/\/baldumarket.lt\/lt\/wp-json\/wp\/v2\/types\/product"}],"replies":[{"embeddable":true,"href":"https:\/\/baldumarket.lt\/lt\/wp-json\/wp\/v2\/comments?post=163470"}],"wp:featuredmedia":[{"embeddable":true,"href":"https:\/\/baldumarket.lt\/lt\/wp-json\/wp\/v2\/media\/163471"}],"wp:attachment":[{"href":"https:\/\/baldumarket.lt\/lt\/wp-json\/wp\/v2\/media?parent=163470"}],"wp:term":[{"taxonomy":"product_brand","embeddable":true,"href":"https:\/\/baldumarket.lt\/lt\/wp-json\/wp\/v2\/product_brand?post=163470"},{"taxonomy":"product_cat","embeddable":true,"href":"https:\/\/baldumarket.lt\/lt\/wp-json\/wp\/v2\/product_cat?post=163470"},{"taxonomy":"product_tag","embeddable":true,"href":"https:\/\/baldumarket.lt\/lt\/wp-json\/wp\/v2\/product_tag?post=163470"}],"curies":[{"name":"wp","href":"https:\/\/api.w.org\/{rel}","templated":true}]}}