{"id":163464,"date":"2025-12-19T12:49:30","date_gmt":"2025-12-19T09:49:30","guid":{"rendered":"https:\/\/baldumarket.lt\/product\/fribo-friz01-lozko-90-dab-ribbeck-zloty\/"},"modified":"2026-04-06T19:19:33","modified_gmt":"2026-04-06T16:19:33","slug":"fribo-friz01-lozko-90-dab-ribbeck-zloty","status":"publish","type":"product","link":"https:\/\/baldumarket.lt\/lt\/product\/fribo-friz01-lozko-90-dab-ribbeck-zloty\/","title":{"rendered":"Fribo FRIZ01 \u2013 Lova 90 Ribbeck \u0105\u017euolo auksin\u0117"},"content":{"rendered":"<p>Atraskite maksimal\u0173 komfort\u0105 ir eleganti\u0161k\u0105 paprastum\u0105, kur\u012f j\u016bs\u0173 interjerui suteikia \u201eFribo FRIZ01\u201c lova 90 cm plo\u010dio, pagaminta i\u0161 auksinio \u0105\u017euolo \u201eRibbeck\u201c. Atraskite tobul\u0105 funkcionalumo ir modernaus dizaino derin\u012f, b\u016bding\u0105 \u0161iam unikaliam baldui. Pagaminta i\u0161 auk\u0161\u010diausios kokyb\u0117s laminuotos plok\u0161t\u0117s, kurios nat\u016brali spalva primena kilming\u0105j\u012f \u201eRibbeck\u201c \u0105\u017euol\u0105, \u201eFribo FRIZ01\u201c puikiai tinka bet kuriam moderniam kambariui, ypa\u010d jaunimo erdv\u0117ms. Jos plotis (96,6 cm), auk\u0161tis (85 cm) ir gylis (206,2 cm) garantuoja komfort\u0105 net ir ma\u017eose erdv\u0117se. Modern\u0173 bald\u0173 stili\u0173 pabr\u0117\u017eia paprastos linijos ir auksiniai akcentai, suteikiantys lovai rafinuot\u0105 charakter\u012f. Lovos galv\u016bgalis ir \u0161onai, pagaminti i\u0161 laminuotos med\u017eio dro\u017eli\u0173 plok\u0161t\u0117s, sukuria darni\u0105 ir tvirt\u0105 strukt\u016br\u0105, itin atspari\u0105 trin\u010diai, dr\u0117gmei ir auk\u0161tai temperat\u016brai.<\/p>","protected":false},"excerpt":{"rendered":"<p>Plotis (cm): 96,6<br \/>\n\u016agis (cm): 85<br \/>\nGylis (cm): 206,2<\/p>","protected":false},"featured_media":163465,"comment_status":"open","ping_status":"open","template":"","meta":[],"product_brand":[],"product_cat":[9481,505,4107],"product_tag":[],"class_list":{"0":"post-163464","1":"product","2":"type-product","3":"status-publish","4":"has-post-thumbnail","6":"product_cat-furniture-system-fribo-wojcik-meble","7":"product_cat-bedroom-beds","8":"product_cat-meble-wojcik","10":"first","11":"instock","12":"purchasable","13":"product-type-simple"},"_links":{"self":[{"href":"https:\/\/baldumarket.lt\/lt\/wp-json\/wp\/v2\/product\/163464","targetHints":{"allow":["GET"]}}],"collection":[{"href":"https:\/\/baldumarket.lt\/lt\/wp-json\/wp\/v2\/product"}],"about":[{"href":"https:\/\/baldumarket.lt\/lt\/wp-json\/wp\/v2\/types\/product"}],"replies":[{"embeddable":true,"href":"https:\/\/baldumarket.lt\/lt\/wp-json\/wp\/v2\/comments?post=163464"}],"wp:featuredmedia":[{"embeddable":true,"href":"https:\/\/baldumarket.lt\/lt\/wp-json\/wp\/v2\/media\/163465"}],"wp:attachment":[{"href":"https:\/\/baldumarket.lt\/lt\/wp-json\/wp\/v2\/media?parent=163464"}],"wp:term":[{"taxonomy":"product_brand","embeddable":true,"href":"https:\/\/baldumarket.lt\/lt\/wp-json\/wp\/v2\/product_brand?post=163464"},{"taxonomy":"product_cat","embeddable":true,"href":"https:\/\/baldumarket.lt\/lt\/wp-json\/wp\/v2\/product_cat?post=163464"},{"taxonomy":"product_tag","embeddable":true,"href":"https:\/\/baldumarket.lt\/lt\/wp-json\/wp\/v2\/product_tag?post=163464"}],"curies":[{"name":"wp","href":"https:\/\/api.w.org\/{rel}","templated":true}]}}