{"id":163458,"date":"2025-12-19T12:49:17","date_gmt":"2025-12-19T09:49:17","guid":{"rendered":"https:\/\/baldumarket.lt\/product\/fribo-frib03-biurko-2s-dab-ribbeck-zloty\/"},"modified":"2026-04-06T19:19:33","modified_gmt":"2026-04-06T16:19:33","slug":"fribo-frib03-biurko-2s-dab-ribbeck-zloty","status":"publish","type":"product","link":"https:\/\/baldumarket.lt\/lt\/product\/fribo-frib03-biurko-2s-dab-ribbeck-zloty\/","title":{"rendered":"Fribo FRIB03 \u2013 2S Ra\u0161omasis stalas Ribbeck Oak Golden"},"content":{"rendered":"<p>Atraskite tobulai suprojektuot\u0105 darbo viet\u0105, kuri taps j\u016bs\u0173 nam\u0173 \u0161irdimi \u2013 \u201eFribo FRIB03\u201c ra\u0161om\u0105j\u012f stal\u0105 i\u0161 \u201eRibbeck Golden Oak\u201c spalvos. Klasikin\u0117s estetikos ir moderni\u0173 savybi\u0173 d\u0117ka tai puikus pasirinkimas tiems, kurie ie\u0161ko funkcionalumo ir eleganti\u0161kos i\u0161vaizdos. 110 cm plo\u010dio, 75 cm auk\u0161\u010dio ir 65 cm gylio stalas suteikia patogias s\u0105lygas darbui, mokymuisi ar k\u016brybai. Pagaminti i\u0161 auk\u0161tos kokyb\u0117s laminuotos plok\u0161t\u0117s, baldai garantuoja patvarum\u0105 ir atsparum\u0105 kasdieniam naudojimui. \u201eFRIB03\u201c ra\u0161omasis stalas spinduliuoja nat\u016bralia \u201eRibbeck\u201c \u0105\u017euolo spalva, suteikdamas bet kokiam interjerui \u0161ilt\u0105 ir jauki\u0105 atmosfer\u0105. Modernus dizainas, kur\u012f dar labiau sustiprina sistema be ranken\u0117li\u0173, leid\u017eia stalui skland\u017eiai integruotis \u012f bet kok\u012f \u0161iuolaikin\u012f interjer\u0105. Prakti\u0161kas \u0161io baldo aspektas \u2013 du erdv\u016bs stal\u010diai su pilno i\u0161traukimo rutuliniais guoliais, u\u017etikrinantys itin patogi\u0105 prieig\u0105 prie laikom\u0173 dokument\u0173, biuro reikmen\u0173 ir kompiuteri\u0173 pried\u0173. Stalo korpusas ir priekin\u0117 dalis pagaminti i\u0161 laminuotos med\u017eio dro\u017eli\u0173 plok\u0161t\u0117s, u\u017etikrinan\u010dios tvirt\u0105 ir patvari\u0105 konstrukcij\u0105. Plastikin\u0117s kojel\u0117s apsaugo grindis nuo \u012fbr\u0117\u017eim\u0173 ir padidina stabilum\u0105.<\/p>","protected":false},"excerpt":{"rendered":"<p>Plotis (cm): 110<br \/>\n\u016agis (cm): 75<br \/>\nGylis (cm): 65<\/p>","protected":false},"featured_media":163459,"comment_status":"open","ping_status":"open","template":"","meta":[],"product_brand":[],"product_cat":[9481,1312,4107],"product_tag":[],"class_list":{"0":"post-163458","1":"product","2":"type-product","3":"status-publish","4":"has-post-thumbnail","6":"product_cat-furniture-system-fribo-wojcik-meble","7":"product_cat-desks","8":"product_cat-meble-wojcik","10":"first","11":"instock","12":"purchasable","13":"product-type-simple"},"_links":{"self":[{"href":"https:\/\/baldumarket.lt\/lt\/wp-json\/wp\/v2\/product\/163458","targetHints":{"allow":["GET"]}}],"collection":[{"href":"https:\/\/baldumarket.lt\/lt\/wp-json\/wp\/v2\/product"}],"about":[{"href":"https:\/\/baldumarket.lt\/lt\/wp-json\/wp\/v2\/types\/product"}],"replies":[{"embeddable":true,"href":"https:\/\/baldumarket.lt\/lt\/wp-json\/wp\/v2\/comments?post=163458"}],"wp:featuredmedia":[{"embeddable":true,"href":"https:\/\/baldumarket.lt\/lt\/wp-json\/wp\/v2\/media\/163459"}],"wp:attachment":[{"href":"https:\/\/baldumarket.lt\/lt\/wp-json\/wp\/v2\/media?parent=163458"}],"wp:term":[{"taxonomy":"product_brand","embeddable":true,"href":"https:\/\/baldumarket.lt\/lt\/wp-json\/wp\/v2\/product_brand?post=163458"},{"taxonomy":"product_cat","embeddable":true,"href":"https:\/\/baldumarket.lt\/lt\/wp-json\/wp\/v2\/product_cat?post=163458"},{"taxonomy":"product_tag","embeddable":true,"href":"https:\/\/baldumarket.lt\/lt\/wp-json\/wp\/v2\/product_tag?post=163458"}],"curies":[{"name":"wp","href":"https:\/\/api.w.org\/{rel}","templated":true}]}}