{"id":163452,"date":"2025-12-19T12:49:04","date_gmt":"2025-12-19T09:49:04","guid":{"rendered":"https:\/\/baldumarket.lt\/product\/fribo-fris02-szafa-2-drzwiowa-dab-ribbeck-zloty\/"},"modified":"2026-04-06T19:19:33","modified_gmt":"2026-04-06T16:19:33","slug":"fribo-fris02-szafa-2-drzwiowa-dab-ribbeck-zloty","status":"publish","type":"product","link":"https:\/\/baldumarket.lt\/lt\/product\/fribo-fris02-szafa-2-drzwiowa-dab-ribbeck-zloty\/","title":{"rendered":"Fribo FRIS02 \u2013 2 dur\u0173 spinta i\u0161 Ribbeck Golden Oak"},"content":{"rendered":"<p>Pristatome stiling\u0105 ir funkcionali\u0105 \u201eFribo FRIS02\u201c spint\u0105, kurios dizainas puikiai dera prie moderni\u0173, tvarking\u0173 interjero element\u0173, vertinan\u010di\u0173 minimalizm\u0105 ir rafinuot\u0105 estetik\u0105. Rafinuoto \u201eRibbeck Golden Oak\u201c atspalvio apdaila, \u0161i dvidur\u0117 spinta, kurios \u012fsp\u016bdingi matmenys yra 83,1 cm plo\u010dio, 200 cm auk\u0161\u010dio ir 58 cm gylio, taps ne tik prakti\u0161ku, bet ir dekoratyviu bet kurio kambario akcentu. Kruop\u0161\u010diai pagaminta i\u0161 auk\u0161\u010diausios kokyb\u0117s laminuotos plok\u0161t\u0117s, \u201eFribo FRIS02\u201c pasi\u017eymi atsparumu kasdieniam naudojimui. \u0160i med\u017eiaga \u017einoma d\u0117l savo atsparumo dr\u0117gmei ir auk\u0161tai temperat\u016brai, taip pat vis\u0173 tip\u0173 \u012fbr\u0117\u017eimams ir pa\u017eeidimams. \u0160is pasirinkimas u\u017etikrina, kad spinta nepriekai\u0161tingai tarnaus jums daugel\u012f met\u0173. Viduje yra gerai apgalvotas erdv\u0117s organizavimas su drabu\u017ei\u0173 pakaba ir prakti\u0161komis lentynomis, leid\u017eian\u010diomis susisteminti garderob\u0105 pagal individualius poreikius. Nesvarbu, ar jums reikia vietos eleganti\u0161koms striuk\u0117ms, ar kasdieniams drabu\u017eiams, \u201eFribo FRIS02\u201c prisitaikys prie j\u016bs\u0173 poreiki\u0173.<\/p>","protected":false},"excerpt":{"rendered":"<p>Plotis (cm): 83,1<br \/>\n\u016agis (cm): 200<br \/>\nGylis (cm): 58<\/p>","protected":false},"featured_media":163453,"comment_status":"open","ping_status":"open","template":"","meta":[],"product_brand":[],"product_cat":[9481,4107,1177],"product_tag":[],"class_list":{"0":"post-163452","1":"product","2":"type-product","3":"status-publish","4":"has-post-thumbnail","6":"product_cat-furniture-system-fribo-wojcik-meble","7":"product_cat-meble-wojcik","8":"product_cat-wardrobes","10":"first","11":"instock","12":"purchasable","13":"product-type-simple"},"_links":{"self":[{"href":"https:\/\/baldumarket.lt\/lt\/wp-json\/wp\/v2\/product\/163452","targetHints":{"allow":["GET"]}}],"collection":[{"href":"https:\/\/baldumarket.lt\/lt\/wp-json\/wp\/v2\/product"}],"about":[{"href":"https:\/\/baldumarket.lt\/lt\/wp-json\/wp\/v2\/types\/product"}],"replies":[{"embeddable":true,"href":"https:\/\/baldumarket.lt\/lt\/wp-json\/wp\/v2\/comments?post=163452"}],"wp:featuredmedia":[{"embeddable":true,"href":"https:\/\/baldumarket.lt\/lt\/wp-json\/wp\/v2\/media\/163453"}],"wp:attachment":[{"href":"https:\/\/baldumarket.lt\/lt\/wp-json\/wp\/v2\/media?parent=163452"}],"wp:term":[{"taxonomy":"product_brand","embeddable":true,"href":"https:\/\/baldumarket.lt\/lt\/wp-json\/wp\/v2\/product_brand?post=163452"},{"taxonomy":"product_cat","embeddable":true,"href":"https:\/\/baldumarket.lt\/lt\/wp-json\/wp\/v2\/product_cat?post=163452"},{"taxonomy":"product_tag","embeddable":true,"href":"https:\/\/baldumarket.lt\/lt\/wp-json\/wp\/v2\/product_tag?post=163452"}],"curies":[{"name":"wp","href":"https:\/\/api.w.org\/{rel}","templated":true}]}}