{"id":163446,"date":"2025-12-19T12:48:52","date_gmt":"2025-12-19T09:48:52","guid":{"rendered":"https:\/\/baldumarket.lt\/product\/fribo-frip01-polka-wiszaca-dab-ribbeck-zloty\/"},"modified":"2026-04-06T19:19:33","modified_gmt":"2026-04-06T16:19:33","slug":"fribo-frip01-polka-wiszaca-dab-ribbeck-zloty","status":"publish","type":"product","link":"https:\/\/baldumarket.lt\/lt\/product\/fribo-frip01-polka-wiszaca-dab-ribbeck-zloty\/","title":{"rendered":"Fribo FRIP01 \u2013 Pakabinama lentyna Ribbeck auksinis \u0105\u017euolas"},"content":{"rendered":"<p>Atraskite nauj\u0105 funkcionalumo ir rafinuoto dizaino dimensij\u0105 su \u201eFribo FRIP01\u201c lentyna \u201eRibbeck Golden Oak\u201c spalvos. \u0160i unikali, moderni sienin\u0117 lentyna i\u0161siskiria savo novatori\u0161ka, dvipuse konstrukcija, kuri ne tik suteiks j\u016bs\u0173 interjerui unikal\u0173 akcent\u0105, bet ir u\u017etikrins i\u0161skirtin\u0119 talp\u0105 bei organizuotum\u0105. Ie\u0161kote baldo, kuris derint\u0173 prakti\u0161kum\u0105 ir modernum\u0105? \u201eFribo FRIP01\u201c yra abiej\u0173 esm\u0117. \u012esp\u016bdingi \u201eFribo FRIP01\u201c lentynos matmenys \u2013 165,3 cm plo\u010dio, 62 cm auk\u0161\u010dio ir 22 cm gylio, tod\u0117l joje lengvai tilps visos j\u016bs\u0173 knygos, nuotrauk\u0173 r\u0117meliai, dekoracijos ir kiti smulk\u016bs daiktai, kuriuos norite laikyti po ranka. Kruop\u0161\u010diai parinktos bald\u0173 proporcijos leid\u017eia patogiai naudoti tiek erdviose svetain\u0117se, tiek ma\u017eesn\u0117se erdv\u0117se. Auk\u0161tos kokyb\u0117s laminuotos plok\u0161t\u0117s ir \u201eRibbeck Golden Oak\u201c spalvos elegancijos bei \u0161ilumos derinys sukuria bald\u0105, kurio nat\u016bralus charakteris puikiai papildys bet kok\u012f interjero dizain\u0105. Ne veltui laminuota plok\u0161t\u0117 peln\u0117 daugelio vartotoj\u0173 pagyrimus \u2013 jos patvarumas, atsparumas \u012fbr\u0117\u017eimams, dr\u0117gmei ir auk\u0161tai temperat\u016brai yra privalumai, u\u017etikrinantys, kad \u201eFribo FRIP01\u201c tarnaus jums daugel\u012f met\u0173.<\/p>","protected":false},"excerpt":{"rendered":"<p>Plotis (cm): 165,3<br \/>\n\u016agis (cm): 62<br \/>\nGylis (cm): 22<\/p>","protected":false},"featured_media":163447,"comment_status":"open","ping_status":"open","template":"","meta":[],"product_brand":[],"product_cat":[9481,1174,4107],"product_tag":[],"class_list":{"0":"post-163446","1":"product","2":"type-product","3":"status-publish","4":"has-post-thumbnail","6":"product_cat-furniture-system-fribo-wojcik-meble","7":"product_cat-hanging-shelves","8":"product_cat-meble-wojcik","10":"first","11":"instock","12":"purchasable","13":"product-type-simple"},"_links":{"self":[{"href":"https:\/\/baldumarket.lt\/lt\/wp-json\/wp\/v2\/product\/163446","targetHints":{"allow":["GET"]}}],"collection":[{"href":"https:\/\/baldumarket.lt\/lt\/wp-json\/wp\/v2\/product"}],"about":[{"href":"https:\/\/baldumarket.lt\/lt\/wp-json\/wp\/v2\/types\/product"}],"replies":[{"embeddable":true,"href":"https:\/\/baldumarket.lt\/lt\/wp-json\/wp\/v2\/comments?post=163446"}],"wp:featuredmedia":[{"embeddable":true,"href":"https:\/\/baldumarket.lt\/lt\/wp-json\/wp\/v2\/media\/163447"}],"wp:attachment":[{"href":"https:\/\/baldumarket.lt\/lt\/wp-json\/wp\/v2\/media?parent=163446"}],"wp:term":[{"taxonomy":"product_brand","embeddable":true,"href":"https:\/\/baldumarket.lt\/lt\/wp-json\/wp\/v2\/product_brand?post=163446"},{"taxonomy":"product_cat","embeddable":true,"href":"https:\/\/baldumarket.lt\/lt\/wp-json\/wp\/v2\/product_cat?post=163446"},{"taxonomy":"product_tag","embeddable":true,"href":"https:\/\/baldumarket.lt\/lt\/wp-json\/wp\/v2\/product_tag?post=163446"}],"curies":[{"name":"wp","href":"https:\/\/api.w.org\/{rel}","templated":true}]}}