{"id":163440,"date":"2025-12-19T12:48:40","date_gmt":"2025-12-19T09:48:40","guid":{"rendered":"https:\/\/baldumarket.lt\/product\/fribo-frip02-polka-wiszaca-dab-ribbeck-zloty\/"},"modified":"2026-04-06T19:19:33","modified_gmt":"2026-04-06T16:19:33","slug":"fribo-frip02-polka-wiszaca-dab-ribbeck-zloty","status":"publish","type":"product","link":"https:\/\/baldumarket.lt\/lt\/product\/fribo-frip02-polka-wiszaca-dab-ribbeck-zloty\/","title":{"rendered":"Fribo FRIP02 \u2013 Pakabinama lentyna Ribbeck auksinis \u0105\u017euolas"},"content":{"rendered":"<p>Atraskite unikal\u0173 funkcionalumo ir eleganti\u0161ko dizaino derin\u012f su \u201eFribo FRIP02\u201c lentyna \u2013 puikus sprendimas ie\u0161kantiems stilingo ir prakti\u0161ko baldo savo interjerui. Rinkit\u0117s lentyn\u0105, kuri i\u0161siskiria unikalia i\u0161vaizda ir auksinio \u201eRibbecki\u201c \u0105\u017euolo atspalviu, suteikdama bet kokiam kambariui \u0161ilumos ir prabangos. Sukurta galvojant apie modern\u0173 interjer\u0105, \u201eFribo FRIP02\u201c lentyna, kurios plotis yra 135,3 cm, auk\u0161tis \u2013 62 cm, o gylis \u2013 22 cm, puikiai tinka svetain\u0117ms, miegamiesiems, biurams ir skaitymo erdv\u0117ms. Nat\u016brali spalva ir modernus stilius sukuria puiki\u0105 aplink\u0105 m\u0117gstamoms dekoracijoms, knygoms ar multimedijos kolekcijoms eksponuoti. \u201eFribo FRIP02\u201c lentyna pagaminta i\u0161 auk\u0161tos kokyb\u0117s laminuotos plok\u0161t\u0117s, kuri yra ne tik esteti\u0161kai patraukli, bet ir itin patvari. D\u0117l kasdieniam naudojimui atspari\u0173 med\u017eiag\u0173, toki\u0173 kaip laminuota med\u017eio dro\u017eli\u0173 plok\u0161t\u0117 lentynai ir galinei sienelei, \u0161is baldas yra labai atsparus \u012fbr\u0117\u017eimams, mechaniniams pa\u017eeidimams, dr\u0117gmei ir auk\u0161tai temperat\u016brai.<\/p>","protected":false},"excerpt":{"rendered":"<p>Plotis (cm): 135,3<br \/>\n\u016agis (cm): 62<br \/>\nGylis (cm): 22<\/p>","protected":false},"featured_media":163441,"comment_status":"open","ping_status":"open","template":"","meta":[],"product_brand":[],"product_cat":[9481,1174,4107],"product_tag":[],"class_list":{"0":"post-163440","1":"product","2":"type-product","3":"status-publish","4":"has-post-thumbnail","6":"product_cat-furniture-system-fribo-wojcik-meble","7":"product_cat-hanging-shelves","8":"product_cat-meble-wojcik","10":"first","11":"instock","12":"purchasable","13":"product-type-simple"},"_links":{"self":[{"href":"https:\/\/baldumarket.lt\/lt\/wp-json\/wp\/v2\/product\/163440","targetHints":{"allow":["GET"]}}],"collection":[{"href":"https:\/\/baldumarket.lt\/lt\/wp-json\/wp\/v2\/product"}],"about":[{"href":"https:\/\/baldumarket.lt\/lt\/wp-json\/wp\/v2\/types\/product"}],"replies":[{"embeddable":true,"href":"https:\/\/baldumarket.lt\/lt\/wp-json\/wp\/v2\/comments?post=163440"}],"wp:featuredmedia":[{"embeddable":true,"href":"https:\/\/baldumarket.lt\/lt\/wp-json\/wp\/v2\/media\/163441"}],"wp:attachment":[{"href":"https:\/\/baldumarket.lt\/lt\/wp-json\/wp\/v2\/media?parent=163440"}],"wp:term":[{"taxonomy":"product_brand","embeddable":true,"href":"https:\/\/baldumarket.lt\/lt\/wp-json\/wp\/v2\/product_brand?post=163440"},{"taxonomy":"product_cat","embeddable":true,"href":"https:\/\/baldumarket.lt\/lt\/wp-json\/wp\/v2\/product_cat?post=163440"},{"taxonomy":"product_tag","embeddable":true,"href":"https:\/\/baldumarket.lt\/lt\/wp-json\/wp\/v2\/product_tag?post=163440"}],"curies":[{"name":"wp","href":"https:\/\/api.w.org\/{rel}","templated":true}]}}