{"id":163434,"date":"2025-12-19T12:48:27","date_gmt":"2025-12-19T09:48:27","guid":{"rendered":"https:\/\/baldumarket.lt\/product\/fribo-frib01-biurko-1d1s-dab-ribbeck-zloty\/"},"modified":"2026-04-06T19:19:33","modified_gmt":"2026-04-06T16:19:33","slug":"fribo-frib01-biurko-1d1s-dab-ribbeck-zloty","status":"publish","type":"product","link":"https:\/\/baldumarket.lt\/lt\/product\/fribo-frib01-biurko-1d1s-dab-ribbeck-zloty\/","title":{"rendered":"Fribo FRIB01 \u2013 Ra\u0161omasis stalas 1D1S Ribbeck Oak Golden"},"content":{"rendered":"<p>Sutvarkykite savo darbo viet\u0105 su eleganti\u0161ku ir funkcionaliu \u2019Fribo FRIB01\u201c stalu i\u0161 \u201eRibbeck Golden Oak\u201c spalvos, kuris suteiks modernumo j\u016bs\u0173 nam\u0173 biurui ar studijai. 135,4 cm plo\u010dio, 74,9 cm auk\u0161\u010dio ir 65 cm gylio \u201eFribo FRIB01\u201c si\u016blo optimali\u0105 erdv\u0119 darbui ir mokymuisi, neu\u017eimdamas per daug vietos. Stalo konstrukcija i\u0161 auk\u0161tos kokyb\u0117s laminuotos plok\u0161t\u0117s garantuoja patvarum\u0105 ir atsparum\u0105 kasdieniam naudojimui. Korpusui ir priekiui naudojama laminuota med\u017eio dro\u017eli\u0173 plok\u0161t\u0117 yra atspari mechaniniams pa\u017eeidimams, \u012fbr\u0117\u017eimams, dr\u0117gmei ir auk\u0161tai temperat\u016brai, tod\u0117l stalas daugel\u012f met\u0173 i\u0161laikys savo nepriekai\u0161ting\u0105 i\u0161vaizd\u0105. Minimalistinis \u201eFribo FRIB01\u201c dizainas puikiai dera su moderniu interjeru. Stal\u010diai be ranken\u0117li\u0173 ir spintel\u0117 pagerina bald\u0173 estetik\u0105, suteikdami lengvumo ir modernumo poj\u016bt\u012f. Skland\u017eiai rutuliniai guoliai u\u017etikrina visi\u0161k\u0105 stal\u010di\u0173 i\u0161traukim\u0105, o tai \u017eymiai padidina komfort\u0105 ir suteikia lengv\u0105 prieig\u0105 prie laikom\u0173 daikt\u0173.<\/p>","protected":false},"excerpt":{"rendered":"<p>Plotis (cm): 135,4<br \/>\n\u016agis (cm): 74,9<br \/>\nGylis (cm): 65<\/p>","protected":false},"featured_media":163435,"comment_status":"open","ping_status":"open","template":"","meta":[],"product_brand":[],"product_cat":[9481,1312,4107],"product_tag":[],"class_list":{"0":"post-163434","1":"product","2":"type-product","3":"status-publish","4":"has-post-thumbnail","6":"product_cat-furniture-system-fribo-wojcik-meble","7":"product_cat-desks","8":"product_cat-meble-wojcik","10":"first","11":"instock","12":"purchasable","13":"product-type-simple"},"_links":{"self":[{"href":"https:\/\/baldumarket.lt\/lt\/wp-json\/wp\/v2\/product\/163434","targetHints":{"allow":["GET"]}}],"collection":[{"href":"https:\/\/baldumarket.lt\/lt\/wp-json\/wp\/v2\/product"}],"about":[{"href":"https:\/\/baldumarket.lt\/lt\/wp-json\/wp\/v2\/types\/product"}],"replies":[{"embeddable":true,"href":"https:\/\/baldumarket.lt\/lt\/wp-json\/wp\/v2\/comments?post=163434"}],"wp:featuredmedia":[{"embeddable":true,"href":"https:\/\/baldumarket.lt\/lt\/wp-json\/wp\/v2\/media\/163435"}],"wp:attachment":[{"href":"https:\/\/baldumarket.lt\/lt\/wp-json\/wp\/v2\/media?parent=163434"}],"wp:term":[{"taxonomy":"product_brand","embeddable":true,"href":"https:\/\/baldumarket.lt\/lt\/wp-json\/wp\/v2\/product_brand?post=163434"},{"taxonomy":"product_cat","embeddable":true,"href":"https:\/\/baldumarket.lt\/lt\/wp-json\/wp\/v2\/product_cat?post=163434"},{"taxonomy":"product_tag","embeddable":true,"href":"https:\/\/baldumarket.lt\/lt\/wp-json\/wp\/v2\/product_tag?post=163434"}],"curies":[{"name":"wp","href":"https:\/\/api.w.org\/{rel}","templated":true}]}}