{"id":163428,"date":"2025-12-19T12:48:14","date_gmt":"2025-12-19T09:48:14","guid":{"rendered":"https:\/\/baldumarket.lt\/product\/flexi-flxz01-lozko-90-1s-biale-szare\/"},"modified":"2026-04-06T18:44:36","modified_gmt":"2026-04-06T15:44:36","slug":"flexi-flxz01-lozko-90-1s-biale-szare","status":"publish","type":"product","link":"https:\/\/baldumarket.lt\/lt\/product\/flexi-flxz01-lozko-90-1s-biale-szare\/","title":{"rendered":"Flexi FLXZ01 \u2013 Lova 90 1S balta\/pilka"},"content":{"rendered":"<p>Atraskite moderni\u0105 ramyb\u0117s oaz\u0119 su \u201eFlexi FLXZ01 \u2013 Bed 90 1S White\u201c, kuri bet kuriame jaunimo kambaryje atne\u0161a palaiming\u0105 atsipalaidavim\u0105 ir minimalistin\u012f dizain\u0105. \u0160is modelis yra puikus sprendimas tiems, kurie vertina funkcionalum\u0105, rafinuot\u0105 stili\u0173 ir kokybi\u0161k\u0105 meistri\u0161kum\u0105. Eleganti\u0161ka balta spalva ir subtilus kontrastas su \u201eBillbergia\u201c dekoru paver\u010dia \u0161i\u0105 lov\u0105 bet kokio interjero traukos centru. \u201eFlexi\u201c lova pasi\u017eymi moderniu stiliumi, kuriame pastebimas d\u0117mesys detal\u0117ms. Sukurta atsi\u017evelgiant \u012f komfort\u0105, ji pasi\u017eymi auk\u0161tais i\u0161 laminuotos plok\u0161t\u0117s pagamintais \u0161onais, kurie garantuoja patog\u0173 mieg\u0105 ir apsaugo sienas nuo nusid\u0117v\u0117jimo. Lovos \u0161onai ir ply\u0161iai, taip pat pagaminti i\u0161 auk\u0161tos kokyb\u0117s laminuotos med\u017eio dro\u017eli\u0173 plok\u0161t\u0117s, u\u017etikrina konstrukcijos stabilum\u0105 ir lyg\u0173, lengvai valom\u0105 pavir\u0161i\u0173. Lovos matmenys \u2013 95,4 cm plo\u010dio, 75,5 cm auk\u0161\u010dio ir 204,9 cm gylio \u2013 optimaliai tiks jaunimo kambaryje, palikdami vietos papildomiems baldams ir jud\u0117jimo laisv\u0119. Balduose naudojama sistema be ranken\u0117li\u0173 pabr\u0117\u017eia j\u0173 modern\u0173 charakter\u012f, o stal\u010dius ant kreipian\u010di\u0173j\u0173 ratuk\u0173 yra funkcionalus priedas, leid\u017eiantis laikyti patalyn\u0119 ar kitus daiktus.<\/p>","protected":false},"excerpt":{"rendered":"<p>Plotis (cm): 95,4<br \/>\n\u016agis (cm): 75,5<br \/>\nGylis (cm): 204,9<\/p>","protected":false},"featured_media":163429,"comment_status":"open","ping_status":"open","template":"","meta":[],"product_brand":[],"product_cat":[9480,505,4107],"product_tag":[],"class_list":{"0":"post-163428","1":"product","2":"type-product","3":"status-publish","4":"has-post-thumbnail","6":"product_cat-furniture-system-flexi-wojcik-meble","7":"product_cat-bedroom-beds","8":"product_cat-meble-wojcik","10":"first","11":"instock","12":"purchasable","13":"product-type-simple"},"_links":{"self":[{"href":"https:\/\/baldumarket.lt\/lt\/wp-json\/wp\/v2\/product\/163428","targetHints":{"allow":["GET"]}}],"collection":[{"href":"https:\/\/baldumarket.lt\/lt\/wp-json\/wp\/v2\/product"}],"about":[{"href":"https:\/\/baldumarket.lt\/lt\/wp-json\/wp\/v2\/types\/product"}],"replies":[{"embeddable":true,"href":"https:\/\/baldumarket.lt\/lt\/wp-json\/wp\/v2\/comments?post=163428"}],"wp:featuredmedia":[{"embeddable":true,"href":"https:\/\/baldumarket.lt\/lt\/wp-json\/wp\/v2\/media\/163429"}],"wp:attachment":[{"href":"https:\/\/baldumarket.lt\/lt\/wp-json\/wp\/v2\/media?parent=163428"}],"wp:term":[{"taxonomy":"product_brand","embeddable":true,"href":"https:\/\/baldumarket.lt\/lt\/wp-json\/wp\/v2\/product_brand?post=163428"},{"taxonomy":"product_cat","embeddable":true,"href":"https:\/\/baldumarket.lt\/lt\/wp-json\/wp\/v2\/product_cat?post=163428"},{"taxonomy":"product_tag","embeddable":true,"href":"https:\/\/baldumarket.lt\/lt\/wp-json\/wp\/v2\/product_tag?post=163428"}],"curies":[{"name":"wp","href":"https:\/\/api.w.org\/{rel}","templated":true}]}}