{"id":163422,"date":"2025-12-19T12:48:00","date_gmt":"2025-12-19T09:48:00","guid":{"rendered":"https:\/\/baldumarket.lt\/product\/flexi-flxz02-lozko-120-1s-biale-szare\/"},"modified":"2026-04-06T18:44:36","modified_gmt":"2026-04-06T15:44:36","slug":"flexi-flxz02-lozko-120-1s-biale-szare","status":"publish","type":"product","link":"https:\/\/baldumarket.lt\/lt\/product\/flexi-flxz02-lozko-120-1s-biale-szare\/","title":{"rendered":"Flexi FLXZ02 \u2013 Lova 120 1S balta\/pilka"},"content":{"rendered":"<p>Atraskite tobul\u0105 elegancijos ir funkcionalumo harmonij\u0105 su \u201eFlexi FLXZ02 \u2013 Bed 120 1S White\u201c, kuri\u0105 suk\u016br\u0117 \u017einomi dizaineriai, galvodami apie modernius miegamuosius. \u0160is baldas derina nesenstant\u012f dizain\u0105 ir prakti\u0161kum\u0105, puikiai papildydamas tiek minimalistin\u012f, tiek puo\u0161nesn\u012f interjer\u0105. \u201eFlexi FLXZ02\u201c lova \u017eavi savo estetika ir auk\u0161tos kokyb\u0117s meistri\u0161kumu. Baltos spalvos ji suteikia j\u016bs\u0173 miegamajam gaivumo ir ry\u0161kumo, dar labiau pa\u0161viesindama erdv\u0119. Visa konstrukcija pagaminta i\u0161 tvirtos laminuotos plok\u0161t\u0117s, kuri ne tik puikiai atrodo, bet ir garantuoja ilgaam\u017ei\u0161kum\u0105. Korpuso ir priekin\u0117s dalies konstrukcijoje naudojama laminuota med\u017eio dro\u017eli\u0173 plok\u0161t\u0117, dar labiau pabr\u0117\u017eianti baldo stabilum\u0105 ir kokyb\u0119. Modernus \u0161ios lovos stilius atsispindi ne tik jos i\u0161vaizdoje, bet ir ranken\u0117li\u0173 neturin\u010dioje sistemoje, kuri garantuoja modern\u0173 charakter\u012f ir paprast\u0105 naudojim\u0105. Dar vienas svarbus \u0161io baldo bruo\u017eas \u2013 prakti\u0161kas stal\u010dius ant ratuk\u0173, kuris puikiai tinka retai naudojamiems drabu\u017eiams, patalynei ir daugeliui kit\u0173 aksesuar\u0173 laikyti. Tai i\u0161manus sprendimas, taupantis viet\u0105 ir u\u017etikrinantis tvark\u0105 j\u016bs\u0173 miegamajame.<\/p>","protected":false},"excerpt":{"rendered":"<p>Plotis (cm): 125,6<br \/>\n\u016agis (cm): 75,5<br \/>\nGylis (cm): 204,9<\/p>","protected":false},"featured_media":163423,"comment_status":"open","ping_status":"open","template":"","meta":[],"product_brand":[],"product_cat":[9480,505,4107],"product_tag":[],"class_list":{"0":"post-163422","1":"product","2":"type-product","3":"status-publish","4":"has-post-thumbnail","6":"product_cat-furniture-system-flexi-wojcik-meble","7":"product_cat-bedroom-beds","8":"product_cat-meble-wojcik","10":"first","11":"instock","12":"purchasable","13":"product-type-simple"},"_links":{"self":[{"href":"https:\/\/baldumarket.lt\/lt\/wp-json\/wp\/v2\/product\/163422","targetHints":{"allow":["GET"]}}],"collection":[{"href":"https:\/\/baldumarket.lt\/lt\/wp-json\/wp\/v2\/product"}],"about":[{"href":"https:\/\/baldumarket.lt\/lt\/wp-json\/wp\/v2\/types\/product"}],"replies":[{"embeddable":true,"href":"https:\/\/baldumarket.lt\/lt\/wp-json\/wp\/v2\/comments?post=163422"}],"wp:featuredmedia":[{"embeddable":true,"href":"https:\/\/baldumarket.lt\/lt\/wp-json\/wp\/v2\/media\/163423"}],"wp:attachment":[{"href":"https:\/\/baldumarket.lt\/lt\/wp-json\/wp\/v2\/media?parent=163422"}],"wp:term":[{"taxonomy":"product_brand","embeddable":true,"href":"https:\/\/baldumarket.lt\/lt\/wp-json\/wp\/v2\/product_brand?post=163422"},{"taxonomy":"product_cat","embeddable":true,"href":"https:\/\/baldumarket.lt\/lt\/wp-json\/wp\/v2\/product_cat?post=163422"},{"taxonomy":"product_tag","embeddable":true,"href":"https:\/\/baldumarket.lt\/lt\/wp-json\/wp\/v2\/product_tag?post=163422"}],"curies":[{"name":"wp","href":"https:\/\/api.w.org\/{rel}","templated":true}]}}