{"id":163416,"date":"2025-12-19T12:47:48","date_gmt":"2025-12-19T09:47:48","guid":{"rendered":"https:\/\/baldumarket.lt\/product\/flexi-flxp01-polka-wiszaca-biala-szara\/"},"modified":"2026-04-06T18:44:26","modified_gmt":"2026-04-06T15:44:26","slug":"flexi-flxp01-polka-wiszaca-biala-szara","status":"publish","type":"product","link":"https:\/\/baldumarket.lt\/lt\/product\/flexi-flxp01-polka-wiszaca-biala-szara\/","title":{"rendered":"Flexi FLXP01 \u2013 pakabinama lentyna, balta\/pilka"},"content":{"rendered":"<p>Atraskite nauj\u0105 organizavimo ir stiliaus dimensij\u0105 savo interjere su \u201eFlexi FLXP01\u201c lentyna \u2013 puikus sprendimas visiems, kurie vertina funkcionalumo ir modernaus dizaino derin\u012f. M\u016bs\u0173 balta lentyna ne tik atrodo gra\u017eiai, bet ir si\u016blo prakti\u0161kus sprendimus m\u0117gstamoms knygoms ar dekoracijoms laikyti ir eksponuoti. \u201eFlexi FLXP01\u201c i\u0161siskiria harmonija ir subtilumu, pasiekiamu \u0161velniai u\u017eapvalint\u0173 kra\u0161t\u0173 d\u0117ka. \u0160i lentyna skland\u017eiai dera su \u012fvairiais i\u0161d\u0117stymais, tapdama universaliu elementu bet kuriame kambaryje \u2013 nuo \u200b\u200bklasikini\u0173 erdvi\u0173 iki moderni\u0173 loft\u0173, i\u0161laikant formos ir spalvos grynum\u0105. \u0160is gaminys s\u0117kmingai atlaikys kasdienio naudojimo reikalavimus \u2013 pagamintas i\u0161 auk\u0161tos kokyb\u0117s laminuotos med\u017eio dro\u017eli\u0173 plok\u0161t\u0117s, garantuoja atsparum\u0105 pa\u017eeidimams ir \u012fbr\u0117\u017eimams. Be to, \u0161i med\u017eiaga yra atspari dr\u0117gmei ir auk\u0161tai temperat\u016brai, o tai ne\u012fkainojama savyb\u0117 u\u017etikrinant ilgalaik\u012f ir be r\u016bpes\u010di\u0173 veikim\u0105.<\/p>","protected":false},"excerpt":{"rendered":"<p>Plotis (cm): 118<br \/>\n\u016agis (cm): 26<br \/>\nGylis (cm): 24<\/p>","protected":false},"featured_media":163417,"comment_status":"open","ping_status":"open","template":"","meta":[],"product_brand":[],"product_cat":[9480,1174,4107],"product_tag":[],"class_list":{"0":"post-163416","1":"product","2":"type-product","3":"status-publish","4":"has-post-thumbnail","6":"product_cat-furniture-system-flexi-wojcik-meble","7":"product_cat-hanging-shelves","8":"product_cat-meble-wojcik","10":"first","11":"instock","12":"purchasable","13":"product-type-simple"},"_links":{"self":[{"href":"https:\/\/baldumarket.lt\/lt\/wp-json\/wp\/v2\/product\/163416","targetHints":{"allow":["GET"]}}],"collection":[{"href":"https:\/\/baldumarket.lt\/lt\/wp-json\/wp\/v2\/product"}],"about":[{"href":"https:\/\/baldumarket.lt\/lt\/wp-json\/wp\/v2\/types\/product"}],"replies":[{"embeddable":true,"href":"https:\/\/baldumarket.lt\/lt\/wp-json\/wp\/v2\/comments?post=163416"}],"wp:featuredmedia":[{"embeddable":true,"href":"https:\/\/baldumarket.lt\/lt\/wp-json\/wp\/v2\/media\/163417"}],"wp:attachment":[{"href":"https:\/\/baldumarket.lt\/lt\/wp-json\/wp\/v2\/media?parent=163416"}],"wp:term":[{"taxonomy":"product_brand","embeddable":true,"href":"https:\/\/baldumarket.lt\/lt\/wp-json\/wp\/v2\/product_brand?post=163416"},{"taxonomy":"product_cat","embeddable":true,"href":"https:\/\/baldumarket.lt\/lt\/wp-json\/wp\/v2\/product_cat?post=163416"},{"taxonomy":"product_tag","embeddable":true,"href":"https:\/\/baldumarket.lt\/lt\/wp-json\/wp\/v2\/product_tag?post=163416"}],"curies":[{"name":"wp","href":"https:\/\/api.w.org\/{rel}","templated":true}]}}