{"id":163410,"date":"2025-12-19T12:47:36","date_gmt":"2025-12-19T09:47:36","guid":{"rendered":"https:\/\/baldumarket.lt\/product\/flexi-flxp02-polka-wiszaca-biala-szara\/"},"modified":"2026-04-06T18:44:26","modified_gmt":"2026-04-06T15:44:26","slug":"flexi-flxp02-polka-wiszaca-biala-szara","status":"publish","type":"product","link":"https:\/\/baldumarket.lt\/lt\/product\/flexi-flxp02-polka-wiszaca-biala-szara\/","title":{"rendered":"Flexi FLXP02 \u2013 pakabinama lentyna, balta\/pilka"},"content":{"rendered":"<p>Atraskite nauj\u0105 funkcionalaus ir stilingo daikt\u0173 laikymo dimensij\u0105 su m\u016bs\u0173 \u201eFlexi FLXP02\u201c lentyna \u2013 gra\u017eiu bet kurios modernios erdv\u0117s papildymu. \u0160is baltas lentynos modelis taps harmonijos ir tvarkos oaze j\u016bs\u0173 namuose, savo paprastomis linijomis ir eleganti\u0161komis spalvomis i\u0161skirs kitus baldus. Derinant modern\u0173 stili\u0173 su i\u0161skirtiniu prakti\u0161kumu, \u201eFlexi FLXP02\u201c yra pasirinkimas, kuris patenkins net i\u0161rankiausi\u0173 nam\u0173 dekoro entuziast\u0173 l\u016bkes\u010dius. \u201eFlexi\u201c lentynos dizaino parametrai \u012fsp\u016bdingi \u2013 118 cm plo\u010dio, 48 cm auk\u0161\u010dio ir 24 cm gylio, ji suteikia daug vietos j\u016bs\u0173 knygoms, dekoratyviniams daiktams ar vazonini\u0173 augal\u0173 kolekcijoms. D\u0117l dviej\u0173 demonstravimo lygi\u0173 kiekvienas daiktas ras savo tobul\u0105 viet\u0105, suteikdamas j\u016bs\u0173 namams tvarkos ir estetikos. Laminuotos plok\u0161t\u0117s konstrukcija garantuoja ilgaam\u017ei\u0161kum\u0105, atsparum\u0105 kasdieniam naudojimui ir lengv\u0105 valym\u0105. Estetika yra svarbus bet kokio interjero elementas, tod\u0117l Alpi\u0173 baltumo \u201eFlexi FLXP02\u201c lentyna lengvai dera prie \u012fvairi\u0173 interjero dizaino stili\u0173. Nesvarbu, ar kuriate minimalistin\u0119, skandinavi\u0161k\u0105, ar net industrin\u0119 erdv\u0119, balta lentyna i\u0161 \u0161ios kolekcijos puikiai papildys bet kurio kambario dizain\u0105. Subtilus jos atspalvis pagyvins erdv\u0119, suteikdamas lengvumo ir gaivumo.<\/p>","protected":false},"excerpt":{"rendered":"<p>Plotis (cm): 118<br \/>\n\u016agis (cm): 48<br \/>\nGylis (cm): 24<\/p>","protected":false},"featured_media":163411,"comment_status":"open","ping_status":"open","template":"","meta":[],"product_brand":[],"product_cat":[9480,1174,4107],"product_tag":[],"class_list":{"0":"post-163410","1":"product","2":"type-product","3":"status-publish","4":"has-post-thumbnail","6":"product_cat-furniture-system-flexi-wojcik-meble","7":"product_cat-hanging-shelves","8":"product_cat-meble-wojcik","10":"first","11":"instock","12":"purchasable","13":"product-type-simple"},"_links":{"self":[{"href":"https:\/\/baldumarket.lt\/lt\/wp-json\/wp\/v2\/product\/163410","targetHints":{"allow":["GET"]}}],"collection":[{"href":"https:\/\/baldumarket.lt\/lt\/wp-json\/wp\/v2\/product"}],"about":[{"href":"https:\/\/baldumarket.lt\/lt\/wp-json\/wp\/v2\/types\/product"}],"replies":[{"embeddable":true,"href":"https:\/\/baldumarket.lt\/lt\/wp-json\/wp\/v2\/comments?post=163410"}],"wp:featuredmedia":[{"embeddable":true,"href":"https:\/\/baldumarket.lt\/lt\/wp-json\/wp\/v2\/media\/163411"}],"wp:attachment":[{"href":"https:\/\/baldumarket.lt\/lt\/wp-json\/wp\/v2\/media?parent=163410"}],"wp:term":[{"taxonomy":"product_brand","embeddable":true,"href":"https:\/\/baldumarket.lt\/lt\/wp-json\/wp\/v2\/product_brand?post=163410"},{"taxonomy":"product_cat","embeddable":true,"href":"https:\/\/baldumarket.lt\/lt\/wp-json\/wp\/v2\/product_cat?post=163410"},{"taxonomy":"product_tag","embeddable":true,"href":"https:\/\/baldumarket.lt\/lt\/wp-json\/wp\/v2\/product_tag?post=163410"}],"curies":[{"name":"wp","href":"https:\/\/api.w.org\/{rel}","templated":true}]}}