{"id":163404,"date":"2025-12-19T12:47:24","date_gmt":"2025-12-19T09:47:24","guid":{"rendered":"https:\/\/baldumarket.lt\/product\/flexi-flxb01-biurko-1d1s-biale-szare\/"},"modified":"2026-04-06T19:19:33","modified_gmt":"2026-04-06T16:19:33","slug":"flexi-flxb01-biurko-1d1s-biale-szare","status":"publish","type":"product","link":"https:\/\/baldumarket.lt\/lt\/product\/flexi-flxb01-biurko-1d1s-biale-szare\/","title":{"rendered":"Flexi FLXB01 \u2013 1D1S ra\u0161omasis stalas, baltas\/pilkas"},"content":{"rendered":"<p>\u201eFlexi FLXB01 \u2013 1D1S\u201c baltas ra\u0161omasis stalas yra elegancijos ir funkcionalumo kvintesencija stal\u0173 kategorijoje. 118 cm plo\u010dio, 77 cm auk\u0161\u010dio ir 54 cm gylio matmenys suteikia \u0161iam baldui ideal\u0173 pasirinkim\u0105 ne tik vaik\u0173 kambariui, bet ir stilingam nam\u0173 biurui. Balta spalva ir toki\u0173 med\u017eiag\u0173 kaip laminuota plok\u0161t\u0117 bei MDF panaudojimas daro \u0161\u012f bald\u0105 patvar\u0173 ir esteti\u0161kai patraukl\u0173. \u0160is dizainerio po\u017ei\u016bris \u012f klasikinius baldus atsispindi moderniame stiliuje, kuris \u012fne\u0161 gaivos \u012f bet kok\u012f interjer\u0105. Stalo korpusas pagamintas i\u0161 auk\u0161tos kokyb\u0117s laminuotos med\u017eio dro\u017eli\u0173 plok\u0161t\u0117s, o priekin\u0117 dalis dekoruota MDF, sutvirtinta PVC folija. Kontrastas tarp subtilaus stal\u010diaus ir stal\u010diaus, taip pat horizontalus frezavimas priekin\u0117je dalyje, daro \u0161\u012f bald\u0105 ne tik ak\u012f traukian\u010diu, bet ir bet kurio kambario akcentu. Lengvas naudojimas yra svarbiausia detal\u0117ms. Sistema be ranken\u0117li\u0173 sukuria lygias linijas ir leid\u017eia lengvai atidaryti stal\u010dius bei spinteli\u0173 dureles. Kalbant apie funkcionalum\u0105, erdvus stal\u010dius su patogiu ir patikimu pilnu i\u0161traukimu ir erdvi spintel\u0117 suteikia vietos visiems reikalingiems priedams laikyti. Prie to prid\u0117kite pasl\u0117ptus vyrius ir rutulinius guolius turin\u010dias b\u0117geles, kurios u\u017etikrina tyl\u0173 ir skland\u0173 kiekvieno elemento veikim\u0105.<\/p>","protected":false},"excerpt":{"rendered":"<p>Plotis (cm): 118<br \/>\n\u016agis (cm): 77<br \/>\nGylis (cm): 54<\/p>","protected":false},"featured_media":163405,"comment_status":"open","ping_status":"open","template":"","meta":[],"product_brand":[],"product_cat":[9480,1312,4107],"product_tag":[],"class_list":{"0":"post-163404","1":"product","2":"type-product","3":"status-publish","4":"has-post-thumbnail","6":"product_cat-furniture-system-flexi-wojcik-meble","7":"product_cat-desks","8":"product_cat-meble-wojcik","10":"first","11":"instock","12":"purchasable","13":"product-type-simple"},"_links":{"self":[{"href":"https:\/\/baldumarket.lt\/lt\/wp-json\/wp\/v2\/product\/163404","targetHints":{"allow":["GET"]}}],"collection":[{"href":"https:\/\/baldumarket.lt\/lt\/wp-json\/wp\/v2\/product"}],"about":[{"href":"https:\/\/baldumarket.lt\/lt\/wp-json\/wp\/v2\/types\/product"}],"replies":[{"embeddable":true,"href":"https:\/\/baldumarket.lt\/lt\/wp-json\/wp\/v2\/comments?post=163404"}],"wp:featuredmedia":[{"embeddable":true,"href":"https:\/\/baldumarket.lt\/lt\/wp-json\/wp\/v2\/media\/163405"}],"wp:attachment":[{"href":"https:\/\/baldumarket.lt\/lt\/wp-json\/wp\/v2\/media?parent=163404"}],"wp:term":[{"taxonomy":"product_brand","embeddable":true,"href":"https:\/\/baldumarket.lt\/lt\/wp-json\/wp\/v2\/product_brand?post=163404"},{"taxonomy":"product_cat","embeddable":true,"href":"https:\/\/baldumarket.lt\/lt\/wp-json\/wp\/v2\/product_cat?post=163404"},{"taxonomy":"product_tag","embeddable":true,"href":"https:\/\/baldumarket.lt\/lt\/wp-json\/wp\/v2\/product_tag?post=163404"}],"curies":[{"name":"wp","href":"https:\/\/api.w.org\/{rel}","templated":true}]}}