{"id":163398,"date":"2025-12-19T12:47:13","date_gmt":"2025-12-19T09:47:13","guid":{"rendered":"https:\/\/baldumarket.lt\/product\/flexi-flxr01-regal-1s-bialy-szary\/"},"modified":"2026-04-06T19:19:33","modified_gmt":"2026-04-06T16:19:33","slug":"flexi-flxr01-regal-1s-bialy-szary","status":"publish","type":"product","link":"https:\/\/baldumarket.lt\/lt\/product\/flexi-flxr01-regal-1s-bialy-szary\/","title":{"rendered":"Flexi FLXR01 \u2013 1S lentyna, balta\/pilka"},"content":{"rendered":"<p>Ie\u0161kote \u012fsp\u016bdingo ir funkcionalaus sprendimo, kaip sutvarkyti savo knyg\u0173 kolekcij\u0105, m\u0117gstamus \u012frenginius ar b\u016btiniausius dokumentus? \u201eFlexi FLXR01 \u2013 White 1S\u201c knyg\u0173 lentyna yra erdv\u0117s organizavimo meistr\u0117, sukurianti tobul\u0105 aplink\u0105 viskam, k\u0105 norite tur\u0117ti po ranka. Jos modernus, sant\u016brus dizainas puikiai papildys j\u016bs\u0173 nam\u0173 biuro, svetain\u0117s ar jaunimo kambario estetik\u0105. Sukurta galvojant apie maksimal\u0173 funkcionalum\u0105, \u201eFlexi FLXR01\u201c pasi\u017eymi eleganti\u0161ka, minimalistine i\u0161vaizda, kuri\u0105 pabr\u0117\u017eia Alpi\u0173 balta spalva ir sistema be ranken\u0117li\u0173, suteikianti subtil\u0173, modern\u0173 akcent\u0105. Apval\u016bs stal\u010di\u0173 \u0161onai ne tik suteikia jai vizualiai lengvumo poj\u016bt\u012f, bet ir u\u017etikrina saugum\u0105 naudoti net ir \u017eaid\u017eiant ma\u017eiems vaikams. Knyg\u0173 lentynos matmenys (plotis: 52 cm, auk\u0161tis: 193,4 cm, gylis: 41,6 cm) daro j\u0105 puikiu pasirinkimu tiems, kurie vertina optimal\u0173 erdv\u0117s i\u0161naudojim\u0105. Pagaminta i\u0161 laminuotos med\u017eio dro\u017eli\u0173 plok\u0161t\u0117s ir MDF, lentyna yra labai atspari kasdieniam d\u0117v\u0117jimuisi. Lengvai valomas pavir\u0161ius, atsparumas dr\u0117gmei ir auk\u0161tai temperat\u016brai daro j\u0105 idealiai tinkan\u010di\u0105 bet kokiai nam\u0173 aplinkai.<\/p>","protected":false},"excerpt":{"rendered":"<p>Plotis (cm): 52<br \/>\n\u016agis (cm): 193,4<br \/>\nGylis (cm): 41,6<\/p>","protected":false},"featured_media":163399,"comment_status":"open","ping_status":"open","template":"","meta":[],"product_brand":[],"product_cat":[9480,4107,1987],"product_tag":[],"class_list":{"0":"post-163398","1":"product","2":"type-product","3":"status-publish","4":"has-post-thumbnail","6":"product_cat-furniture-system-flexi-wojcik-meble","7":"product_cat-meble-wojcik","8":"product_cat-shelving-units","10":"first","11":"instock","12":"purchasable","13":"product-type-simple"},"_links":{"self":[{"href":"https:\/\/baldumarket.lt\/lt\/wp-json\/wp\/v2\/product\/163398","targetHints":{"allow":["GET"]}}],"collection":[{"href":"https:\/\/baldumarket.lt\/lt\/wp-json\/wp\/v2\/product"}],"about":[{"href":"https:\/\/baldumarket.lt\/lt\/wp-json\/wp\/v2\/types\/product"}],"replies":[{"embeddable":true,"href":"https:\/\/baldumarket.lt\/lt\/wp-json\/wp\/v2\/comments?post=163398"}],"wp:featuredmedia":[{"embeddable":true,"href":"https:\/\/baldumarket.lt\/lt\/wp-json\/wp\/v2\/media\/163399"}],"wp:attachment":[{"href":"https:\/\/baldumarket.lt\/lt\/wp-json\/wp\/v2\/media?parent=163398"}],"wp:term":[{"taxonomy":"product_brand","embeddable":true,"href":"https:\/\/baldumarket.lt\/lt\/wp-json\/wp\/v2\/product_brand?post=163398"},{"taxonomy":"product_cat","embeddable":true,"href":"https:\/\/baldumarket.lt\/lt\/wp-json\/wp\/v2\/product_cat?post=163398"},{"taxonomy":"product_tag","embeddable":true,"href":"https:\/\/baldumarket.lt\/lt\/wp-json\/wp\/v2\/product_tag?post=163398"}],"curies":[{"name":"wp","href":"https:\/\/api.w.org\/{rel}","templated":true}]}}