{"id":163392,"date":"2025-12-19T12:47:00","date_gmt":"2025-12-19T09:47:00","guid":{"rendered":"https:\/\/baldumarket.lt\/product\/flexi-flxs02-szafa-2d1s-biala-szara\/"},"modified":"2026-04-06T19:19:24","modified_gmt":"2026-04-06T16:19:24","slug":"flexi-flxs02-szafa-2d1s-biala-szara","status":"publish","type":"product","link":"https:\/\/baldumarket.lt\/lt\/product\/flexi-flxs02-szafa-2d1s-biala-szara\/","title":{"rendered":"Flexi FLXS02 \u2013 Drabu\u017ein\u0117 2D1S balta\/pilka"},"content":{"rendered":"<p>Pristatome Jums flagman\u0105 \u2013 nam\u0173 erdv\u0117ms skirt\u0105 bald\u0105 \u2013 \u201eFlexi FLXS02 2D1S\u201c spint\u0105, kurios atspalvis \u2013 nekaltai baltas, ir kuri s\u0117kmingai patenkins visus J\u016bs\u0173 drabu\u017ei\u0173 laikymo poreikius. D\u0117l ideali\u0173 matmen\u0173 (plotis: 84 cm, auk\u0161tis: 193,4 cm, gylis: 59,6 cm) ji lengvai randa viet\u0105 miegamajame, persirengimo kambaryje ar prie\u0161kambaryje. \u0160io eleganti\u0161ko sprendimo vidus garantuoja maksimal\u0173 funkcionalum\u0105 ir estetik\u0105. Spintos ilgaam\u017ei\u0161kum\u0105 garantuoja auk\u0161\u010diausios kokyb\u0117s med\u017eiagos: laminuotos med\u017eio dro\u017eli\u0173 plok\u0161t\u0117s korpusas ir fasadai, dekoruoti MDF plok\u0161t\u0117mis, padengtomis PVC pl\u0117vele, kurios ne tik u\u017etikrina ilgalaik\u012f naudojim\u0105, bet ir palengvina valym\u0105. Modernus dizainas pasi\u017eymi paprasta, ta\u010diau rafinuota forma, kuriai b\u016bdingas minimalizmas ir elegancija. Funkcionaliame spintos interjere yra \u0161e\u0161ios atskiros dalys ir prakti\u0161ka drabu\u017ei\u0173 pakaba, leid\u017eianti patogiai susisteminti turin\u012f ir greitai bei lengvai pasiekti reikiamus daiktus. Pilno i\u0161traukimo stal\u010diai ant patvari\u0173 rutulini\u0173 guoli\u0173 b\u0117geli\u0173 palengvina prieig\u0105 prie ma\u017eesni\u0173 daikt\u0173 ar aksesuar\u0173, pabr\u0117\u017edami baldo prakti\u0161kum\u0105. \u0160i i\u0161mani sistema paver\u010dia spint\u0105 i\u0161skirtinai prakti\u0161ku ir geid\u017eiamu bet kokio interjero papildymu.<\/p>","protected":false},"excerpt":{"rendered":"<p>Plotis (cm): 84<br \/>\n\u016agis (cm): 193,4<br \/>\nGylis (cm): 59,6<\/p>","protected":false},"featured_media":163393,"comment_status":"open","ping_status":"open","template":"","meta":[],"product_brand":[],"product_cat":[9480,4107,1177],"product_tag":[],"class_list":{"0":"post-163392","1":"product","2":"type-product","3":"status-publish","4":"has-post-thumbnail","6":"product_cat-furniture-system-flexi-wojcik-meble","7":"product_cat-meble-wojcik","8":"product_cat-wardrobes","10":"first","11":"instock","12":"purchasable","13":"product-type-simple"},"_links":{"self":[{"href":"https:\/\/baldumarket.lt\/lt\/wp-json\/wp\/v2\/product\/163392","targetHints":{"allow":["GET"]}}],"collection":[{"href":"https:\/\/baldumarket.lt\/lt\/wp-json\/wp\/v2\/product"}],"about":[{"href":"https:\/\/baldumarket.lt\/lt\/wp-json\/wp\/v2\/types\/product"}],"replies":[{"embeddable":true,"href":"https:\/\/baldumarket.lt\/lt\/wp-json\/wp\/v2\/comments?post=163392"}],"wp:featuredmedia":[{"embeddable":true,"href":"https:\/\/baldumarket.lt\/lt\/wp-json\/wp\/v2\/media\/163393"}],"wp:attachment":[{"href":"https:\/\/baldumarket.lt\/lt\/wp-json\/wp\/v2\/media?parent=163392"}],"wp:term":[{"taxonomy":"product_brand","embeddable":true,"href":"https:\/\/baldumarket.lt\/lt\/wp-json\/wp\/v2\/product_brand?post=163392"},{"taxonomy":"product_cat","embeddable":true,"href":"https:\/\/baldumarket.lt\/lt\/wp-json\/wp\/v2\/product_cat?post=163392"},{"taxonomy":"product_tag","embeddable":true,"href":"https:\/\/baldumarket.lt\/lt\/wp-json\/wp\/v2\/product_tag?post=163392"}],"curies":[{"name":"wp","href":"https:\/\/api.w.org\/{rel}","templated":true}]}}