{"id":163387,"date":"2025-12-19T12:46:50","date_gmt":"2025-12-19T09:46:50","guid":{"rendered":"https:\/\/baldumarket.lt\/product\/denim-deib01-biurko-3s-orzech-rockford-jasny-cashmere-caroline\/"},"modified":"2026-04-06T18:44:26","modified_gmt":"2026-04-06T15:44:26","slug":"denim-deib01-biurko-3s-orzech-rockford-jasny-cashmere-caroline","status":"publish","type":"product","link":"https:\/\/baldumarket.lt\/lt\/product\/denim-deib01-biurko-3s-orzech-rockford-jasny-cashmere-caroline\/","title":{"rendered":"DENIM DEIB01 \u2013 3S ra\u0161omasis stalas \u201eRockford\u201c \u0161viesaus rie\u0161uto\/ka\u0161myro\/karolinos spalvos"},"content":{"rendered":"<p>Sukurtas estetams, vertinantiems elegancij\u0105 ir prakti\u0161kum\u0105, \u201eDenim DEIB01 \u2013 3S\u201c ra\u0161omasis stalas derina rafinuot\u0105 paprastum\u0105 ir funkcionalum\u0105. Puikiai tinka vaiko kambariui, paauglio kambariui ar net nam\u0173 biurui. Pa\u017ei\u016br\u0117kite, koks stilingas gali b\u016bti j\u016bs\u0173 darbo vietos organizavimas! Sukurtas atkreipiant d\u0117mes\u012f \u012f detales, o tai akivaizdu ir pasirinktose med\u017eiagose. \u201eDenim\u201c stalo pagrind\u0105 sudaro patvari ir lengvai pri\u017ei\u016brima laminuota plok\u0161t\u0117, atspari kasdieniam naudojimui. \u0160viesaus \u201eRockford Walnut\u201c, \u201eCashmere\u201c ir \u201eCaroline\u201c spalv\u0173 balansas suteikia stal\u010di\u0173 fasadams subtili\u0105 \u0161ilum\u0105, nepakenkiant moderniam baldo charakteriui. Stalo plotis yra 120 cm, auk\u0161tis 75 cm, o gylis \u2013 60 cm, tod\u0117l darbo vieta yra patogi. Auk\u0161tos kokyb\u0117s laminuota med\u017eio dro\u017eli\u0173 plok\u0161t\u0117 garantuoja tvirt\u0105 konstrukcij\u0105. Eleganti\u0161kos odin\u0117s rankenos suteikia auk\u0161\u010diausios kokyb\u0117s apdail\u0105, u\u017etikrina nesenstan\u010di\u0105 i\u0161vaizd\u0105 ir paprast\u0105 naudojim\u0105.<\/p>","protected":false},"excerpt":{"rendered":"<p>Plotis (cm): 120<br \/>\n\u016agis (cm): 75<br \/>\nGylis (cm): 60<\/p>","protected":false},"featured_media":163388,"comment_status":"open","ping_status":"open","template":"","meta":[],"product_brand":[],"product_cat":[9478,1312,4107],"product_tag":[],"class_list":{"0":"post-163387","1":"product","2":"type-product","3":"status-publish","4":"has-post-thumbnail","6":"product_cat-furniture-system-denim-wojcik-meble","7":"product_cat-desks","8":"product_cat-meble-wojcik","10":"first","11":"instock","12":"purchasable","13":"product-type-simple"},"_links":{"self":[{"href":"https:\/\/baldumarket.lt\/lt\/wp-json\/wp\/v2\/product\/163387","targetHints":{"allow":["GET"]}}],"collection":[{"href":"https:\/\/baldumarket.lt\/lt\/wp-json\/wp\/v2\/product"}],"about":[{"href":"https:\/\/baldumarket.lt\/lt\/wp-json\/wp\/v2\/types\/product"}],"replies":[{"embeddable":true,"href":"https:\/\/baldumarket.lt\/lt\/wp-json\/wp\/v2\/comments?post=163387"}],"wp:featuredmedia":[{"embeddable":true,"href":"https:\/\/baldumarket.lt\/lt\/wp-json\/wp\/v2\/media\/163388"}],"wp:attachment":[{"href":"https:\/\/baldumarket.lt\/lt\/wp-json\/wp\/v2\/media?parent=163387"}],"wp:term":[{"taxonomy":"product_brand","embeddable":true,"href":"https:\/\/baldumarket.lt\/lt\/wp-json\/wp\/v2\/product_brand?post=163387"},{"taxonomy":"product_cat","embeddable":true,"href":"https:\/\/baldumarket.lt\/lt\/wp-json\/wp\/v2\/product_cat?post=163387"},{"taxonomy":"product_tag","embeddable":true,"href":"https:\/\/baldumarket.lt\/lt\/wp-json\/wp\/v2\/product_tag?post=163387"}],"curies":[{"name":"wp","href":"https:\/\/api.w.org\/{rel}","templated":true}]}}