{"id":163382,"date":"2025-12-19T12:46:40","date_gmt":"2025-12-19T09:46:40","guid":{"rendered":"https:\/\/baldumarket.lt\/product\/denim-deir01-regal-2s-orzech-rockford-jasny-cashmere-caroline\/"},"modified":"2026-04-06T18:44:26","modified_gmt":"2026-04-06T15:44:26","slug":"denim-deir01-regal-2s-orzech-rockford-jasny-cashmere-caroline","status":"publish","type":"product","link":"https:\/\/baldumarket.lt\/lt\/product\/denim-deir01-regal-2s-orzech-rockford-jasny-cashmere-caroline\/","title":{"rendered":"DENIM DEIR01 \u2013 2S lentyn\u0117l\u0117 \u201eRockford\u201c \u0161viesaus rie\u0161uto\/ka\u0161myro\/karolinos spalvos"},"content":{"rendered":"<p>Pristatome unikali\u0105 \u201eDenim DEIR01\u201c knyg\u0173 lentyn\u0105 i\u0161 kolekcijos, kuri puikiai tiks bet kurioje jaunimo ar vaik\u0173 erdv\u0117je. Ji suteikia interjerui modernumo ir unikalaus stiliaus, kartu b\u016bdama i\u0161skirtinai funkcionaliu baldu. \u0160i knyg\u0173 lentyna \u2013 puiki investicija \u012f j\u016bs\u0173 vaiko kambario estetik\u0105 ir tvark\u0105. \u201eDenim DEIR01\u201c knyg\u0173 lentynos plotis \u2013 58,2 cm, auk\u0161tis \u2013 205,7 cm, o gylis \u2013 40 cm, tod\u0117l erdv\u0117 i\u0161naudojama optimaliai. Ji pagaminta i\u0161 auk\u0161tos kokyb\u0117s laminuotos plok\u0161t\u0117s, atsparios kasdieniam d\u0117v\u0117jimuisi, \u012fbr\u0117\u017eimams ir dr\u0117gmei, tuo pa\u010diu i\u0161laikant nat\u016brali\u0105 rie\u0161utmed\u017eio i\u0161vaizd\u0105 \u0161viesiame Rokfordo atspalvyje, kuris suteikia kambariui \u0161ilumos ir harmonijos. Knyg\u0173 lentynos estetika derina klasikin\u0119 elegancij\u0105 su moderniu akcentu. \u201eCashmere\u201c ir \u201eCaroline\u201c spalvos sukuria subtil\u0173 kontrast\u0105 su \u0161iltu rie\u0161utmed\u017eio atspalviu, suteikdamos baldui i\u0161skirtin\u0119 i\u0161vaizd\u0105. Nat\u016bralios odos rankenos yra ne tik dekoratyvios, bet ir prakti\u0161kos, tod\u0117l baldu lengviau naudotis kasdien.<\/p>","protected":false},"excerpt":{"rendered":"<p>Plotis (cm): 58,2<br \/>\n\u016agis (cm): 205,7<br \/>\nGylis (cm): 40<\/p>","protected":false},"featured_media":163383,"comment_status":"open","ping_status":"open","template":"","meta":[],"product_brand":[],"product_cat":[9478,4107,1987],"product_tag":[],"class_list":{"0":"post-163382","1":"product","2":"type-product","3":"status-publish","4":"has-post-thumbnail","6":"product_cat-furniture-system-denim-wojcik-meble","7":"product_cat-meble-wojcik","8":"product_cat-shelving-units","10":"first","11":"instock","12":"purchasable","13":"product-type-simple"},"_links":{"self":[{"href":"https:\/\/baldumarket.lt\/lt\/wp-json\/wp\/v2\/product\/163382","targetHints":{"allow":["GET"]}}],"collection":[{"href":"https:\/\/baldumarket.lt\/lt\/wp-json\/wp\/v2\/product"}],"about":[{"href":"https:\/\/baldumarket.lt\/lt\/wp-json\/wp\/v2\/types\/product"}],"replies":[{"embeddable":true,"href":"https:\/\/baldumarket.lt\/lt\/wp-json\/wp\/v2\/comments?post=163382"}],"wp:featuredmedia":[{"embeddable":true,"href":"https:\/\/baldumarket.lt\/lt\/wp-json\/wp\/v2\/media\/163383"}],"wp:attachment":[{"href":"https:\/\/baldumarket.lt\/lt\/wp-json\/wp\/v2\/media?parent=163382"}],"wp:term":[{"taxonomy":"product_brand","embeddable":true,"href":"https:\/\/baldumarket.lt\/lt\/wp-json\/wp\/v2\/product_brand?post=163382"},{"taxonomy":"product_cat","embeddable":true,"href":"https:\/\/baldumarket.lt\/lt\/wp-json\/wp\/v2\/product_cat?post=163382"},{"taxonomy":"product_tag","embeddable":true,"href":"https:\/\/baldumarket.lt\/lt\/wp-json\/wp\/v2\/product_tag?post=163382"}],"curies":[{"name":"wp","href":"https:\/\/api.w.org\/{rel}","templated":true}]}}