{"id":163377,"date":"2025-12-19T12:46:30","date_gmt":"2025-12-19T09:46:30","guid":{"rendered":"https:\/\/baldumarket.lt\/product\/denim-deis03-szafa-2d2s-orzech-rockford-jasny-cashmere-caroline\/"},"modified":"2026-04-06T18:44:26","modified_gmt":"2026-04-06T15:44:26","slug":"denim-deis03-szafa-2d2s-orzech-rockford-jasny-cashmere-caroline","status":"publish","type":"product","link":"https:\/\/baldumarket.lt\/lt\/product\/denim-deis03-szafa-2d2s-orzech-rockford-jasny-cashmere-caroline\/","title":{"rendered":"DENIM DEIS03 \u2013 Drabu\u017ein\u0117 2D2S Rokfordo \u0161viesaus rie\u0161uto\/ka\u0161myro\/karolinos spalvos"},"content":{"rendered":"<p>Sukurta galvojant apie visapusi\u0161k\u0105 jaunimo erdvi\u0173 organizavim\u0105, 2D2S Denim DEIS03 spinta \u0161viesaus Rockford rie\u0161uto\/ka\u0161myro\/karolinos spalvos yra eleganti\u0161kas, ta\u010diau labai funkcionalus \u201eDenim\u201c bald\u0173 kolekcijos papildymas. Kruop\u0161\u010diai parinktas 94,5 cm plotis, 205,7 cm auk\u0161tis ir 60 cm gylis leid\u017eia efektyviai i\u0161naudoti erdv\u0119 ir laikyti \u012fvairius daiktus. \u0160is baldas pagamintas i\u0161 auk\u0161tos kokyb\u0117s laminuotos plok\u0161t\u0117s, u\u017etikrinan\u010dios ilgalaik\u012f naudojim\u0105 be pa\u017eeidim\u0173 ar \u012fbr\u0117\u017eim\u0173 rizikos. Visa tai i\u0161laikant nat\u016brali\u0105, \u0161ilt\u0105 spalv\u0105, kuri puikiai atspindi \u0161viesaus Rockford rie\u0161uto spalv\u0105 ir dera su subtiliais Ka\u0161myro ir Karolinos atspalviais. Modernus spintos stilius eleganti\u0161kai derina nesenstant\u012f med\u017eio gro\u017e\u012f su \u0161iuolaikinio dizaino prisilietimu. Spintos korpusas ir priekis pagaminti i\u0161 laminuotos med\u017eio dro\u017eli\u0173 plok\u0161t\u0117s, o tai padidina \u0161io baldo patvarum\u0105 ir estetik\u0105. Odin\u0117s rankenos ne tik palengvina kasdien\u012f naudojim\u0105, bet ir suteikia rafinuotumo, pakeldamos bendr\u0105 dekor\u0105.<\/p>","protected":false},"excerpt":{"rendered":"<p>Plotis (cm): 94,5<br \/>\n\u016agis (cm): 205,7<br \/>\nGylis (cm): 60<\/p>","protected":false},"featured_media":163378,"comment_status":"open","ping_status":"open","template":"","meta":[],"product_brand":[],"product_cat":[9478,4107,1177],"product_tag":[],"class_list":{"0":"post-163377","1":"product","2":"type-product","3":"status-publish","4":"has-post-thumbnail","6":"product_cat-furniture-system-denim-wojcik-meble","7":"product_cat-meble-wojcik","8":"product_cat-wardrobes","10":"first","11":"instock","12":"purchasable","13":"product-type-simple"},"_links":{"self":[{"href":"https:\/\/baldumarket.lt\/lt\/wp-json\/wp\/v2\/product\/163377","targetHints":{"allow":["GET"]}}],"collection":[{"href":"https:\/\/baldumarket.lt\/lt\/wp-json\/wp\/v2\/product"}],"about":[{"href":"https:\/\/baldumarket.lt\/lt\/wp-json\/wp\/v2\/types\/product"}],"replies":[{"embeddable":true,"href":"https:\/\/baldumarket.lt\/lt\/wp-json\/wp\/v2\/comments?post=163377"}],"wp:featuredmedia":[{"embeddable":true,"href":"https:\/\/baldumarket.lt\/lt\/wp-json\/wp\/v2\/media\/163378"}],"wp:attachment":[{"href":"https:\/\/baldumarket.lt\/lt\/wp-json\/wp\/v2\/media?parent=163377"}],"wp:term":[{"taxonomy":"product_brand","embeddable":true,"href":"https:\/\/baldumarket.lt\/lt\/wp-json\/wp\/v2\/product_brand?post=163377"},{"taxonomy":"product_cat","embeddable":true,"href":"https:\/\/baldumarket.lt\/lt\/wp-json\/wp\/v2\/product_cat?post=163377"},{"taxonomy":"product_tag","embeddable":true,"href":"https:\/\/baldumarket.lt\/lt\/wp-json\/wp\/v2\/product_tag?post=163377"}],"curies":[{"name":"wp","href":"https:\/\/api.w.org\/{rel}","templated":true}]}}