{"id":163367,"date":"2025-12-19T12:46:11","date_gmt":"2025-12-19T09:46:11","guid":{"rendered":"https:\/\/baldumarket.lt\/product\/denim-deiz02-lozko-120-1s-orzech-rockford-jasny-cashmere-caroline\/"},"modified":"2026-04-06T18:44:26","modified_gmt":"2026-04-06T15:44:26","slug":"denim-deiz02-lozko-120-1s-orzech-rockford-jasny-cashmere-caroline","status":"publish","type":"product","link":"https:\/\/baldumarket.lt\/lt\/product\/denim-deiz02-lozko-120-1s-orzech-rockford-jasny-cashmere-caroline\/","title":{"rendered":"DENIM DEIZ02 \u2013 Lova 120 1S Rockford \u0161viesaus rie\u0161uto\/ka\u0161myro\/karolinos spalvos"},"content":{"rendered":"<p>Sukurta galvojant apie komfort\u0105 ir modern\u0173 stili\u0173, \u201eDenim DEIZ02\u201c lova derina funkcionalum\u0105 ir elegancij\u0105, puikiai atitikdama \u0161iuolaikinio interjero dizaino poreikius. Ak\u012f traukiantis atspalvi\u0173 derinys \u2013 \u0161ilta \u0161viesaus \u201eRockford Walnut\u201c, subtili ka\u0161myro ir \u0161velnios \u201eCaroline\u201c \u2013 suteikia \u0161iam baldui unikal\u0173 charakter\u012f, kuris papildys bet kur\u012f jaunimo ar suaugusi\u0173j\u0173 kambar\u012f. 125,3 cm plo\u010dio, 81,1 cm auk\u0161\u010dio ir 204,9 cm gylio lova buvo sukurta atsi\u017evelgiant \u012f vartotoj\u0173, ie\u0161kan\u010di\u0173 patogios ir erdvios miegojimo vietos, poreikius. I\u0161laikydama kompakti\u0161k\u0105 form\u0105, \u201eDenim DEIZ02\u201c si\u016blo viet\u0105 120 cm plo\u010dio \u010diu\u017einiui, puikiai tinkan\u010diam vienam asmeniui, vertinan\u010diam komfort\u0105. \u0160ios kategorijos gaminiai pagaminti i\u0161 auk\u0161tos kokyb\u0117s laminuotos plok\u0161t\u0117s \u2013 med\u017eiagos, gars\u0117jan\u010dios savo patvarumu ir lengva prie\u017ei\u016bra. Tvirt\u0105 konstrukcij\u0105 u\u017etikrina laminuotos med\u017eio dro\u017eli\u0173 plok\u0161t\u0117s naudojimas korpusui ir priekiams. Visa tai paver\u010dia \u201eDenim DEIZ02\u201c lov\u0105 ilgamete investicija, atsparia mechaniniams pa\u017eeidimams ir kasdieniam naudojimui.<\/p>","protected":false},"excerpt":{"rendered":"<p>Plotis (cm): 125,3<br \/>\n\u016agis (cm): 81,1<br \/>\nGylis (cm): 204,9<\/p>","protected":false},"featured_media":163368,"comment_status":"open","ping_status":"open","template":"","meta":[],"product_brand":[],"product_cat":[9478,505,4107],"product_tag":[],"class_list":{"0":"post-163367","1":"product","2":"type-product","3":"status-publish","4":"has-post-thumbnail","6":"product_cat-furniture-system-denim-wojcik-meble","7":"product_cat-bedroom-beds","8":"product_cat-meble-wojcik","10":"first","11":"instock","12":"purchasable","13":"product-type-simple"},"_links":{"self":[{"href":"https:\/\/baldumarket.lt\/lt\/wp-json\/wp\/v2\/product\/163367","targetHints":{"allow":["GET"]}}],"collection":[{"href":"https:\/\/baldumarket.lt\/lt\/wp-json\/wp\/v2\/product"}],"about":[{"href":"https:\/\/baldumarket.lt\/lt\/wp-json\/wp\/v2\/types\/product"}],"replies":[{"embeddable":true,"href":"https:\/\/baldumarket.lt\/lt\/wp-json\/wp\/v2\/comments?post=163367"}],"wp:featuredmedia":[{"embeddable":true,"href":"https:\/\/baldumarket.lt\/lt\/wp-json\/wp\/v2\/media\/163368"}],"wp:attachment":[{"href":"https:\/\/baldumarket.lt\/lt\/wp-json\/wp\/v2\/media?parent=163367"}],"wp:term":[{"taxonomy":"product_brand","embeddable":true,"href":"https:\/\/baldumarket.lt\/lt\/wp-json\/wp\/v2\/product_brand?post=163367"},{"taxonomy":"product_cat","embeddable":true,"href":"https:\/\/baldumarket.lt\/lt\/wp-json\/wp\/v2\/product_cat?post=163367"},{"taxonomy":"product_tag","embeddable":true,"href":"https:\/\/baldumarket.lt\/lt\/wp-json\/wp\/v2\/product_tag?post=163367"}],"curies":[{"name":"wp","href":"https:\/\/api.w.org\/{rel}","templated":true}]}}