{"id":163361,"date":"2025-12-19T12:45:58","date_gmt":"2025-12-19T09:45:58","guid":{"rendered":"https:\/\/baldumarket.lt\/product\/denim-deiz01-lozko-90-1s-orzech-rockford-jasny-cashmere-caroline\/"},"modified":"2026-04-06T18:44:26","modified_gmt":"2026-04-06T15:44:26","slug":"denim-deiz01-lozko-90-1s-orzech-rockford-jasny-cashmere-caroline","status":"publish","type":"product","link":"https:\/\/baldumarket.lt\/lt\/product\/denim-deiz01-lozko-90-1s-orzech-rockford-jasny-cashmere-caroline\/","title":{"rendered":"DENIM DEIZ01 \u2013 Lova 90 1S Rockford \u0161viesaus rie\u0161uto\/ka\u0161myro\/karolinos spalvos"},"content":{"rendered":"<p>Atraskite unikali\u0105 stiliaus ir funkcionalumo harmonij\u0105, leid\u017eian\u010di\u0105 sukurti erdv\u0119, kuri puikiai atspind\u0117t\u0173 modern\u0173 skon\u012f. \u201eDenim DEIZ01\u201c viengul\u0117 lova i\u0161siskiria i\u0161skirtin\u0117mis dizaino linijomis ir puikiomis funkcin\u0117mis savyb\u0117mis. \u0160i lova, kurioje derinamas patogus poilsis ir minimalistinis gro\u017eis, yra bet kurio vaik\u0173 ar jaunimo kambario \u0161irdis. Lovos unikalum\u0105 pabr\u0117\u017eia trys spalvos: \u0161iltas \u0161viesaus Rockford rie\u0161uto atspalvis, prislopinta ka\u0161myro ir subtili Caroline. Kartu jos sukuria derin\u012f, kupin\u0105 grak\u0161tumo ir subtilaus \u017eavesio. Tvirta laminuotos plok\u0161t\u0117s konstrukcija garantuoja ilgaam\u017ei\u0161kum\u0105 ir atsparum\u0105 kasdieniam d\u0117v\u0117jimuisi, i\u0161laikant estetin\u012f patrauklum\u0105 net ir po daugelio naudojimo met\u0173. Laminuotos med\u017eio dro\u017eli\u0173 plok\u0161t\u0117s naudojimas lovos r\u0117me ir priekyje garantuoja auk\u0161t\u0105 kokyb\u0119 ir lengv\u0105 valym\u0105. \u0160is med\u017eiag\u0173 derinys ne tik atrodo esteti\u0161kai, bet ir suteikia tvirt\u0105 pagrind\u0105 bet kokiai bald\u0173 konstrukcijai.<\/p>","protected":false},"excerpt":{"rendered":"<p>Plotis (cm): 95,3<br \/>\n\u016agis (cm): 81,1<br \/>\nGylis (cm): 204,9<\/p>","protected":false},"featured_media":163362,"comment_status":"open","ping_status":"open","template":"","meta":[],"product_brand":[],"product_cat":[9478,505,4107],"product_tag":[],"class_list":{"0":"post-163361","1":"product","2":"type-product","3":"status-publish","4":"has-post-thumbnail","6":"product_cat-furniture-system-denim-wojcik-meble","7":"product_cat-bedroom-beds","8":"product_cat-meble-wojcik","10":"first","11":"instock","12":"purchasable","13":"product-type-simple"},"_links":{"self":[{"href":"https:\/\/baldumarket.lt\/lt\/wp-json\/wp\/v2\/product\/163361","targetHints":{"allow":["GET"]}}],"collection":[{"href":"https:\/\/baldumarket.lt\/lt\/wp-json\/wp\/v2\/product"}],"about":[{"href":"https:\/\/baldumarket.lt\/lt\/wp-json\/wp\/v2\/types\/product"}],"replies":[{"embeddable":true,"href":"https:\/\/baldumarket.lt\/lt\/wp-json\/wp\/v2\/comments?post=163361"}],"wp:featuredmedia":[{"embeddable":true,"href":"https:\/\/baldumarket.lt\/lt\/wp-json\/wp\/v2\/media\/163362"}],"wp:attachment":[{"href":"https:\/\/baldumarket.lt\/lt\/wp-json\/wp\/v2\/media?parent=163361"}],"wp:term":[{"taxonomy":"product_brand","embeddable":true,"href":"https:\/\/baldumarket.lt\/lt\/wp-json\/wp\/v2\/product_brand?post=163361"},{"taxonomy":"product_cat","embeddable":true,"href":"https:\/\/baldumarket.lt\/lt\/wp-json\/wp\/v2\/product_cat?post=163361"},{"taxonomy":"product_tag","embeddable":true,"href":"https:\/\/baldumarket.lt\/lt\/wp-json\/wp\/v2\/product_tag?post=163361"}],"curies":[{"name":"wp","href":"https:\/\/api.w.org\/{rel}","templated":true}]}}