{"id":163349,"date":"2025-12-19T12:45:35","date_gmt":"2025-12-19T09:45:35","guid":{"rendered":"https:\/\/baldumarket.lt\/product\/cortina-cnag04-panel-wieszak-dab-grandson\/"},"modified":"2026-04-06T18:44:17","modified_gmt":"2026-04-06T15:44:17","slug":"cortina-cnag04-panel-wieszak-dab-grandson","status":"publish","type":"product","link":"https:\/\/baldumarket.lt\/lt\/product\/cortina-cnag04-panel-wieszak-dab-grandson\/","title":{"rendered":"Cortina CNAG04 \u2013 \u201eGrandson Oak\u201c pakabos panel\u0117"},"content":{"rendered":"<p>Pristatome unikali\u0105 \u201eCortina CNAG04\u201c plok\u0161t\u0119 \u201eGrandson Oak\u201c spalvos, kurioje dera funkcionalumas ir modernus dizainas. Nat\u016brali jos spalva puikiai dera su \u012fvairiais interjerais, o tvirta konstrukcija garantuoja ilgalaik\u012f naudojim\u0105. \u0160is baldas puikiai tiks j\u016bs\u0173 namuose, pasi\u017eym\u0117damas nepakei\u010diamu funkcionalumu ir i\u0161skirtine estetika. Plok\u0161t\u0117s plotis \u2013 92,8 cm, auk\u0161tis \u2013 101 cm, o gylis \u2013 32,5 cm, tod\u0117l ji idealiai tinka tiek ma\u017eesn\u0117ms, tiek didesn\u0117ms erdv\u0117ms. Lentyn\u0173 konstrukcija sukuria stabil\u0173 pagrind\u0105, ant kurio galite saugiai laikyti \u012fvairius daiktus \u2013 nuo drabu\u017ei\u0173 iki aksesuar\u0173 ir dekoracij\u0173. Auk\u0161tos kokyb\u0117s med\u017eiagos, tokios kaip laminuota plok\u0161t\u0117 ir MDF, i\u0161 kuri\u0173 pagaminta \u201eCortina\u201c plok\u0161t\u0117, u\u017etikrina patvarum\u0105 kasdieniam naudojimui. Laminuotas pavir\u0161ius yra ne tik patvarus, bet ir lengvai valomas \u2013 tai svarbus bet kokio nam\u0173 apstatymo elementas. MDF savo ruo\u017etu garantuoja atsparum\u0105 mechaniniams pa\u017eeidimams.<\/p>","protected":false},"excerpt":{"rendered":"<p>Plotis (cm): 92,8<br \/>\n\u016agis (cm): 101<br \/>\nGylis (cm): 32,5<\/p>","protected":false},"featured_media":163350,"comment_status":"open","ping_status":"open","template":"","meta":[],"product_brand":[],"product_cat":[9477,1931,4107],"product_tag":[],"class_list":{"0":"post-163349","1":"product","2":"type-product","3":"status-publish","4":"has-post-thumbnail","6":"product_cat-furniture-system-cortina-wojcik-meble","7":"product_cat-hangers","8":"product_cat-meble-wojcik","10":"first","11":"instock","12":"purchasable","13":"product-type-simple"},"_links":{"self":[{"href":"https:\/\/baldumarket.lt\/lt\/wp-json\/wp\/v2\/product\/163349","targetHints":{"allow":["GET"]}}],"collection":[{"href":"https:\/\/baldumarket.lt\/lt\/wp-json\/wp\/v2\/product"}],"about":[{"href":"https:\/\/baldumarket.lt\/lt\/wp-json\/wp\/v2\/types\/product"}],"replies":[{"embeddable":true,"href":"https:\/\/baldumarket.lt\/lt\/wp-json\/wp\/v2\/comments?post=163349"}],"wp:featuredmedia":[{"embeddable":true,"href":"https:\/\/baldumarket.lt\/lt\/wp-json\/wp\/v2\/media\/163350"}],"wp:attachment":[{"href":"https:\/\/baldumarket.lt\/lt\/wp-json\/wp\/v2\/media?parent=163349"}],"wp:term":[{"taxonomy":"product_brand","embeddable":true,"href":"https:\/\/baldumarket.lt\/lt\/wp-json\/wp\/v2\/product_brand?post=163349"},{"taxonomy":"product_cat","embeddable":true,"href":"https:\/\/baldumarket.lt\/lt\/wp-json\/wp\/v2\/product_cat?post=163349"},{"taxonomy":"product_tag","embeddable":true,"href":"https:\/\/baldumarket.lt\/lt\/wp-json\/wp\/v2\/product_tag?post=163349"}],"curies":[{"name":"wp","href":"https:\/\/api.w.org\/{rel}","templated":true}]}}