{"id":163343,"date":"2025-12-19T12:45:22","date_gmt":"2025-12-19T09:45:22","guid":{"rendered":"https:\/\/baldumarket.lt\/product\/cortina-cnag01-komoda-na-obuwie-2d-dab-grandson\/"},"modified":"2026-04-06T18:44:17","modified_gmt":"2026-04-06T15:44:17","slug":"cortina-cnag01-komoda-na-obuwie-2d-dab-grandson","status":"publish","type":"product","link":"https:\/\/baldumarket.lt\/lt\/product\/cortina-cnag01-komoda-na-obuwie-2d-dab-grandson\/","title":{"rendered":"Cortina CNAG01 \u2013 2D bat\u0173 spintel\u0117 Grandson Oak spalvos"},"content":{"rendered":"<p>Atraskite unikali\u0105 \u201eCortina CNAG01\u201c bat\u0173 spintel\u0119, kuri d\u0117l savo \u012fsp\u016bdingos i\u0161vaizdos ir i\u0161skirtinio funkcionalumo \u012fne\u0161 harmonijos ir tvarkos \u012f j\u016bs\u0173 prie\u0161kambar\u012f. \u0160i eleganti\u0161ka spintel\u0117, kurios matmenys \u2013 92,8 cm plo\u010dio, 100,2 cm auk\u0161\u010dio ir 38 cm gylio, sukurta taip, kad patenkint\u0173 net ir i\u0161rankiausi\u0173 vartotoj\u0173 poreikius. \u012ekvepianti \u201eGrandson Oak\u201c spalva pasi\u017eymi \u0161iltu, nat\u016braliu atspalviu, kuris puikiai papildys \u012fvairius interjero stilius, suteikdamas jiems jauk\u0173, bet kartu ir modern\u0173 charakter\u012f. Pagaminta i\u0161 auk\u0161tos kokyb\u0117s laminuotos plok\u0161t\u0117s ir MDF, spintel\u0117 u\u017etikrina stabilum\u0105 ir ilgaam\u017ei\u0161kum\u0105 ilgus metus. Laminuotos med\u017eio dro\u017eli\u0173 plok\u0161t\u0117s korpusas ir MDF fasadai garantuoja patvarum\u0105 ir eleganti\u0161k\u0105 apdail\u0105. \u0160iuolaikin\u0117s metalin\u0117s ranken\u0117l\u0117s yra ne tik prakti\u0161kas spintel\u0117s elementas, bet ir madingas akcentas, pabr\u0117\u017eiantis unikal\u0173 jos stili\u0173. \u0160velnaus u\u017edarymo vyri\u0173 naudojimas yra tikra bald\u0173 naudojimo revoliucija, kaskart nustebinanti jus \u0161velnumu ir tikslumu, u\u017etikrinanti komfort\u0105 ir ramyb\u0119 j\u016bs\u0173 nam\u0173 privatume.<\/p>","protected":false},"excerpt":{"rendered":"<p>Plotis (cm): 92,8<br \/>\n\u016agis (cm): 100,2<br \/>\nGylis (cm): 38<\/p>","protected":false},"featured_media":163344,"comment_status":"open","ping_status":"open","template":"","meta":[],"product_brand":[],"product_cat":[9477,4107,1997],"product_tag":[],"class_list":{"0":"post-163343","1":"product","2":"type-product","3":"status-publish","4":"has-post-thumbnail","6":"product_cat-furniture-system-cortina-wojcik-meble","7":"product_cat-meble-wojcik","8":"product_cat-shoe-cabinets","10":"first","11":"instock","12":"purchasable","13":"product-type-simple"},"_links":{"self":[{"href":"https:\/\/baldumarket.lt\/lt\/wp-json\/wp\/v2\/product\/163343","targetHints":{"allow":["GET"]}}],"collection":[{"href":"https:\/\/baldumarket.lt\/lt\/wp-json\/wp\/v2\/product"}],"about":[{"href":"https:\/\/baldumarket.lt\/lt\/wp-json\/wp\/v2\/types\/product"}],"replies":[{"embeddable":true,"href":"https:\/\/baldumarket.lt\/lt\/wp-json\/wp\/v2\/comments?post=163343"}],"wp:featuredmedia":[{"embeddable":true,"href":"https:\/\/baldumarket.lt\/lt\/wp-json\/wp\/v2\/media\/163344"}],"wp:attachment":[{"href":"https:\/\/baldumarket.lt\/lt\/wp-json\/wp\/v2\/media?parent=163343"}],"wp:term":[{"taxonomy":"product_brand","embeddable":true,"href":"https:\/\/baldumarket.lt\/lt\/wp-json\/wp\/v2\/product_brand?post=163343"},{"taxonomy":"product_cat","embeddable":true,"href":"https:\/\/baldumarket.lt\/lt\/wp-json\/wp\/v2\/product_cat?post=163343"},{"taxonomy":"product_tag","embeddable":true,"href":"https:\/\/baldumarket.lt\/lt\/wp-json\/wp\/v2\/product_tag?post=163343"}],"curies":[{"name":"wp","href":"https:\/\/api.w.org\/{rel}","templated":true}]}}